{"id":9988,"date":"2024-11-13T15:56:54","date_gmt":"2024-11-13T18:56:54","guid":{"rendered":"https:\/\/infomacrio.com.br\/index.php\/produto\/cx-som-hoopson-rbm-021-bluetooth-c-microfone\/"},"modified":"2025-08-13T11:17:50","modified_gmt":"2025-08-13T14:17:50","slug":"cx-som-hoopson-rbm-021-bluetooth-c-microfone","status":"publish","type":"product","link":"https:\/\/infomacrio.com.br\/index.php\/produto\/cx-som-hoopson-rbm-021-bluetooth-c-microfone\/","title":{"rendered":"CX SOM HOOPSON RBM-021 BLUETOOTH C\/ MICROFONE"},"content":{"rendered":"<p>Display: Digital, Conex\u00f5es: Bluetooth, USB, TF card, FM, Auxiliar, R\u00e1dio FM, Pareamento duplo:: Conecte um celular com 2 RBM-020, Vers\u00e3o do Bluetooth: 5.0, Alcance do Bluetooth: at\u00e9 10 metros, Formatos compat\u00edveis: Mp3 e WAV, Ilumina\u00e7\u00e3o: LED RGB, Alto falantes: 8\u2033 x1, Pot\u00eancia RMS: 100w, Imped\u00e2ncia: 2.5 Omhs, Capacidade da Bateria: 1500mAh, Entrada: DC 3.7v, Frequ\u00eancia: 150- 18000MHz, Rela\u00e7\u00e3o sinal\/ru\u00eddo: &gt; 70dB, FM: 88-108MHz, Dimens\u00f5es: 242x197x380mm, Peso: 1.6kg, Conte\u00fado da caixa: Manual, caixa, controle remoto.<\/p>\n","protected":false},"excerpt":{"rendered":"<p>CX SOM HOOPSON RBM-021 BLUETOOTH C\/ MICROFONE<\/p>\n","protected":false},"featured_media":10348,"template":"","meta":{"om_disable_all_campaigns":false,"_monsterinsights_skip_tracking":false,"_monsterinsights_sitenote_active":false,"_monsterinsights_sitenote_note":"","_monsterinsights_sitenote_category":0},"product_brand":[],"product_cat":[337,296,336],"product_tag":[],"class_list":{"0":"post-9988","1":"product","2":"type-product","3":"status-publish","4":"has-post-thumbnail","6":"product_cat-caixa-de-som","7":"product_cat-informatica","8":"product_cat-som","9":"thunk-woo-product-list","10":"big-store-woo-hover-zoom","11":"open-single-product-tab-horizontal","12":"open-shadow-","13":"open-shadow-hover-","15":"first","16":"instock","17":"sale","18":"shipping-taxable","19":"purchasable","20":"product-type-simple"},"aioseo_notices":[],"_links":{"self":[{"href":"https:\/\/infomacrio.com.br\/index.php\/wp-json\/wp\/v2\/product\/9988","targetHints":{"allow":["GET"]}}],"collection":[{"href":"https:\/\/infomacrio.com.br\/index.php\/wp-json\/wp\/v2\/product"}],"about":[{"href":"https:\/\/infomacrio.com.br\/index.php\/wp-json\/wp\/v2\/types\/product"}],"wp:featuredmedia":[{"embeddable":true,"href":"https:\/\/infomacrio.com.br\/index.php\/wp-json\/wp\/v2\/media\/10348"}],"wp:attachment":[{"href":"https:\/\/infomacrio.com.br\/index.php\/wp-json\/wp\/v2\/media?parent=9988"}],"wp:term":[{"taxonomy":"product_brand","embeddable":true,"href":"https:\/\/infomacrio.com.br\/index.php\/wp-json\/wp\/v2\/product_brand?post=9988"},{"taxonomy":"product_cat","embeddable":true,"href":"https:\/\/infomacrio.com.br\/index.php\/wp-json\/wp\/v2\/product_cat?post=9988"},{"taxonomy":"product_tag","embeddable":true,"href":"https:\/\/infomacrio.com.br\/index.php\/wp-json\/wp\/v2\/product_tag?post=9988"}],"curies":[{"name":"wp","href":"https:\/\/api.w.org\/{rel}","templated":true}]}}