{"id":9907,"date":"2024-10-02T10:26:47","date_gmt":"2024-10-02T13:26:47","guid":{"rendered":"https:\/\/infomacrio.com.br\/index.php\/produto\/fonte-real-bluecase-blu500-dbaut-500w\/"},"modified":"2025-08-08T08:03:19","modified_gmt":"2025-08-08T11:03:19","slug":"fonte-real-bluecase-blu500-dbaut-500w","status":"publish","type":"product","link":"https:\/\/infomacrio.com.br\/index.php\/produto\/fonte-real-bluecase-blu500-dbaut-500w\/","title":{"rendered":"FONTE REAL BLUECASE BLU500-DBAUT 500W"},"content":{"rendered":"<p>A Bluecase BLU 500-E ATX \u00e9 uma fonte de alimenta\u00e7\u00e3o com grande rela\u00e7\u00e3o de custo-benef\u00edcio. Esta fonte atende \u00e0 m\u00e1quinas de configura\u00e7\u00e3o b\u00e1sica que necessitam de pouca pot\u00eancia.<\/p>\n<p><strong>Caracter\u00edsticas:<\/strong><\/p>\n<p>&#8211; Marca: Bluecase<\/p>\n<p>&#8211; Modelo: BLU500ECASE<\/p>\n<p><strong>Especifica\u00e7\u00f5es:<\/strong><\/p>\n<p>&#8211; Padr\u00e3o ATX: 12V<\/p>\n<p>&#8211; Ventilador: 12 cm<\/p>\n<p>&#8211; Pot\u00eancia: 500W<\/p>\n<p>&#8211; Faixa de Temperatura Operacional: 0\u00ba a 50\u00ba C<\/p>\n<p>&#8211; Efici\u00eancia m\u00ednima: 70%<\/p>\n<p><strong>Conectores:<\/strong><\/p>\n<p>&#8211; 1x MB ATX (24 pinos)<\/p>\n<p>&#8211; 1x ATX 12V (4 pinos)<\/p>\n<p>&#8211; 2x IDE<\/p>\n<p>&#8211; 3x SATA<\/p>\n<p>&#8211; 1x Floppy Driver<\/p>\n<p>&#8211; 1x PCI-E (6 pinos)<\/p>\n<p><strong>Energia:<\/strong><\/p>\n<p>&#8211; Entrada AC: 115\/230V, 60Hz<\/p>\n<p>&#8211; Chave seletora de voltagem<\/p>\n<p><strong>F\u00edsico:<\/strong><\/p>\n<p>&#8211; Dimens\u00f5es: 140 x 85 x 150 mm<\/p>\n<p>&#8211; Cor: Preto<\/p>\n<p><strong>Recursos:<\/strong><\/p>\n<p>&#8211; Design projetado para facilitar a ventila\u00e7\u00e3o<\/p>\n<p>&#8211; Ventilador de 8 cm<\/p>\n<p>&#8211; Prote\u00e7\u00e3o interna contra curto-circuito, sobretens\u00e3o e sobrecorrente<\/p>\n<p>&#8211; Entrada AC com chaveamento manual (115V &#8211; 230V)<\/p>\n<p>&nbsp;<\/p>\n","protected":false},"excerpt":{"rendered":"<p>FONTE REAL BLUECASE BLU500-DBAUT 500W<\/p>\n","protected":false},"featured_media":10448,"template":"","meta":{"om_disable_all_campaigns":false,"_monsterinsights_skip_tracking":false,"_monsterinsights_sitenote_active":false,"_monsterinsights_sitenote_note":"","_monsterinsights_sitenote_category":0},"product_brand":[],"product_cat":[374,354,296],"product_tag":[],"class_list":{"0":"post-9907","1":"product","2":"type-product","3":"status-publish","4":"has-post-thumbnail","6":"product_cat-fonte-atx","7":"product_cat-hardware","8":"product_cat-informatica","9":"thunk-woo-product-list","10":"big-store-woo-hover-zoom","11":"open-single-product-tab-horizontal","12":"open-shadow-","13":"open-shadow-hover-","15":"first","16":"outofstock","17":"sale","18":"shipping-taxable","19":"purchasable","20":"product-type-simple"},"aioseo_notices":[],"_links":{"self":[{"href":"https:\/\/infomacrio.com.br\/index.php\/wp-json\/wp\/v2\/product\/9907","targetHints":{"allow":["GET"]}}],"collection":[{"href":"https:\/\/infomacrio.com.br\/index.php\/wp-json\/wp\/v2\/product"}],"about":[{"href":"https:\/\/infomacrio.com.br\/index.php\/wp-json\/wp\/v2\/types\/product"}],"wp:featuredmedia":[{"embeddable":true,"href":"https:\/\/infomacrio.com.br\/index.php\/wp-json\/wp\/v2\/media\/10448"}],"wp:attachment":[{"href":"https:\/\/infomacrio.com.br\/index.php\/wp-json\/wp\/v2\/media?parent=9907"}],"wp:term":[{"taxonomy":"product_brand","embeddable":true,"href":"https:\/\/infomacrio.com.br\/index.php\/wp-json\/wp\/v2\/product_brand?post=9907"},{"taxonomy":"product_cat","embeddable":true,"href":"https:\/\/infomacrio.com.br\/index.php\/wp-json\/wp\/v2\/product_cat?post=9907"},{"taxonomy":"product_tag","embeddable":true,"href":"https:\/\/infomacrio.com.br\/index.php\/wp-json\/wp\/v2\/product_tag?post=9907"}],"curies":[{"name":"wp","href":"https:\/\/api.w.org\/{rel}","templated":true}]}}