{"id":9903,"date":"2024-10-02T10:26:45","date_gmt":"2024-10-02T13:26:45","guid":{"rendered":"https:\/\/infomacrio.com.br\/index.php\/produto\/cto-ftth-16f-2-travas-fosca-vazia\/"},"modified":"2026-05-04T14:03:40","modified_gmt":"2026-05-04T17:03:40","slug":"cto-ftth-16f-2-travas-fosca-vazia","status":"publish","type":"product","link":"https:\/\/infomacrio.com.br\/index.php\/produto\/cto-ftth-16f-2-travas-fosca-vazia\/","title":{"rendered":"CTO FTTH 16F 2-TRAVAS *FOSCA* VAZIA"},"content":{"rendered":"<p>Caixa de Termina\u00e7\u00e3o \u00d3ptica (CTO) indicada para utiliza\u00e7\u00e3o em termina\u00e7\u00f5es \u00f3pticas, com a finalidade de conectoriza\u00e7\u00e3o ou acomoda\u00e7\u00e3o de fus\u00f5es de fibra.<br \/>\nEste produto permite a distribui\u00e7\u00e3o para at\u00e9 16 sa\u00eddas, facilitando assim a instala\u00e7\u00e3o de termina\u00e7\u00e3o \u00f3ptica em redes de deriva\u00e7\u00f5es para ambientes FTTH.<\/p>\n<p><strong>Caracter\u00edsticas T\u00e9cnicas<\/strong>:<\/p>\n<p>Injetado e pl\u00e1stico de alta resist\u00eancia e qualidade e prote\u00e7\u00e3o UV<br \/>\nIndicado para aplica\u00e7\u00e3o indoor ou outdoor<br \/>\nCapacidade para at\u00e9 16 atendimentos<br \/>\nPermite montagem com splitter 1\u00d78 ou 1\u00d76 (Mini Module) PLC<br \/>\nFechamento com dupla trava<br \/>\nPossui sistema de travamento duplo, localizados na parte superior e inferior lateral do produto, al\u00e9m disso possu\u00ed travamento central realizado por chave, que acompanha o parafuso.<br \/>\nBandeja interna para acomoda\u00e7\u00e3o de fibras<br \/>\nPermite a realiza\u00e7\u00e3o de Sangria do cabo de entrada<br \/>\nAtendimento de at\u00e9 16 usu\u00e1rios\/assinantes<br \/>\nCompat\u00edvel com adaptador SC<br \/>\nDimens\u00f5es: 260x310x88mm<br \/>\nPeso: 1200gr<\/p>\n","protected":false},"excerpt":{"rendered":"<p>CTO FTTH 16F 2-TRAVAS *FOSCA* VAZIA<\/p>\n","protected":false},"featured_media":9930,"template":"","meta":{"om_disable_all_campaigns":false,"_monsterinsights_skip_tracking":false,"_monsterinsights_sitenote_active":false,"_monsterinsights_sitenote_note":"","_monsterinsights_sitenote_category":0},"product_brand":[],"product_cat":[302,357,301],"product_tag":[],"class_list":{"0":"post-9903","1":"product","2":"type-product","3":"status-publish","4":"has-post-thumbnail","6":"product_cat-cto","7":"product_cat-cto-16fo","8":"product_cat-fibra-optica","9":"thunk-woo-product-list","10":"big-store-woo-hover-zoom","11":"open-single-product-tab-horizontal","12":"open-shadow-","13":"open-shadow-hover-","15":"first","16":"instock","17":"shipping-taxable","18":"product-type-simple"},"aioseo_notices":[],"_links":{"self":[{"href":"https:\/\/infomacrio.com.br\/index.php\/wp-json\/wp\/v2\/product\/9903","targetHints":{"allow":["GET"]}}],"collection":[{"href":"https:\/\/infomacrio.com.br\/index.php\/wp-json\/wp\/v2\/product"}],"about":[{"href":"https:\/\/infomacrio.com.br\/index.php\/wp-json\/wp\/v2\/types\/product"}],"wp:featuredmedia":[{"embeddable":true,"href":"https:\/\/infomacrio.com.br\/index.php\/wp-json\/wp\/v2\/media\/9930"}],"wp:attachment":[{"href":"https:\/\/infomacrio.com.br\/index.php\/wp-json\/wp\/v2\/media?parent=9903"}],"wp:term":[{"taxonomy":"product_brand","embeddable":true,"href":"https:\/\/infomacrio.com.br\/index.php\/wp-json\/wp\/v2\/product_brand?post=9903"},{"taxonomy":"product_cat","embeddable":true,"href":"https:\/\/infomacrio.com.br\/index.php\/wp-json\/wp\/v2\/product_cat?post=9903"},{"taxonomy":"product_tag","embeddable":true,"href":"https:\/\/infomacrio.com.br\/index.php\/wp-json\/wp\/v2\/product_tag?post=9903"}],"curies":[{"name":"wp","href":"https:\/\/api.w.org\/{rel}","templated":true}]}}