{"id":9894,"date":"2024-10-02T10:26:38","date_gmt":"2024-10-02T13:26:38","guid":{"rendered":"https:\/\/infomacrio.com.br\/index.php\/produto\/caneta-optica-laser-vfl-10km\/"},"modified":"2026-04-08T11:30:56","modified_gmt":"2026-04-08T14:30:56","slug":"caneta-optica-laser-vfl-10km","status":"publish","type":"product","link":"https:\/\/infomacrio.com.br\/index.php\/produto\/caneta-optica-laser-vfl-10km\/","title":{"rendered":"CANETA \u00d3PTICA LASER VFL 10KM"},"content":{"rendered":"<p>O Visualizador de Falhas, ou VFL, \u00e9 uma caneta laser utilizada para localizar fissuras na fibra \u00f3ptica, detectar emendas ou conectores danificados e identificar curvas menores do que o raio de curvatura permitido em pigtails e cord\u00f5es \u00f3pticos. A luz vis\u00edvel do laser de comprimento de onda 650 nm possibilita que os testes de continuidade sejam feitos com maior precis\u00e3o, podendo operar em modo cont\u00ednuo ou intermitente.<\/p>\n<p>\u2013 Pot\u00eancia de sa\u00edda: 10 mW;<br \/>\n\u2013 Alcance: 8 a 10 km*;<br \/>\n\u2013 Comprimento de onda: 650 nm \u00b1 20 nm;<br \/>\n\u2013 Modo de opera\u00e7\u00e3o cont\u00ednuo ou pulsado (2Hz);<br \/>\n\u2013 Conector Universal: 2,5 mm;<br \/>\n\u2013 Alimenta\u00e7\u00e3o: 2 pilhas alcalinas AA;<br \/>\n\u2013 Dimens\u00f5es: 160 mm x 30 mm (Altura x Largura);<br \/>\n\u2013 Peso 70g.<\/p>\n","protected":false},"excerpt":{"rendered":"<p>CANETA \u00d3PTICA LASER VFL 10KM<\/p>\n","protected":false},"featured_media":9925,"template":"","meta":{"om_disable_all_campaigns":false,"_monsterinsights_skip_tracking":false,"_monsterinsights_sitenote_active":false,"_monsterinsights_sitenote_note":"","_monsterinsights_sitenote_category":0},"product_brand":[],"product_cat":[313,386,348],"product_tag":[],"class_list":{"0":"post-9894","1":"product","2":"type-product","3":"status-publish","4":"has-post-thumbnail","6":"product_cat-ferramentas","7":"product_cat-kit-de-ferramentas-ftth","8":"product_cat-para-fibra-optica","9":"thunk-woo-product-list","10":"big-store-woo-hover-zoom","11":"open-single-product-tab-horizontal","12":"open-shadow-","13":"open-shadow-hover-","15":"first","16":"instock","17":"sale","18":"shipping-taxable","19":"purchasable","20":"product-type-simple"},"aioseo_notices":[],"_links":{"self":[{"href":"https:\/\/infomacrio.com.br\/index.php\/wp-json\/wp\/v2\/product\/9894","targetHints":{"allow":["GET"]}}],"collection":[{"href":"https:\/\/infomacrio.com.br\/index.php\/wp-json\/wp\/v2\/product"}],"about":[{"href":"https:\/\/infomacrio.com.br\/index.php\/wp-json\/wp\/v2\/types\/product"}],"wp:featuredmedia":[{"embeddable":true,"href":"https:\/\/infomacrio.com.br\/index.php\/wp-json\/wp\/v2\/media\/9925"}],"wp:attachment":[{"href":"https:\/\/infomacrio.com.br\/index.php\/wp-json\/wp\/v2\/media?parent=9894"}],"wp:term":[{"taxonomy":"product_brand","embeddable":true,"href":"https:\/\/infomacrio.com.br\/index.php\/wp-json\/wp\/v2\/product_brand?post=9894"},{"taxonomy":"product_cat","embeddable":true,"href":"https:\/\/infomacrio.com.br\/index.php\/wp-json\/wp\/v2\/product_cat?post=9894"},{"taxonomy":"product_tag","embeddable":true,"href":"https:\/\/infomacrio.com.br\/index.php\/wp-json\/wp\/v2\/product_tag?post=9894"}],"curies":[{"name":"wp","href":"https:\/\/api.w.org\/{rel}","templated":true}]}}