{"id":9861,"date":"2024-08-26T10:55:32","date_gmt":"2024-08-26T13:55:32","guid":{"rendered":"https:\/\/infomacrio.com.br\/index.php\/produto\/cx-som-hayom-cp2700-vermelha-bluetooth\/"},"modified":"2025-10-07T16:49:39","modified_gmt":"2025-10-07T19:49:39","slug":"cx-som-hayom-cp2700-vermelha-bluetooth","status":"publish","type":"product","link":"https:\/\/infomacrio.com.br\/index.php\/produto\/cx-som-hayom-cp2700-vermelha-bluetooth\/","title":{"rendered":"CX SOM HAYOM CP2700 VERMELHA BLUETOOTH"},"content":{"rendered":"<p>&#8211; Produto novo e de alta qualidade;<br \/>\n&#8211; Conex\u00e3o Bluetooth, SDcard;<br \/>\n&#8211; Compatibilidade Android\/iOS;<br \/>\n&#8211; Dura\u00e7\u00e3o de 2 a 3 horas de m\u00fasica.<\/p>\n<p>Especifica\u00e7\u00f5es T\u00e9cnicas:<\/p>\n<p>&#8211; Pot\u00eancia: 3W;<br \/>\n&#8211; Bateria: 400mAh;<br \/>\n&#8211; Falante 40mm;<br \/>\n&#8211; Tecnologia: Bluetooth JL 4.1;<br \/>\n&#8211; Di\u00e2metro do Falante: 40mm;<br \/>\n&#8211; Dura\u00e7\u00e3o da bateria: 2 a 3 horas;<br \/>\n&#8211; Compatibilidade: Android\/iOS;<br \/>\n&#8211; Alcance Bluetooth: 10 metros.<\/p>\n","protected":false},"excerpt":{"rendered":"<p>CX SOM HAYOM CP2700 VERMELHA BLUETOOTH<\/p>\n","protected":false},"featured_media":9875,"template":"","meta":{"om_disable_all_campaigns":false,"_monsterinsights_skip_tracking":false,"_monsterinsights_sitenote_active":false,"_monsterinsights_sitenote_note":"","_monsterinsights_sitenote_category":0},"product_brand":[],"product_cat":[337,296,336],"product_tag":[],"class_list":{"0":"post-9861","1":"product","2":"type-product","3":"status-publish","4":"has-post-thumbnail","6":"product_cat-caixa-de-som","7":"product_cat-informatica","8":"product_cat-som","9":"thunk-woo-product-list","10":"big-store-woo-hover-zoom","11":"open-single-product-tab-horizontal","12":"open-shadow-","13":"open-shadow-hover-","15":"first","16":"instock","17":"sale","18":"shipping-taxable","19":"purchasable","20":"product-type-simple"},"aioseo_notices":[],"_links":{"self":[{"href":"https:\/\/infomacrio.com.br\/index.php\/wp-json\/wp\/v2\/product\/9861","targetHints":{"allow":["GET"]}}],"collection":[{"href":"https:\/\/infomacrio.com.br\/index.php\/wp-json\/wp\/v2\/product"}],"about":[{"href":"https:\/\/infomacrio.com.br\/index.php\/wp-json\/wp\/v2\/types\/product"}],"wp:featuredmedia":[{"embeddable":true,"href":"https:\/\/infomacrio.com.br\/index.php\/wp-json\/wp\/v2\/media\/9875"}],"wp:attachment":[{"href":"https:\/\/infomacrio.com.br\/index.php\/wp-json\/wp\/v2\/media?parent=9861"}],"wp:term":[{"taxonomy":"product_brand","embeddable":true,"href":"https:\/\/infomacrio.com.br\/index.php\/wp-json\/wp\/v2\/product_brand?post=9861"},{"taxonomy":"product_cat","embeddable":true,"href":"https:\/\/infomacrio.com.br\/index.php\/wp-json\/wp\/v2\/product_cat?post=9861"},{"taxonomy":"product_tag","embeddable":true,"href":"https:\/\/infomacrio.com.br\/index.php\/wp-json\/wp\/v2\/product_tag?post=9861"}],"curies":[{"name":"wp","href":"https:\/\/api.w.org\/{rel}","templated":true}]}}