{"id":9841,"date":"2024-08-02T12:08:38","date_gmt":"2024-08-02T15:08:38","guid":{"rendered":"https:\/\/infomacrio.com.br\/index.php\/produto\/splitter-fibra-nua-1x16-s-conector\/"},"modified":"2026-04-14T09:41:14","modified_gmt":"2026-04-14T12:41:14","slug":"splitter-fibra-nua-1x16-s-conector","status":"publish","type":"product","link":"https:\/\/infomacrio.com.br\/index.php\/produto\/splitter-fibra-nua-1x16-s-conector\/","title":{"rendered":"SPLITTER FIBRA NUA 1&#215;16 S\/CONECTOR"},"content":{"rendered":"<p>O divisor \u00f3ptico de guia de onda planar PLC (Planar Lightwave Circuit) \u00e9 composto por um chip de guia de onda e acoplamento de matrizes de fibra \u00f3ptica em ambas as extremidades. Este produto usa litografia de semicondutores tecnologia para fabricar o chip divisor \u00f3ptico, com processo est\u00e1vel, boa consist\u00eancia de sa\u00edda, perda e comprimento de onda \u00f3ptico irrelevante, boa uniformidade de canal, estrutura compacta e tamanho pequeno, amplamente utilizado em linhas de comunica\u00e7\u00e3o de fibra \u00f3ptica de operadoras de telecomunica\u00e7\u00f5es, especialmente projetos FTTX.<\/p>\n","protected":false},"excerpt":{"rendered":"<p>SPLITTER FIBRA NUA 1&#215;16 S\/CONECTOR<\/p>\n","protected":false},"featured_media":9843,"template":"","meta":{"om_disable_all_campaigns":false,"_monsterinsights_skip_tracking":false,"_monsterinsights_sitenote_active":false,"_monsterinsights_sitenote_note":"","_monsterinsights_sitenote_category":0},"product_brand":[],"product_cat":[323,301,322],"product_tag":[],"class_list":{"0":"post-9841","1":"product","2":"type-product","3":"status-publish","4":"has-post-thumbnail","6":"product_cat-balanceado","7":"product_cat-fibra-optica","8":"product_cat-splitter-optico","9":"thunk-woo-product-list","10":"big-store-woo-hover-zoom","11":"open-single-product-tab-horizontal","12":"open-shadow-","13":"open-shadow-hover-","15":"first","16":"instock","17":"sale","18":"shipping-taxable","19":"purchasable","20":"product-type-simple"},"aioseo_notices":[],"_links":{"self":[{"href":"https:\/\/infomacrio.com.br\/index.php\/wp-json\/wp\/v2\/product\/9841","targetHints":{"allow":["GET"]}}],"collection":[{"href":"https:\/\/infomacrio.com.br\/index.php\/wp-json\/wp\/v2\/product"}],"about":[{"href":"https:\/\/infomacrio.com.br\/index.php\/wp-json\/wp\/v2\/types\/product"}],"wp:featuredmedia":[{"embeddable":true,"href":"https:\/\/infomacrio.com.br\/index.php\/wp-json\/wp\/v2\/media\/9843"}],"wp:attachment":[{"href":"https:\/\/infomacrio.com.br\/index.php\/wp-json\/wp\/v2\/media?parent=9841"}],"wp:term":[{"taxonomy":"product_brand","embeddable":true,"href":"https:\/\/infomacrio.com.br\/index.php\/wp-json\/wp\/v2\/product_brand?post=9841"},{"taxonomy":"product_cat","embeddable":true,"href":"https:\/\/infomacrio.com.br\/index.php\/wp-json\/wp\/v2\/product_cat?post=9841"},{"taxonomy":"product_tag","embeddable":true,"href":"https:\/\/infomacrio.com.br\/index.php\/wp-json\/wp\/v2\/product_tag?post=9841"}],"curies":[{"name":"wp","href":"https:\/\/api.w.org\/{rel}","templated":true}]}}