{"id":9822,"date":"2024-07-18T15:05:26","date_gmt":"2024-07-18T18:05:26","guid":{"rendered":"https:\/\/infomacrio.com.br\/index.php\/produto\/headset-aoc-gamer-gh210-p3-p2\/"},"modified":"2025-07-16T13:05:38","modified_gmt":"2025-07-16T16:05:38","slug":"headset-aoc-gamer-gh210-p3-p2","status":"publish","type":"product","link":"https:\/\/infomacrio.com.br\/index.php\/produto\/headset-aoc-gamer-gh210-p3-p2\/","title":{"rendered":"HEADSET AOC GAMER GH210 P3\/P2"},"content":{"rendered":"<p>Tenha o melhor som em seus games com o Headset da AOC! Ele vai te surpreender com qualidade de \u00e1udio e som.\u00a0Confira mais detalhes:<\/p>\n<p>Seus drives contam com 50mm revestidos com espuma, que v\u00e3o te proporcionar maior conforto durante o uso, al\u00e9m de abafar os ru\u00eddos externos! Ele conta com tecnologia de som est\u00e9reo totalmente imersivo, que garante um \u00e1udio tridimensional e realista! Voc\u00ea vai se sentir dentro do jogo!<\/p>\n<p>Com ele voc\u00ea vai poder se conectar em diferentes plataformas e aparelhos, pois ele possui conectividade com PC,\u00a0PlayStation\u00a0(PS5 e PS4),\u00a0Xbox,\u00a0Nintendo Switch, dispositivos m\u00f3veis e de realidade virtual via\u00a0conex\u00e3o 3,5 mm. Tudo isso para voc\u00ea aproveitar em qualquer local!<\/p>\n<p>Ele conta com design robusto, combinando perfeitamente com os games mais eletrizantes! Sua ilumina\u00e7\u00e3o LED proporciona ainda mais modernidade e estilo para ele! Al\u00e9m disso, seu acabamento \u00e9 premium, projetado em alum\u00ednio e com espumas de mem\u00f3ria super confort\u00e1veis, que al\u00e9m de comodidade, v\u00e3o proporcionar ainda mais resist\u00eancia!<\/p>\n","protected":false},"excerpt":{"rendered":"<p>HEADSET AOC GAMER GH210 P3\/P2<\/p>\n","protected":false},"featured_media":9823,"template":"","meta":{"om_disable_all_campaigns":false,"_monsterinsights_skip_tracking":false,"_monsterinsights_sitenote_active":false,"_monsterinsights_sitenote_note":"","_monsterinsights_sitenote_category":0},"product_brand":[],"product_cat":[380,296,336],"product_tag":[],"class_list":{"0":"post-9822","1":"product","2":"type-product","3":"status-publish","4":"has-post-thumbnail","6":"product_cat-headset","7":"product_cat-informatica","8":"product_cat-som","9":"thunk-woo-product-list","10":"big-store-woo-hover-zoom","11":"open-single-product-tab-horizontal","12":"open-shadow-","13":"open-shadow-hover-","15":"first","16":"instock","17":"sale","18":"shipping-taxable","19":"purchasable","20":"product-type-simple"},"aioseo_notices":[],"_links":{"self":[{"href":"https:\/\/infomacrio.com.br\/index.php\/wp-json\/wp\/v2\/product\/9822","targetHints":{"allow":["GET"]}}],"collection":[{"href":"https:\/\/infomacrio.com.br\/index.php\/wp-json\/wp\/v2\/product"}],"about":[{"href":"https:\/\/infomacrio.com.br\/index.php\/wp-json\/wp\/v2\/types\/product"}],"wp:featuredmedia":[{"embeddable":true,"href":"https:\/\/infomacrio.com.br\/index.php\/wp-json\/wp\/v2\/media\/9823"}],"wp:attachment":[{"href":"https:\/\/infomacrio.com.br\/index.php\/wp-json\/wp\/v2\/media?parent=9822"}],"wp:term":[{"taxonomy":"product_brand","embeddable":true,"href":"https:\/\/infomacrio.com.br\/index.php\/wp-json\/wp\/v2\/product_brand?post=9822"},{"taxonomy":"product_cat","embeddable":true,"href":"https:\/\/infomacrio.com.br\/index.php\/wp-json\/wp\/v2\/product_cat?post=9822"},{"taxonomy":"product_tag","embeddable":true,"href":"https:\/\/infomacrio.com.br\/index.php\/wp-json\/wp\/v2\/product_tag?post=9822"}],"curies":[{"name":"wp","href":"https:\/\/api.w.org\/{rel}","templated":true}]}}