{"id":9765,"date":"2024-07-02T18:07:47","date_gmt":"2024-07-02T21:07:47","guid":{"rendered":"https:\/\/infomacrio.com.br\/index.php\/produto\/headset-hoopson-f-300-cz\/"},"modified":"2025-08-08T08:03:01","modified_gmt":"2025-08-08T11:03:01","slug":"headset-hoopson-f-300-cz","status":"publish","type":"product","link":"https:\/\/infomacrio.com.br\/index.php\/produto\/headset-hoopson-f-300-cz\/","title":{"rendered":"HEADSET HOOPSON F-300-CZ"},"content":{"rendered":"<p>Tamanho do Driver: 40mm \u00d8, Conex\u00e3o: P3, Pot\u00eancia: 6mW, Imped\u00e2ncia: 16\u03a9 \u00b1 15%, Sensibilidade: 108 \u00b1 3dB, Comprimento do Cabo: 2 metros, Frequ\u00eancia: 20 \u2013 20000 Hz, Sensibilidade (MIC): 42 \u00b1 3dB.<\/p>\n<p>O headset \u00e9 um elemento fundamental para games porque, al\u00e9m de permitir a comunica\u00e7\u00e3o de maneira adequada com colegas de equipe, ajuda o usu\u00e1rio a ter uma melhor percep\u00e7\u00e3o do ambiente de jogo.<\/p>\n<p>Isso ocorre porque, com um headset gamer, n\u00e3o apenas h\u00e1 um isolamento em rela\u00e7\u00e3o a ru\u00eddos externos, como tamb\u00e9m uma fidelidade maior aos sons do game, permitindo ao usu\u00e1rio captar detalhes como passos leves de um inimigo, por exemplo.<\/p>\n","protected":false},"excerpt":{"rendered":"<p>HEADSET HOOPSON F-300-CZ<\/p>\n","protected":false},"featured_media":9766,"template":"","meta":{"om_disable_all_campaigns":false,"_monsterinsights_skip_tracking":false,"_monsterinsights_sitenote_active":false,"_monsterinsights_sitenote_note":"","_monsterinsights_sitenote_category":0},"product_brand":[],"product_cat":[380,296,336],"product_tag":[],"class_list":{"0":"post-9765","1":"product","2":"type-product","3":"status-publish","4":"has-post-thumbnail","6":"product_cat-headset","7":"product_cat-informatica","8":"product_cat-som","9":"thunk-woo-product-list","10":"big-store-woo-hover-zoom","11":"open-single-product-tab-horizontal","12":"open-shadow-","13":"open-shadow-hover-","15":"first","16":"outofstock","17":"sale","18":"shipping-taxable","19":"purchasable","20":"product-type-simple"},"aioseo_notices":[],"_links":{"self":[{"href":"https:\/\/infomacrio.com.br\/index.php\/wp-json\/wp\/v2\/product\/9765","targetHints":{"allow":["GET"]}}],"collection":[{"href":"https:\/\/infomacrio.com.br\/index.php\/wp-json\/wp\/v2\/product"}],"about":[{"href":"https:\/\/infomacrio.com.br\/index.php\/wp-json\/wp\/v2\/types\/product"}],"wp:featuredmedia":[{"embeddable":true,"href":"https:\/\/infomacrio.com.br\/index.php\/wp-json\/wp\/v2\/media\/9766"}],"wp:attachment":[{"href":"https:\/\/infomacrio.com.br\/index.php\/wp-json\/wp\/v2\/media?parent=9765"}],"wp:term":[{"taxonomy":"product_brand","embeddable":true,"href":"https:\/\/infomacrio.com.br\/index.php\/wp-json\/wp\/v2\/product_brand?post=9765"},{"taxonomy":"product_cat","embeddable":true,"href":"https:\/\/infomacrio.com.br\/index.php\/wp-json\/wp\/v2\/product_cat?post=9765"},{"taxonomy":"product_tag","embeddable":true,"href":"https:\/\/infomacrio.com.br\/index.php\/wp-json\/wp\/v2\/product_tag?post=9765"}],"curies":[{"name":"wp","href":"https:\/\/api.w.org\/{rel}","templated":true}]}}