{"id":9736,"date":"2024-06-25T11:43:10","date_gmt":"2024-06-25T14:43:10","guid":{"rendered":"https:\/\/infomacrio.com.br\/index.php\/produto\/teclado-philips-spk6208b-preto-usb\/"},"modified":"2025-08-08T08:00:12","modified_gmt":"2025-08-08T11:00:12","slug":"teclado-philips-spk6208b-preto-usb","status":"publish","type":"product","link":"https:\/\/infomacrio.com.br\/index.php\/produto\/teclado-philips-spk6208b-preto-usb\/","title":{"rendered":"TECLADO PHILIPS SPK6208B PRETO USB"},"content":{"rendered":"<p>Perfeito para todas as casas ou escrit\u00f3rios. O novo teclado da s\u00e9rie 2000 da philips oferece um design compacto com teclas gravadas a laser de longa dura\u00e7\u00e3o e conex\u00e3o com fio para maior simplicidade.<br \/>\nficha t\u00e9cnica:<\/p>\n<p>caracter\u00edsticas:<\/p>\n<p>marca: philips<br \/>\nmodelo: spk6208b<br \/>\nespecifica\u00e7\u00f5es:<br \/>\ntipo de design:<br \/>\ndesign ergon\u00f4mico e moderno<br \/>\nconectividade:<br \/>\nusb 2.0 com fio<br \/>\nmaterial do painel frontal:<br \/>\npainel frontal de pl\u00e1stico<br \/>\ncor do painel frontal:<br \/>\npreto<br \/>\nchaves:<br \/>\ntamanho perfeito<br \/>\nvida \u00fatil da tecla:<br \/>\n8 milh\u00f5es de pressionamentos<br \/>\ntipo de revestimento:<br \/>\nfosco<br \/>\nrequisitos do driver:<br \/>\nsem necessidade de driver<br \/>\nconte\u00fado da caixa:<br \/>\nteclado com fio, manual do usu\u00e1rio e cart\u00e3o de garantia<br \/>\ncomprimento do cabo:<br \/>\n1,6 m<br \/>\ntipo de key rollover:<br \/>\nrollover de 6 teclas<br \/>\ncomuta\u00e7\u00e3o de tecla:<br \/>\ntampas<\/p>\n","protected":false},"excerpt":{"rendered":"<p>TECLADO PHILIPS SPK6208B PRETO USB<\/p>\n","protected":false},"featured_media":9740,"template":"","meta":{"om_disable_all_campaigns":false,"_monsterinsights_skip_tracking":false,"_monsterinsights_sitenote_active":false,"_monsterinsights_sitenote_note":"","_monsterinsights_sitenote_category":0},"product_brand":[],"product_cat":[296,384,427],"product_tag":[],"class_list":{"0":"post-9736","1":"product","2":"type-product","3":"status-publish","4":"has-post-thumbnail","6":"product_cat-informatica","7":"product_cat-perifericos","8":"product_cat-teclado","9":"thunk-woo-product-list","10":"big-store-woo-hover-zoom","11":"open-single-product-tab-horizontal","12":"open-shadow-","13":"open-shadow-hover-","15":"first","16":"instock","17":"sale","18":"shipping-taxable","19":"purchasable","20":"product-type-simple"},"aioseo_notices":[],"_links":{"self":[{"href":"https:\/\/infomacrio.com.br\/index.php\/wp-json\/wp\/v2\/product\/9736","targetHints":{"allow":["GET"]}}],"collection":[{"href":"https:\/\/infomacrio.com.br\/index.php\/wp-json\/wp\/v2\/product"}],"about":[{"href":"https:\/\/infomacrio.com.br\/index.php\/wp-json\/wp\/v2\/types\/product"}],"wp:featuredmedia":[{"embeddable":true,"href":"https:\/\/infomacrio.com.br\/index.php\/wp-json\/wp\/v2\/media\/9740"}],"wp:attachment":[{"href":"https:\/\/infomacrio.com.br\/index.php\/wp-json\/wp\/v2\/media?parent=9736"}],"wp:term":[{"taxonomy":"product_brand","embeddable":true,"href":"https:\/\/infomacrio.com.br\/index.php\/wp-json\/wp\/v2\/product_brand?post=9736"},{"taxonomy":"product_cat","embeddable":true,"href":"https:\/\/infomacrio.com.br\/index.php\/wp-json\/wp\/v2\/product_cat?post=9736"},{"taxonomy":"product_tag","embeddable":true,"href":"https:\/\/infomacrio.com.br\/index.php\/wp-json\/wp\/v2\/product_tag?post=9736"}],"curies":[{"name":"wp","href":"https:\/\/api.w.org\/{rel}","templated":true}]}}