{"id":9708,"date":"2024-06-17T10:22:29","date_gmt":"2024-06-17T13:22:29","guid":{"rendered":"https:\/\/infomacrio.com.br\/index.php\/produto\/onu-shoreline-xpon-mini-sh-901r-apc\/"},"modified":"2026-03-31T14:30:40","modified_gmt":"2026-03-31T17:30:40","slug":"onu-shoreline-xpon-mini-sh-901r-apc","status":"publish","type":"product","link":"https:\/\/infomacrio.com.br\/index.php\/produto\/onu-shoreline-xpon-mini-sh-901r-apc\/","title":{"rendered":"ONU SHORELINE XPON SH-901R APC"},"content":{"rendered":"<p>A ONU Shoreline SH-901R Mini \u00e9 um equipamento ideal para Provedores de Internet e servi\u00e7os de rede FTTH, desenvolvida com base na tecnologia Gigabit XPON(H\u00edbrida) que permite uso em OLT EPON e em OLT GPON. Cont\u00e9m uma porta PON (Interface SC\/APC) e um patch Cord LAN embutido de alta velocidade Gigabit 10\/100\/1000mb\/s. Baseado em protocolo OMCI WEB, CLI. Permite Atualiza\u00e7\u00e3o remota do equipamento.<\/p>\n<p>Dispensa uso de Patch Cord;<br \/>\nUtilize a Fonte do roteador;<br \/>\nPadr\u00e3o de entrada: Plug P4: 2,5\u00d75,5x9mm.<\/p>\n","protected":false},"excerpt":{"rendered":"<p>ONU SHORELINE XPON SH-901R APC<\/p>\n","protected":false},"featured_media":9709,"template":"","meta":{"om_disable_all_campaigns":false,"_monsterinsights_skip_tracking":false,"_monsterinsights_sitenote_active":false,"_monsterinsights_sitenote_note":"","_monsterinsights_sitenote_category":0},"product_brand":[],"product_cat":[301,381,364],"product_tag":[],"class_list":{"0":"post-9708","1":"product","2":"type-product","3":"status-publish","4":"has-post-thumbnail","6":"product_cat-fibra-optica","7":"product_cat-hibrida","8":"product_cat-onu-ont","9":"thunk-woo-product-list","10":"big-store-woo-hover-zoom","11":"open-single-product-tab-horizontal","12":"open-shadow-","13":"open-shadow-hover-","15":"first","16":"instock","17":"sale","18":"shipping-taxable","19":"purchasable","20":"product-type-simple"},"aioseo_notices":[],"_links":{"self":[{"href":"https:\/\/infomacrio.com.br\/index.php\/wp-json\/wp\/v2\/product\/9708","targetHints":{"allow":["GET"]}}],"collection":[{"href":"https:\/\/infomacrio.com.br\/index.php\/wp-json\/wp\/v2\/product"}],"about":[{"href":"https:\/\/infomacrio.com.br\/index.php\/wp-json\/wp\/v2\/types\/product"}],"wp:featuredmedia":[{"embeddable":true,"href":"https:\/\/infomacrio.com.br\/index.php\/wp-json\/wp\/v2\/media\/9709"}],"wp:attachment":[{"href":"https:\/\/infomacrio.com.br\/index.php\/wp-json\/wp\/v2\/media?parent=9708"}],"wp:term":[{"taxonomy":"product_brand","embeddable":true,"href":"https:\/\/infomacrio.com.br\/index.php\/wp-json\/wp\/v2\/product_brand?post=9708"},{"taxonomy":"product_cat","embeddable":true,"href":"https:\/\/infomacrio.com.br\/index.php\/wp-json\/wp\/v2\/product_cat?post=9708"},{"taxonomy":"product_tag","embeddable":true,"href":"https:\/\/infomacrio.com.br\/index.php\/wp-json\/wp\/v2\/product_tag?post=9708"}],"curies":[{"name":"wp","href":"https:\/\/api.w.org\/{rel}","templated":true}]}}