{"id":9686,"date":"2024-06-11T11:22:16","date_gmt":"2024-06-11T14:22:16","guid":{"rendered":"https:\/\/infomacrio.com.br\/index.php\/produto\/cabo-optico-optictimes-asu80-6fo-3km\/"},"modified":"2026-05-04T16:24:18","modified_gmt":"2026-05-04T19:24:18","slug":"cabo-optico-optictimes-asu80-6fo-3km","status":"publish","type":"product","link":"https:\/\/infomacrio.com.br\/index.php\/produto\/cabo-optico-optictimes-asu80-6fo-3km\/","title":{"rendered":"CABO OPTICO OPTICTIMES ASU80 6FO 3KM"},"content":{"rendered":"<p>O\u00a0<b>Cabo \u00d3ptico ASU8O OPTICTIMES <\/b>\u00e9 um cabo de fibra \u00f3ptica monomodo autossustentado, projetado para v\u00e3os de at\u00e9 80 metros, contendo 6 fibras \u00f3pticas (6FO) e comercializado em bobinas de 3 km. Este cabo \u00e9 ideal para instala\u00e7\u00f5es a\u00e9reas externas, sendo protegido contra intemp\u00e9ries.<\/p>\n<p><b>Caracter\u00edsticas Principais:<br \/>\n<\/b><\/p>\n<p><b>Modelo:<\/b> ASU80 (Autossustentado de Tubo \u00danico para v\u00e3os de at\u00e9 80m).<\/p>\n<p><b>Fibras:<\/b> 6 Fibras \u00d3pticas (6FO) Monomodo.<\/p>\n<p><b>Comprimento:<\/b> Bobina de 3000 metros (3 KM).<\/p>\n<p><b>Aplica\u00e7\u00e3o:<\/b> A\u00e9reo autossustentado (externo\/outdoor).<\/p>\n<p><b>Normas:<\/b> Segue padr\u00f5es de fibra ITU-T G.652.D, oferecendo baixo \u00edndice de atenua\u00e7\u00e3o.<\/p>\n<p><b>Prote\u00e7\u00e3o:<\/b> Capa de polietileno (PE) na cor preta, resistente a raios UV e intemp\u00e9ries.<\/p>\n<p><b>Durabilidade:<\/b> Alta vida \u00fatil para redes de telecomunica\u00e7\u00f5es.<\/p>\n","protected":false},"excerpt":{"rendered":"<p>CABO OPTICO OPTICTIMES ASU80 6FO 3KM<\/p>\n","protected":false},"featured_media":9687,"template":"","meta":{"om_disable_all_campaigns":false,"_monsterinsights_skip_tracking":false,"_monsterinsights_sitenote_active":false,"_monsterinsights_sitenote_note":"","_monsterinsights_sitenote_category":0},"product_brand":[],"product_cat":[321,320,301],"product_tag":[],"class_list":{"0":"post-9686","1":"product","2":"type-product","3":"status-publish","4":"has-post-thumbnail","6":"product_cat-asu","7":"product_cat-cabo-optico","8":"product_cat-fibra-optica","9":"thunk-woo-product-list","10":"big-store-woo-hover-zoom","11":"open-single-product-tab-horizontal","12":"open-shadow-","13":"open-shadow-hover-","15":"first","16":"instock","17":"sale","18":"shipping-taxable","19":"purchasable","20":"product-type-simple"},"aioseo_notices":[],"_links":{"self":[{"href":"https:\/\/infomacrio.com.br\/index.php\/wp-json\/wp\/v2\/product\/9686","targetHints":{"allow":["GET"]}}],"collection":[{"href":"https:\/\/infomacrio.com.br\/index.php\/wp-json\/wp\/v2\/product"}],"about":[{"href":"https:\/\/infomacrio.com.br\/index.php\/wp-json\/wp\/v2\/types\/product"}],"wp:featuredmedia":[{"embeddable":true,"href":"https:\/\/infomacrio.com.br\/index.php\/wp-json\/wp\/v2\/media\/9687"}],"wp:attachment":[{"href":"https:\/\/infomacrio.com.br\/index.php\/wp-json\/wp\/v2\/media?parent=9686"}],"wp:term":[{"taxonomy":"product_brand","embeddable":true,"href":"https:\/\/infomacrio.com.br\/index.php\/wp-json\/wp\/v2\/product_brand?post=9686"},{"taxonomy":"product_cat","embeddable":true,"href":"https:\/\/infomacrio.com.br\/index.php\/wp-json\/wp\/v2\/product_cat?post=9686"},{"taxonomy":"product_tag","embeddable":true,"href":"https:\/\/infomacrio.com.br\/index.php\/wp-json\/wp\/v2\/product_tag?post=9686"}],"curies":[{"name":"wp","href":"https:\/\/api.w.org\/{rel}","templated":true}]}}