{"id":9668,"date":"2024-05-27T12:51:37","date_gmt":"2024-05-27T15:51:37","guid":{"rendered":"https:\/\/infomacrio.com.br\/index.php\/produto\/maquina-de-fusao-gf4000-4-motores\/"},"modified":"2026-01-21T10:29:04","modified_gmt":"2026-01-21T13:29:04","slug":"maquina-de-fusao-gf4000-4-motores","status":"publish","type":"product","link":"https:\/\/infomacrio.com.br\/index.php\/produto\/maquina-de-fusao-gf4000-4-motores\/","title":{"rendered":"MAQUINA DE FUSAO GF4000 4 MOTORES"},"content":{"rendered":"<p>A M\u00e1quina de Fus\u00e3o GF4000 da Gladden  Fiber foi projetada para automatizar o processo de emenda de fibras \u00f3pticas,  realizando fus\u00f5es r\u00e1pidas e est\u00e1veis em apenas 7 segundos por meio do m\u00e9todo  V-Groove.<\/p>\n<p>O \u201cequipamento possui ajuste de  temperatura e tempo de aquecimento, uma tela LCD de alta resolu\u00e7\u00e3o de 4,3\u201d, uma  bateria de l\u00edtio de 5200mAh que suporta 250 ciclos de fus\u00e3o e aquecimento, al\u00e9m  de ser compacta, leve e f\u00e1cil de transportar.<\/p>\n<p>A m\u00e1quina \u00e9 adequada para aplica\u00e7\u00f5es  com fibras nuas, pigtails, cabos drop, SOC e \u00e9&nbsp;ideal para projetos FTTx, FTTH, e  CATV.<\/p>\n<p><\/p>\n<p>Componentes da M\u00e1quina de Fus\u00e3o  GF4000:<\/p>\n<p>\u2022  M\u00e1quina de Emenda;<br \/>\u2022  Clivador;<br \/>\u2022 Alicate Decapador;<br \/>\u2022 Eletrodos;<br \/>\u2022  Bandeja de  Resfriamento;<br \/>\u2022 Decapador de Cabo Drop;<br \/>\u2022 Caixa de  Transporte;<br \/>\u2022 Fonte  de Energia;<br \/>\u2022 Cabo de Alimenta\u00e7\u00e3o;<br \/>\u2022 Manual do  Usu\u00e1rio;<br \/>\u2022 Correia;<br \/>\u2022  Escova de Limpeza.<\/p>\n","protected":false},"excerpt":{"rendered":"<p>MAQUINA DE FUSAO GF4000 4 MOTORES<\/p>\n","protected":false},"featured_media":9669,"template":"","meta":{"om_disable_all_campaigns":false,"_monsterinsights_skip_tracking":false,"_monsterinsights_sitenote_active":false,"_monsterinsights_sitenote_note":"","_monsterinsights_sitenote_category":0},"product_brand":[],"product_cat":[313,408,348],"product_tag":[],"class_list":{"0":"post-9668","1":"product","2":"type-product","3":"status-publish","4":"has-post-thumbnail","6":"product_cat-ferramentas","7":"product_cat-para-diversos","8":"product_cat-para-fibra-optica","9":"thunk-woo-product-list","10":"big-store-woo-hover-zoom","11":"open-single-product-tab-horizontal","12":"open-shadow-","13":"open-shadow-hover-","15":"first","16":"instock","17":"sale","18":"shipping-taxable","19":"purchasable","20":"product-type-simple"},"aioseo_notices":[],"_links":{"self":[{"href":"https:\/\/infomacrio.com.br\/index.php\/wp-json\/wp\/v2\/product\/9668","targetHints":{"allow":["GET"]}}],"collection":[{"href":"https:\/\/infomacrio.com.br\/index.php\/wp-json\/wp\/v2\/product"}],"about":[{"href":"https:\/\/infomacrio.com.br\/index.php\/wp-json\/wp\/v2\/types\/product"}],"wp:featuredmedia":[{"embeddable":true,"href":"https:\/\/infomacrio.com.br\/index.php\/wp-json\/wp\/v2\/media\/9669"}],"wp:attachment":[{"href":"https:\/\/infomacrio.com.br\/index.php\/wp-json\/wp\/v2\/media?parent=9668"}],"wp:term":[{"taxonomy":"product_brand","embeddable":true,"href":"https:\/\/infomacrio.com.br\/index.php\/wp-json\/wp\/v2\/product_brand?post=9668"},{"taxonomy":"product_cat","embeddable":true,"href":"https:\/\/infomacrio.com.br\/index.php\/wp-json\/wp\/v2\/product_cat?post=9668"},{"taxonomy":"product_tag","embeddable":true,"href":"https:\/\/infomacrio.com.br\/index.php\/wp-json\/wp\/v2\/product_tag?post=9668"}],"curies":[{"name":"wp","href":"https:\/\/api.w.org\/{rel}","templated":true}]}}