{"id":9636,"date":"2024-05-17T10:44:54","date_gmt":"2024-05-17T13:44:54","guid":{"rendered":"https:\/\/infomacrio.com.br\/index.php\/produto\/gabinete-alltek-atk200-com-fonte-200w\/"},"modified":"2026-03-10T14:59:23","modified_gmt":"2026-03-10T17:59:23","slug":"gabinete-alltek-atk200-com-fonte-200w","status":"publish","type":"product","link":"https:\/\/infomacrio.com.br\/index.php\/produto\/gabinete-alltek-atk200-com-fonte-200w\/","title":{"rendered":"GABINETE ALLTEK ATK200 S\/ FONTE"},"content":{"rendered":"<p>O ATK200 \u00e9 a escolha perfeita para um gabinete de escrit\u00f3rio, oferecendo funcionalidade e durabilidade excepcionais para o uso di\u00e1rio. Ele combina um design compacto com recursos robustos, tornando-o perfeito para o dia a dia de trabalho. Com sua constru\u00e7\u00e3o robusta, espa\u00e7o de armazenamento flex\u00edvel, excelente conectividade frontal e a op\u00e7\u00e3o de personalizar a ventila\u00e7\u00e3o com um fan cooler de 8cm (n\u00e3o incluso), ele \u00e9 a escolha inteligente para usu\u00e1rios que valorizam qualidade e desempenho.<\/p>\n","protected":false},"excerpt":{"rendered":"<p>GABINETE ALLTEK ATK200 S\/ FONTE<\/p>\n","protected":false},"featured_media":9642,"template":"","meta":{"om_disable_all_campaigns":false,"_monsterinsights_skip_tracking":false,"_monsterinsights_sitenote_active":false,"_monsterinsights_sitenote_note":"","_monsterinsights_sitenote_category":0},"product_brand":[],"product_cat":[376,354,296],"product_tag":[],"class_list":{"0":"post-9636","1":"product","2":"type-product","3":"status-publish","4":"has-post-thumbnail","6":"product_cat-gabinete","7":"product_cat-hardware","8":"product_cat-informatica","9":"thunk-woo-product-list","10":"big-store-woo-hover-zoom","11":"open-single-product-tab-horizontal","12":"open-shadow-","13":"open-shadow-hover-","15":"first","16":"instock","17":"sale","18":"shipping-taxable","19":"purchasable","20":"product-type-simple"},"aioseo_notices":[],"_links":{"self":[{"href":"https:\/\/infomacrio.com.br\/index.php\/wp-json\/wp\/v2\/product\/9636","targetHints":{"allow":["GET"]}}],"collection":[{"href":"https:\/\/infomacrio.com.br\/index.php\/wp-json\/wp\/v2\/product"}],"about":[{"href":"https:\/\/infomacrio.com.br\/index.php\/wp-json\/wp\/v2\/types\/product"}],"wp:featuredmedia":[{"embeddable":true,"href":"https:\/\/infomacrio.com.br\/index.php\/wp-json\/wp\/v2\/media\/9642"}],"wp:attachment":[{"href":"https:\/\/infomacrio.com.br\/index.php\/wp-json\/wp\/v2\/media?parent=9636"}],"wp:term":[{"taxonomy":"product_brand","embeddable":true,"href":"https:\/\/infomacrio.com.br\/index.php\/wp-json\/wp\/v2\/product_brand?post=9636"},{"taxonomy":"product_cat","embeddable":true,"href":"https:\/\/infomacrio.com.br\/index.php\/wp-json\/wp\/v2\/product_cat?post=9636"},{"taxonomy":"product_tag","embeddable":true,"href":"https:\/\/infomacrio.com.br\/index.php\/wp-json\/wp\/v2\/product_tag?post=9636"}],"curies":[{"name":"wp","href":"https:\/\/api.w.org\/{rel}","templated":true}]}}