{"id":9574,"date":"2024-04-29T11:47:14","date_gmt":"2024-04-29T14:47:14","guid":{"rendered":"https:\/\/infomacrio.com.br\/index.php\/produto\/splitter-box-modular-1x16-sc-apc\/"},"modified":"2025-08-08T08:01:06","modified_gmt":"2025-08-08T11:01:06","slug":"splitter-box-modular-1x16-sc-apc","status":"publish","type":"product","link":"https:\/\/infomacrio.com.br\/index.php\/produto\/splitter-box-modular-1x16-sc-apc\/","title":{"rendered":"SPLITTER BOX MODULAR 1&#215;16 SC-APC"},"content":{"rendered":"<p>Splitter Box \u00e9 um conjunto de 17 adaptadores \u00f3pticos (1 pra entrada e 16 para sa\u00edda) e 1 Splitter dentro de uma caixa (BOX). Utilizado para realizar a divis\u00e3o do sinal \u00f3ptico em uma rede de distribui\u00e7\u00e3o PON de forma pr\u00e1tica. Ideal para atuar entre os comprimentos de onda de 1.260nm a 1.650nm sendo o mais comum 1310nm a 1490nm (ONU \/ OLT). Conta com \ufb01bras de baixa sensibilidade a curvatura (G.657A) e \u00e9 ideal para sistemas FTTH. Permite fazer uma r\u00e1pida instala\u00e7\u00e3o de assinantes necessitando apenas conectar a \ufb01bra na entrada e as sa\u00eddas em cada assinante atrav\u00e9s do Drop conectorizado\u00a0de forma mec\u00e2nica.<\/p>\n","protected":false},"excerpt":{"rendered":"<p>SPLITTER BOX MODULAR 1&#215;16 SC-APC<\/p>\n","protected":false},"featured_media":9575,"template":"","meta":{"om_disable_all_campaigns":false,"_monsterinsights_skip_tracking":false,"_monsterinsights_sitenote_active":false,"_monsterinsights_sitenote_note":"","_monsterinsights_sitenote_category":0},"product_brand":[],"product_cat":[323,301,322],"product_tag":[],"class_list":{"0":"post-9574","1":"product","2":"type-product","3":"status-publish","4":"has-post-thumbnail","6":"product_cat-balanceado","7":"product_cat-fibra-optica","8":"product_cat-splitter-optico","9":"thunk-woo-product-list","10":"big-store-woo-hover-zoom","11":"open-single-product-tab-horizontal","12":"open-shadow-","13":"open-shadow-hover-","15":"first","16":"instock","17":"sale","18":"shipping-taxable","19":"purchasable","20":"product-type-simple"},"aioseo_notices":[],"_links":{"self":[{"href":"https:\/\/infomacrio.com.br\/index.php\/wp-json\/wp\/v2\/product\/9574","targetHints":{"allow":["GET"]}}],"collection":[{"href":"https:\/\/infomacrio.com.br\/index.php\/wp-json\/wp\/v2\/product"}],"about":[{"href":"https:\/\/infomacrio.com.br\/index.php\/wp-json\/wp\/v2\/types\/product"}],"wp:featuredmedia":[{"embeddable":true,"href":"https:\/\/infomacrio.com.br\/index.php\/wp-json\/wp\/v2\/media\/9575"}],"wp:attachment":[{"href":"https:\/\/infomacrio.com.br\/index.php\/wp-json\/wp\/v2\/media?parent=9574"}],"wp:term":[{"taxonomy":"product_brand","embeddable":true,"href":"https:\/\/infomacrio.com.br\/index.php\/wp-json\/wp\/v2\/product_brand?post=9574"},{"taxonomy":"product_cat","embeddable":true,"href":"https:\/\/infomacrio.com.br\/index.php\/wp-json\/wp\/v2\/product_cat?post=9574"},{"taxonomy":"product_tag","embeddable":true,"href":"https:\/\/infomacrio.com.br\/index.php\/wp-json\/wp\/v2\/product_tag?post=9574"}],"curies":[{"name":"wp","href":"https:\/\/api.w.org\/{rel}","templated":true}]}}