{"id":9571,"date":"2024-04-26T15:14:54","date_gmt":"2024-04-26T18:14:54","guid":{"rendered":"https:\/\/infomacrio.com.br\/index.php\/produto\/kit-teclado-e-mouse-hp-gamer-km300f-preto-rgb\/"},"modified":"2025-09-08T16:17:14","modified_gmt":"2025-09-08T19:17:14","slug":"kit-teclado-e-mouse-hp-gamer-km300f-preto-rgb","status":"publish","type":"product","link":"https:\/\/infomacrio.com.br\/index.php\/produto\/kit-teclado-e-mouse-hp-gamer-km300f-preto-rgb\/","title":{"rendered":"KIT TECLADO E MOUSE HP GAMER KM300F PRETO RGB"},"content":{"rendered":"<p>O teclado conta com sistema de membrana com 106 teclas resistente \u00e0 pequenos derramamentos de l\u00edquidos, v\u00e1rias fun\u00e7\u00f5es que ajudam o jogador a extrair o seu potencial m\u00e1ximo em seus jogos, e um sistema antighosting que ir\u00e1 facilitar os seus combos durante os jogos.<\/p>\n<p>Este kit \u00e9 composto por um mouse que pode alcan\u00e7ar at\u00e9 2400 DPI, garantindo assim aquela precis\u00e3o na mira ajudando em suas manobras.<\/p>\n<p>Ele possui uma performance totalmente optimizada, com um mecanismo de \u00f3tima qualidade.<\/p>\n<p>Um modelo com um design arrojado e ergon\u00f4mico, que possui as laterais texturizadas garantindo que voc\u00ea n\u00e3o perca o controle durante suas partidas.<\/p>\n<p>Especifica\u00e7\u00f5es T\u00e9cnicas:<br \/>\nMarca: HP<br \/>\nModelo: Kit Teclado e Mouse Gamer KM300F<br \/>\nCor: Preto<\/p>\n<p>Especifica\u00e7\u00f5es T\u00e9cnicas Teclado:<br \/>\nPadr\u00e3o: ABNT2<br \/>\n106 teclas<br \/>\nTeclas multim\u00eddia<br \/>\nIlumina\u00e7\u00e3o: RGB<br \/>\nTeclado membrana<br \/>\nConex\u00e3o USB<br \/>\nComprimento do cabo: 1.60m<br \/>\nCabo de PVC<br \/>\nResistente \u00e0 pequenos derramamentos de l\u00edquidos<br \/>\nDimens\u00f5es do teclado (AxCxL): 3,5 cm x 44 cm x 13,5 cm<br \/>\nPeso do teclado: 692g<\/p>\n<p>Especifica\u00e7\u00f5es T\u00e9cnicas Mouse:<br \/>\nDesign ergon\u00f4mico<br \/>\nN\u00famero de bot\u00f5es: 6<br \/>\nEstrutura resistente<br \/>\nComprimento do cabo: 1.50m<br \/>\nCabo de PVC<br \/>\nSensor \u00f3ptico<br \/>\nResolu\u00e7\u00e3o \u00f3tica: 800, 1600, 2400, 3200, 4800 e 6400 DPI<br \/>\nDimens\u00f5es do mouse (AxCxL): 4 cm x 11,5 cm x 6 cm<br \/>\nPeso mouse: 104g<\/p>\n","protected":false},"excerpt":{"rendered":"<p>KIT TECLADO E MOUSE HP GAMER KM300F PRETO RGB<\/p>\n","protected":false},"featured_media":9572,"template":"","meta":{"om_disable_all_campaigns":false,"_monsterinsights_skip_tracking":false,"_monsterinsights_sitenote_active":false,"_monsterinsights_sitenote_note":"","_monsterinsights_sitenote_category":0},"product_brand":[],"product_cat":[296,387,384],"product_tag":[],"class_list":{"0":"post-9571","1":"product","2":"type-product","3":"status-publish","4":"has-post-thumbnail","6":"product_cat-informatica","7":"product_cat-kit-teclado-e-mouse","8":"product_cat-perifericos","9":"thunk-woo-product-list","10":"big-store-woo-hover-zoom","11":"open-single-product-tab-horizontal","12":"open-shadow-","13":"open-shadow-hover-","15":"first","16":"outofstock","17":"sale","18":"shipping-taxable","19":"purchasable","20":"product-type-simple"},"aioseo_notices":[],"_links":{"self":[{"href":"https:\/\/infomacrio.com.br\/index.php\/wp-json\/wp\/v2\/product\/9571","targetHints":{"allow":["GET"]}}],"collection":[{"href":"https:\/\/infomacrio.com.br\/index.php\/wp-json\/wp\/v2\/product"}],"about":[{"href":"https:\/\/infomacrio.com.br\/index.php\/wp-json\/wp\/v2\/types\/product"}],"wp:featuredmedia":[{"embeddable":true,"href":"https:\/\/infomacrio.com.br\/index.php\/wp-json\/wp\/v2\/media\/9572"}],"wp:attachment":[{"href":"https:\/\/infomacrio.com.br\/index.php\/wp-json\/wp\/v2\/media?parent=9571"}],"wp:term":[{"taxonomy":"product_brand","embeddable":true,"href":"https:\/\/infomacrio.com.br\/index.php\/wp-json\/wp\/v2\/product_brand?post=9571"},{"taxonomy":"product_cat","embeddable":true,"href":"https:\/\/infomacrio.com.br\/index.php\/wp-json\/wp\/v2\/product_cat?post=9571"},{"taxonomy":"product_tag","embeddable":true,"href":"https:\/\/infomacrio.com.br\/index.php\/wp-json\/wp\/v2\/product_tag?post=9571"}],"curies":[{"name":"wp","href":"https:\/\/api.w.org\/{rel}","templated":true}]}}