{"id":9543,"date":"2024-04-17T11:23:00","date_gmt":"2024-04-17T14:23:00","guid":{"rendered":"https:\/\/infomacrio.com.br\/index.php\/produto\/onu-v-sol-xpon-v2801sg-preta-apc\/"},"modified":"2026-04-13T15:11:14","modified_gmt":"2026-04-13T18:11:14","slug":"onu-v-sol-xpon-v2801sg-preta-apc","status":"publish","type":"product","link":"https:\/\/infomacrio.com.br\/index.php\/produto\/onu-v-sol-xpon-v2801sg-preta-apc\/","title":{"rendered":"ONU V-SOL XPON V2801SG PRETA APC"},"content":{"rendered":"<p>O modelo V2801SG da V-SOL \u00e9 uma ONU que oferece \u00f3tima performance na comunica\u00e7\u00e3o de produtos em rede, convertendo o sinal de fibra \u00f3ptica em sinal Ethernet.<\/p>\n<p>Com design discreto e de f\u00e1cil configura\u00e7\u00e3o, o equipamento atende todas as necessidades de servi\u00e7os dos usu\u00e1rios finais.<br \/>\nO produto atende tamb\u00e9m operadoras de telecomunica\u00e7\u00f5es FTTO (Escrit\u00f3rio), FTTD (Desk), velocidade de banda larga FTTH (Home), acesso \u00e0 banda larga SOHO, vigil\u00e2ncia por v\u00eddeo, entre outros.<\/p>\n<p>Compat\u00edvel com 99% das OLT\u00b4s do mercado<\/p>\n<p>H\u00edbrido (GPON\/EPON)<\/p>\n<p>Bridge \/ PPPoE<\/p>\n<p>1 Porta Gigabit<\/p>\n<p>Chipset ZTE<\/p>\n<p>SC\/APC<\/p>\n<p>Preset<\/p>\n<p>IPV6<\/p>\n<p>Certificado Anatel<\/p>\n","protected":false},"excerpt":{"rendered":"<p>ONU V-SOL XPON V2801SG PRETA APC<\/p>\n","protected":false},"featured_media":9544,"template":"","meta":{"om_disable_all_campaigns":false,"_monsterinsights_skip_tracking":false,"_monsterinsights_sitenote_active":false,"_monsterinsights_sitenote_note":"","_monsterinsights_sitenote_category":0},"product_brand":[],"product_cat":[301,381,364],"product_tag":[],"class_list":{"0":"post-9543","1":"product","2":"type-product","3":"status-publish","4":"has-post-thumbnail","6":"product_cat-fibra-optica","7":"product_cat-hibrida","8":"product_cat-onu-ont","9":"thunk-woo-product-list","10":"big-store-woo-hover-zoom","11":"open-single-product-tab-horizontal","12":"open-shadow-","13":"open-shadow-hover-","15":"first","16":"instock","17":"sale","18":"shipping-taxable","19":"purchasable","20":"product-type-simple"},"aioseo_notices":[],"_links":{"self":[{"href":"https:\/\/infomacrio.com.br\/index.php\/wp-json\/wp\/v2\/product\/9543","targetHints":{"allow":["GET"]}}],"collection":[{"href":"https:\/\/infomacrio.com.br\/index.php\/wp-json\/wp\/v2\/product"}],"about":[{"href":"https:\/\/infomacrio.com.br\/index.php\/wp-json\/wp\/v2\/types\/product"}],"wp:featuredmedia":[{"embeddable":true,"href":"https:\/\/infomacrio.com.br\/index.php\/wp-json\/wp\/v2\/media\/9544"}],"wp:attachment":[{"href":"https:\/\/infomacrio.com.br\/index.php\/wp-json\/wp\/v2\/media?parent=9543"}],"wp:term":[{"taxonomy":"product_brand","embeddable":true,"href":"https:\/\/infomacrio.com.br\/index.php\/wp-json\/wp\/v2\/product_brand?post=9543"},{"taxonomy":"product_cat","embeddable":true,"href":"https:\/\/infomacrio.com.br\/index.php\/wp-json\/wp\/v2\/product_cat?post=9543"},{"taxonomy":"product_tag","embeddable":true,"href":"https:\/\/infomacrio.com.br\/index.php\/wp-json\/wp\/v2\/product_tag?post=9543"}],"curies":[{"name":"wp","href":"https:\/\/api.w.org\/{rel}","templated":true}]}}