{"id":9488,"date":"2024-03-12T09:21:03","date_gmt":"2024-03-12T12:21:03","guid":{"rendered":"https:\/\/infomacrio.com.br\/index.php\/produto\/alicate-universal-8-tramontina\/"},"modified":"2026-04-27T14:56:17","modified_gmt":"2026-04-27T17:56:17","slug":"alicate-universal-8-tramontina","status":"publish","type":"product","link":"https:\/\/infomacrio.com.br\/index.php\/produto\/alicate-universal-8-tramontina\/","title":{"rendered":"ALICATE UNIVERSAL 8&#8243; &#8211; TRAMONTINA"},"content":{"rendered":"<p>O Alicate Universal 8 Polegadas Isolado 1000 V Tramontina MASTER \u00e9 a op\u00e7\u00e3o perfeita para quem precisa de um alicate vers\u00e1til e resistente! Produzido em a\u00e7o van\u00e1dio temperado, possui cabo de pl\u00e1stico ergon\u00f4mico que evita que os dedos escorreguem da ferramenta. O cabo tamb\u00e9m oferece prote\u00e7\u00e3o contra correntes el\u00e9tricas de at\u00e9 1.000 V em corrente alternada. Desenvolvido para cortar, apertar e dobrar cabos e metais, vai ser o auxiliar perfeito para suas tarefas.<\/p>\n","protected":false},"excerpt":{"rendered":"<p>ALICATE UNIVERSAL 8&#8243; &#8211; TRAMONTINA<\/p>\n","protected":false},"featured_media":9490,"template":"","meta":{"om_disable_all_campaigns":false,"_monsterinsights_skip_tracking":false,"_monsterinsights_sitenote_active":false,"_monsterinsights_sitenote_note":"","_monsterinsights_sitenote_category":0},"product_brand":[],"product_cat":[313,408],"product_tag":[],"class_list":{"0":"post-9488","1":"product","2":"type-product","3":"status-publish","4":"has-post-thumbnail","6":"product_cat-ferramentas","7":"product_cat-para-diversos","8":"thunk-woo-product-list","9":"big-store-woo-hover-zoom","10":"open-single-product-tab-horizontal","11":"open-shadow-","12":"open-shadow-hover-","14":"first","15":"instock","16":"sale","17":"shipping-taxable","18":"purchasable","19":"product-type-simple"},"aioseo_notices":[],"_links":{"self":[{"href":"https:\/\/infomacrio.com.br\/index.php\/wp-json\/wp\/v2\/product\/9488","targetHints":{"allow":["GET"]}}],"collection":[{"href":"https:\/\/infomacrio.com.br\/index.php\/wp-json\/wp\/v2\/product"}],"about":[{"href":"https:\/\/infomacrio.com.br\/index.php\/wp-json\/wp\/v2\/types\/product"}],"wp:featuredmedia":[{"embeddable":true,"href":"https:\/\/infomacrio.com.br\/index.php\/wp-json\/wp\/v2\/media\/9490"}],"wp:attachment":[{"href":"https:\/\/infomacrio.com.br\/index.php\/wp-json\/wp\/v2\/media?parent=9488"}],"wp:term":[{"taxonomy":"product_brand","embeddable":true,"href":"https:\/\/infomacrio.com.br\/index.php\/wp-json\/wp\/v2\/product_brand?post=9488"},{"taxonomy":"product_cat","embeddable":true,"href":"https:\/\/infomacrio.com.br\/index.php\/wp-json\/wp\/v2\/product_cat?post=9488"},{"taxonomy":"product_tag","embeddable":true,"href":"https:\/\/infomacrio.com.br\/index.php\/wp-json\/wp\/v2\/product_tag?post=9488"}],"curies":[{"name":"wp","href":"https:\/\/api.w.org\/{rel}","templated":true}]}}