{"id":9453,"date":"2024-02-22T15:12:55","date_gmt":"2024-02-22T18:12:55","guid":{"rendered":"https:\/\/infomacrio.com.br\/index.php\/produto\/kit-teclado-e-mouse-sem-fio-lecoo-kw201\/"},"modified":"2025-08-08T08:02:46","modified_gmt":"2025-08-08T11:02:46","slug":"kit-teclado-e-mouse-sem-fio-lecoo-kw201","status":"publish","type":"product","link":"https:\/\/infomacrio.com.br\/index.php\/produto\/kit-teclado-e-mouse-sem-fio-lecoo-kw201\/","title":{"rendered":"KIT TECLADO E MOUSE SEM FIO LECOO KW201"},"content":{"rendered":"<p>O teclado de membrana com layout abnt2 e perfil baixo oferece digita\u00e7\u00e3o confort\u00e1vel, tendo uma conectividade simples, com alcance de at\u00e9 10 metros e transmiss\u00e3o via nano usb. O mouse \u00e9 leve, resistente e ajust\u00e1vel at\u00e9 2400 dpi, proporcionando controle nas tarefas. O combo kw201 \u00e9 plug and play, n\u00e3o requer instala\u00e7\u00e3o. Basta conectar e aproveitar a precis\u00e3o desta dupla sem fio.<\/p>\n<p>Informa\u00e7\u00f5es T\u00e9cnicas<\/p>\n<p>Caracter\u00edsticas Kit Lecoo KW201 Teclado Membrana Mouse \u00d3ptico &#8211; Preto<br \/>\n&#8211; Marca: Lecoo<br \/>\n&#8211; Modelo: KW201<\/p>\n<p>Especifica\u00e7\u00f5es Combo Teclado e Mouse KW201 Lecoo<\/p>\n<p>Teclado:<br \/>\n&#8211; Sistema de Tecla: Membrana<br \/>\n&#8211; Tipo de Tecla: Baixa<br \/>\n&#8211; Tipo de Grava\u00e7\u00e3o na Tecla\/Serigrafia: Silk<br \/>\n&#8211; Quantidade de Teclas: 107<br \/>\n&#8211; Layout: ABNT2<br \/>\n&#8211; Possui Atalhos Multim\u00eddia: Sim<br \/>\n&#8211; Quantidade de Atalhos: 12<br \/>\n&#8211; Vida \u00datil da Tecla: 10 milh\u00f5es de vezes<br \/>\n&#8211; Alimenta\u00e7\u00e3o: 1 Pilha AAA<br \/>\n&#8211; Dimens\u00e3o: 43 x 12.7 x 2 cm<br \/>\n&#8211; Peso: 410g<\/p>\n<p>Mouse:<br \/>\n&#8211; DPI: 800-1200-1800-2400<br \/>\n&#8211; DPI M\u00e1ximo: 2400<br \/>\n&#8211; Possui Ajuste de DPI: Sim<br \/>\n&#8211; Tipo de Sensor: \u00d3ptico<br \/>\n&#8211; Quantidade de Bot\u00f5es: 4<br \/>\n&#8211; Possui Scroll: Sim<br \/>\n&#8211; Ergon\u00f4mico: Sim<br \/>\n&#8211; Ambidestro: Sim<br \/>\n&#8211; Vida \u00datil do Bot\u00e3o: 3 milh\u00f5es de vezes<br \/>\n&#8211; Alimenta\u00e7\u00e3o: 1 Pilha AA<br \/>\n&#8211; Dimens\u00e3o: 5.9 x 10.7 x 3.4 cm<br \/>\n&#8211; Peso: 70g<\/p>\n<p>&#8211; Conex\u00e3o: Wireless 2.4GHz<br \/>\n&#8211; Raio de Comunica\u00e7\u00e3o: At\u00e9 10 metros<br \/>\n&#8211; Tipo de Receptor sem Fio: Nano USB<br \/>\n&#8211; Plug and Play: Sim<br \/>\n&#8211; Compatibilidade: Win XP\/7\/8\/10<\/p>\n","protected":false},"excerpt":{"rendered":"<p>KIT TECLADO E MOUSE SEM FIO LECOO KW201<\/p>\n","protected":false},"featured_media":9454,"template":"","meta":{"om_disable_all_campaigns":false,"_monsterinsights_skip_tracking":false,"_monsterinsights_sitenote_active":false,"_monsterinsights_sitenote_note":"","_monsterinsights_sitenote_category":0},"product_brand":[],"product_cat":[296,387,384],"product_tag":[],"class_list":{"0":"post-9453","1":"product","2":"type-product","3":"status-publish","4":"has-post-thumbnail","6":"product_cat-informatica","7":"product_cat-kit-teclado-e-mouse","8":"product_cat-perifericos","9":"thunk-woo-product-list","10":"big-store-woo-hover-zoom","11":"open-single-product-tab-horizontal","12":"open-shadow-","13":"open-shadow-hover-","15":"first","16":"instock","17":"sale","18":"shipping-taxable","19":"purchasable","20":"product-type-simple"},"aioseo_notices":[],"_links":{"self":[{"href":"https:\/\/infomacrio.com.br\/index.php\/wp-json\/wp\/v2\/product\/9453","targetHints":{"allow":["GET"]}}],"collection":[{"href":"https:\/\/infomacrio.com.br\/index.php\/wp-json\/wp\/v2\/product"}],"about":[{"href":"https:\/\/infomacrio.com.br\/index.php\/wp-json\/wp\/v2\/types\/product"}],"wp:featuredmedia":[{"embeddable":true,"href":"https:\/\/infomacrio.com.br\/index.php\/wp-json\/wp\/v2\/media\/9454"}],"wp:attachment":[{"href":"https:\/\/infomacrio.com.br\/index.php\/wp-json\/wp\/v2\/media?parent=9453"}],"wp:term":[{"taxonomy":"product_brand","embeddable":true,"href":"https:\/\/infomacrio.com.br\/index.php\/wp-json\/wp\/v2\/product_brand?post=9453"},{"taxonomy":"product_cat","embeddable":true,"href":"https:\/\/infomacrio.com.br\/index.php\/wp-json\/wp\/v2\/product_cat?post=9453"},{"taxonomy":"product_tag","embeddable":true,"href":"https:\/\/infomacrio.com.br\/index.php\/wp-json\/wp\/v2\/product_tag?post=9453"}],"curies":[{"name":"wp","href":"https:\/\/api.w.org\/{rel}","templated":true}]}}