{"id":9373,"date":"2024-01-31T13:52:54","date_gmt":"2024-01-31T16:52:54","guid":{"rendered":"https:\/\/infomacrio.com.br\/index.php\/produto\/ont-v-sol-xpon-ac1200-v2802dac-4ant\/"},"modified":"2026-04-10T13:11:04","modified_gmt":"2026-04-10T16:11:04","slug":"ont-v-sol-xpon-ac1200-v2802dac-4ant","status":"publish","type":"product","link":"https:\/\/infomacrio.com.br\/index.php\/produto\/ont-v-sol-xpon-ac1200-v2802dac-4ant\/","title":{"rendered":"ONT V-SOL XPON AC1200 V2802DAC 4ANT"},"content":{"rendered":"<p>O modelo V2802DAC 1200G da V-SOL \u00e9 uma ONT projetada especialmente para atender diferentes solu\u00e7\u00f5es da rede FTTx.<\/p>\n<p>O produto \u00e9 baseado em uma tecnologia de alto desempenho, suportando a tecnologia de Wi-fi 5 IEEE802.11b\/g\/n\/ac e podendo fornecer os principais servi\u00e7os de dados para aplica\u00e7\u00e3o FTTx.<\/p>\n<p>A ONT V2802DAC 1200G conta tamb\u00e9m com a mais recente tecnologia EasyMesh, para desfrutar de sinais com alta densidade na rede.<\/p>\n","protected":false},"excerpt":{"rendered":"<p>ONT V-SOL XPON AC1200 V2802DAC 4ANT<\/p>\n","protected":false},"featured_media":9377,"template":"","meta":{"om_disable_all_campaigns":false,"_monsterinsights_skip_tracking":false,"_monsterinsights_sitenote_active":false,"_monsterinsights_sitenote_note":"","_monsterinsights_sitenote_category":0},"product_brand":[],"product_cat":[301,381,364,423,294],"product_tag":[],"class_list":{"0":"post-9373","1":"product","2":"type-product","3":"status-publish","4":"has-post-thumbnail","6":"product_cat-fibra-optica","7":"product_cat-hibrida","8":"product_cat-onu-ont","9":"product_cat-roteador-wireless","10":"product_cat-wireless","11":"thunk-woo-product-list","12":"big-store-woo-hover-zoom","13":"open-single-product-tab-horizontal","14":"open-shadow-","15":"open-shadow-hover-","17":"first","18":"instock","19":"sale","20":"shipping-taxable","21":"purchasable","22":"product-type-simple"},"aioseo_notices":[],"_links":{"self":[{"href":"https:\/\/infomacrio.com.br\/index.php\/wp-json\/wp\/v2\/product\/9373","targetHints":{"allow":["GET"]}}],"collection":[{"href":"https:\/\/infomacrio.com.br\/index.php\/wp-json\/wp\/v2\/product"}],"about":[{"href":"https:\/\/infomacrio.com.br\/index.php\/wp-json\/wp\/v2\/types\/product"}],"wp:featuredmedia":[{"embeddable":true,"href":"https:\/\/infomacrio.com.br\/index.php\/wp-json\/wp\/v2\/media\/9377"}],"wp:attachment":[{"href":"https:\/\/infomacrio.com.br\/index.php\/wp-json\/wp\/v2\/media?parent=9373"}],"wp:term":[{"taxonomy":"product_brand","embeddable":true,"href":"https:\/\/infomacrio.com.br\/index.php\/wp-json\/wp\/v2\/product_brand?post=9373"},{"taxonomy":"product_cat","embeddable":true,"href":"https:\/\/infomacrio.com.br\/index.php\/wp-json\/wp\/v2\/product_cat?post=9373"},{"taxonomy":"product_tag","embeddable":true,"href":"https:\/\/infomacrio.com.br\/index.php\/wp-json\/wp\/v2\/product_tag?post=9373"}],"curies":[{"name":"wp","href":"https:\/\/api.w.org\/{rel}","templated":true}]}}