{"id":9334,"date":"2024-01-17T16:56:49","date_gmt":"2024-01-17T19:56:49","guid":{"rendered":"https:\/\/infomacrio.com.br\/index.php\/produto\/olt-vsol-gpon-8-portas-v1600g1-b\/"},"modified":"2026-03-27T16:30:30","modified_gmt":"2026-03-27T19:30:30","slug":"olt-vsol-gpon-8-portas-v1600g1-b","status":"publish","type":"product","link":"https:\/\/infomacrio.com.br\/index.php\/produto\/olt-vsol-gpon-8-portas-v1600g1-b\/","title":{"rendered":"OLT V-SOL GPON 8 PORTAS V1600G1-B"},"content":{"rendered":"<p>O modelo V1600G1\u2010B da V-SOL \u00e9 uma OLT GPON que conta com Chipset Broadcom, design compacto e atende a v\u00e1rios cen\u00e1rios de aplica\u00e7\u00e3o.<\/p>\n<p>O equipamento conta com prote\u00e7\u00e3o de seguran\u00e7a de classe de operadora, fun\u00e7\u00e3o de gerenciamento SNMP, Telnet, CLI, WEB, SSH v2 e possui monitoramento do status da porta de gerenciamento e de configura\u00e7\u00e3o, com configura\u00e7\u00e3o e gerenciamento dos dispositivos on-line, gerenciamento de usu\u00e1rios e de alarmes.<\/p>\n<p>A OLT tem suporte VLAN tag \/ Un-tag, VLAN transmiss\u00e3o transparente e tradu\u00e7\u00e3o de VLAN e QinQ, com fun\u00e7\u00f5es de GPON de DBA Tcont e tr\u00e1fego Gemport em conformidade com o padr\u00e3o ITU-T984.x<\/p>\n<p>Tecnologia GPON<br \/>\nChipset Broadcom<br \/>\nAt\u00e9 1024 usu\u00e1rios<br \/>\n8 Portas SFP (DOWNLINK)<br \/>\n6 Portas SFP (UPLINK)<br \/>\n2 Portas SFP 10G (UPLINK)<br \/>\n4 Portas LAN Gigabit<br \/>\n1 Porta Auxiliar<br \/>\n1 Porta Console<br \/>\n1 Fonte AC<br \/>\nFormato 1U<br \/>\nGerenciamento via CLI ou WEB<\/p>\n","protected":false},"excerpt":{"rendered":"<p>OLT V-SOL GPON 8 PORTAS V1600G1-B<\/p>\n","protected":false},"featured_media":9335,"template":"","meta":{"om_disable_all_campaigns":false,"_monsterinsights_skip_tracking":false,"_monsterinsights_sitenote_active":false,"_monsterinsights_sitenote_note":"","_monsterinsights_sitenote_category":0},"product_brand":[],"product_cat":[301,437],"product_tag":[],"class_list":{"0":"post-9334","1":"product","2":"type-product","3":"status-publish","4":"has-post-thumbnail","6":"product_cat-fibra-optica","7":"product_cat-olt","8":"thunk-woo-product-list","9":"big-store-woo-hover-zoom","10":"open-single-product-tab-horizontal","11":"open-shadow-","12":"open-shadow-hover-","14":"first","15":"instock","16":"sale","17":"shipping-taxable","18":"purchasable","19":"product-type-simple"},"aioseo_notices":[],"_links":{"self":[{"href":"https:\/\/infomacrio.com.br\/index.php\/wp-json\/wp\/v2\/product\/9334","targetHints":{"allow":["GET"]}}],"collection":[{"href":"https:\/\/infomacrio.com.br\/index.php\/wp-json\/wp\/v2\/product"}],"about":[{"href":"https:\/\/infomacrio.com.br\/index.php\/wp-json\/wp\/v2\/types\/product"}],"wp:featuredmedia":[{"embeddable":true,"href":"https:\/\/infomacrio.com.br\/index.php\/wp-json\/wp\/v2\/media\/9335"}],"wp:attachment":[{"href":"https:\/\/infomacrio.com.br\/index.php\/wp-json\/wp\/v2\/media?parent=9334"}],"wp:term":[{"taxonomy":"product_brand","embeddable":true,"href":"https:\/\/infomacrio.com.br\/index.php\/wp-json\/wp\/v2\/product_brand?post=9334"},{"taxonomy":"product_cat","embeddable":true,"href":"https:\/\/infomacrio.com.br\/index.php\/wp-json\/wp\/v2\/product_cat?post=9334"},{"taxonomy":"product_tag","embeddable":true,"href":"https:\/\/infomacrio.com.br\/index.php\/wp-json\/wp\/v2\/product_tag?post=9334"}],"curies":[{"name":"wp","href":"https:\/\/api.w.org\/{rel}","templated":true}]}}