{"id":9296,"date":"2024-01-05T11:20:52","date_gmt":"2024-01-05T14:20:52","guid":{"rendered":"https:\/\/infomacrio.com.br\/index.php\/produto\/dio-24fo-shoreline-sc-apc-completo\/"},"modified":"2026-02-21T10:32:29","modified_gmt":"2026-02-21T13:32:29","slug":"dio-24fo-shoreline-sc-apc-completo","status":"publish","type":"product","link":"https:\/\/infomacrio.com.br\/index.php\/produto\/dio-24fo-shoreline-sc-apc-completo\/","title":{"rendered":"DIO 24FO SHORELINE SC-APC COMPLETO"},"content":{"rendered":"<p>O Distribuidor interno \u00f3ptico (DIO) tem a finalidade de ser um ponto de distribui\u00e7\u00e3o e\/ou manobra da rede \u00f3ptica. Possui um sistema de gaveta deslizante frontal para o f\u00e1cil manuseio das fibras, possui 4 entradas para os cabos ou sangria dos mesmos. Painel frontal com adaptadores e pigtails SC\/APC. Bandeja central interna para utiliza\u00e7\u00e3o em sistemas de fus\u00e3o entre cabos \u00f3pticos. Todas as portas numeradas pra facilitar identifica\u00e7\u00e3o visual de cada conex\u00e3o e com pintura eletroest\u00e1tica.<\/p>\n<p>. Especifica\u00e7\u00f5es T\u00e9cnicas:<\/p>\n<p>Capacidade m\u00e1xima por bandeja: 24 fibras;<br \/>\nDimens\u00f5es: 435 x 295x 47mm \u2013 1U;<br \/>\nPeso: 4 kg;<br \/>\nTipo de conector: SC<br \/>\nTipo de polimento: APC;<br \/>\nAcabamento: Pintura eletroest\u00e1tica preta.<\/p>\n","protected":false},"excerpt":{"rendered":"<p>DIO 24FO SHORELINE SC-APC COMPLETO<\/p>\n","protected":false},"featured_media":9306,"template":"","meta":{"om_disable_all_campaigns":false,"_monsterinsights_skip_tracking":false,"_monsterinsights_sitenote_active":false,"_monsterinsights_sitenote_note":"","_monsterinsights_sitenote_category":0},"product_brand":[],"product_cat":[319,318,301],"product_tag":[],"class_list":{"0":"post-9296","1":"product","2":"type-product","3":"status-publish","4":"has-post-thumbnail","6":"product_cat-apc-dio-distribuidor-optico","7":"product_cat-dio-distribuidor-optico","8":"product_cat-fibra-optica","9":"thunk-woo-product-list","10":"big-store-woo-hover-zoom","11":"open-single-product-tab-horizontal","12":"open-shadow-","13":"open-shadow-hover-","15":"first","16":"instock","17":"sale","18":"shipping-taxable","19":"purchasable","20":"product-type-simple"},"aioseo_notices":[],"_links":{"self":[{"href":"https:\/\/infomacrio.com.br\/index.php\/wp-json\/wp\/v2\/product\/9296","targetHints":{"allow":["GET"]}}],"collection":[{"href":"https:\/\/infomacrio.com.br\/index.php\/wp-json\/wp\/v2\/product"}],"about":[{"href":"https:\/\/infomacrio.com.br\/index.php\/wp-json\/wp\/v2\/types\/product"}],"wp:featuredmedia":[{"embeddable":true,"href":"https:\/\/infomacrio.com.br\/index.php\/wp-json\/wp\/v2\/media\/9306"}],"wp:attachment":[{"href":"https:\/\/infomacrio.com.br\/index.php\/wp-json\/wp\/v2\/media?parent=9296"}],"wp:term":[{"taxonomy":"product_brand","embeddable":true,"href":"https:\/\/infomacrio.com.br\/index.php\/wp-json\/wp\/v2\/product_brand?post=9296"},{"taxonomy":"product_cat","embeddable":true,"href":"https:\/\/infomacrio.com.br\/index.php\/wp-json\/wp\/v2\/product_cat?post=9296"},{"taxonomy":"product_tag","embeddable":true,"href":"https:\/\/infomacrio.com.br\/index.php\/wp-json\/wp\/v2\/product_tag?post=9296"}],"curies":[{"name":"wp","href":"https:\/\/api.w.org\/{rel}","templated":true}]}}