{"id":9262,"date":"2023-12-27T12:52:02","date_gmt":"2023-12-27T15:52:02","guid":{"rendered":"https:\/\/infomacrio.com.br\/index.php\/produto\/kit-teclado-e-mouse-sem-fio-c3tech-k-w20bk\/"},"modified":"2025-08-08T08:02:47","modified_gmt":"2025-08-08T11:02:47","slug":"kit-teclado-e-mouse-sem-fio-c3tech-k-w20bk","status":"publish","type":"product","link":"https:\/\/infomacrio.com.br\/index.php\/produto\/kit-teclado-e-mouse-sem-fio-c3tech-k-w20bk\/","title":{"rendered":"KIT TECLADO E MOUSE SEM FIO C3TECH K-W20BK"},"content":{"rendered":"<p>&#8211; Marca: C3tech<br \/>\n&#8211; Modelo: K-W20BK<\/p>\n<p>Especifica\u00e7\u00f5es t\u00e9cnicas:<\/p>\n<p>&#8211; Conex\u00e3o WIFI 2,4 ghz<br \/>\n&#8211; Raio de comunica\u00e7\u00e3o sem fio at\u00e9 12 m<br \/>\n&#8211; Tipo de receptor: sem fio nano USB<br \/>\n&#8211; Plug and play: sim<br \/>\n&#8211; Compatibilidade: Windows xp 7 8 10, Linuxm, MacOS<br \/>\n&#8211; Sistema de tecla membrana<br \/>\n&#8211; Tipo de switch tecla baixa (chocolate)<br \/>\n&#8211; Tipo de grava\u00e7\u00e3o na tecla serigrafia silk<br \/>\n&#8211; Quantidade de bot\u00f5es: 107<br \/>\n&#8211; Layout ABNT2<br \/>\n&#8211; Possui atalhos multim\u00eddia: sim<br \/>\n&#8211; Quantidade de atalhos multim\u00eddia: 12<br \/>\n&#8211; Possui ilumina\u00e7\u00e3o: n\u00e3o<br \/>\n&#8211; Anti respingo: sim<br \/>\n&#8211; Alimenta\u00e7\u00e3o teclado: 1 pilha AA<br \/>\n&#8211; DPI m\u00e1ximo mouse: 1000<br \/>\n&#8211; Possui ajuste de DPI: n\u00e3o<br \/>\n&#8211; Sensor \u00f3ptico<br \/>\n&#8211; Modelo de sensor 1001<br \/>\n&#8211; Quantidade de bot\u00f5es 3<br \/>\n&#8211; Possui scroll: sim<br \/>\n&#8211; Possui bot\u00e3o em scroll: sim<br \/>\n&#8211; Ambidestro: sim<br \/>\n&#8211; Alimenta\u00e7\u00e3o do mouse: 2 pilhas AAA<br \/>\n&#8211; Tempo de vida de tecla de teclado: 80 milh\u00f5es de acionamentos<br \/>\n&#8211; Tempo de vida de bot\u00e3o de mouse: 1 milh\u00e3o de acionamentos<br \/>\n&#8211; Tempo de vida de scroll de mouse: 200 mil voltas<\/p>\n","protected":false},"excerpt":{"rendered":"<p>KIT TECLADO E MOUSE SEM FIO C3TECH K-W20BK<\/p>\n","protected":false},"featured_media":9265,"template":"","meta":{"om_disable_all_campaigns":false,"_monsterinsights_skip_tracking":false,"_monsterinsights_sitenote_active":false,"_monsterinsights_sitenote_note":"","_monsterinsights_sitenote_category":0},"product_brand":[],"product_cat":[296,387,384],"product_tag":[],"class_list":{"0":"post-9262","1":"product","2":"type-product","3":"status-publish","4":"has-post-thumbnail","6":"product_cat-informatica","7":"product_cat-kit-teclado-e-mouse","8":"product_cat-perifericos","9":"thunk-woo-product-list","10":"big-store-woo-hover-zoom","11":"open-single-product-tab-horizontal","12":"open-shadow-","13":"open-shadow-hover-","15":"first","16":"outofstock","17":"sale","18":"shipping-taxable","19":"purchasable","20":"product-type-simple"},"aioseo_notices":[],"_links":{"self":[{"href":"https:\/\/infomacrio.com.br\/index.php\/wp-json\/wp\/v2\/product\/9262","targetHints":{"allow":["GET"]}}],"collection":[{"href":"https:\/\/infomacrio.com.br\/index.php\/wp-json\/wp\/v2\/product"}],"about":[{"href":"https:\/\/infomacrio.com.br\/index.php\/wp-json\/wp\/v2\/types\/product"}],"wp:featuredmedia":[{"embeddable":true,"href":"https:\/\/infomacrio.com.br\/index.php\/wp-json\/wp\/v2\/media\/9265"}],"wp:attachment":[{"href":"https:\/\/infomacrio.com.br\/index.php\/wp-json\/wp\/v2\/media?parent=9262"}],"wp:term":[{"taxonomy":"product_brand","embeddable":true,"href":"https:\/\/infomacrio.com.br\/index.php\/wp-json\/wp\/v2\/product_brand?post=9262"},{"taxonomy":"product_cat","embeddable":true,"href":"https:\/\/infomacrio.com.br\/index.php\/wp-json\/wp\/v2\/product_cat?post=9262"},{"taxonomy":"product_tag","embeddable":true,"href":"https:\/\/infomacrio.com.br\/index.php\/wp-json\/wp\/v2\/product_tag?post=9262"}],"curies":[{"name":"wp","href":"https:\/\/api.w.org\/{rel}","templated":true}]}}