{"id":9227,"date":"2023-12-08T11:07:42","date_gmt":"2023-12-08T14:07:42","guid":{"rendered":"https:\/\/infomacrio.com.br\/index.php\/produto\/fonte-real-aerocool-700w-80-plus-full-range-apfc\/"},"modified":"2025-11-19T08:50:41","modified_gmt":"2025-11-19T11:50:41","slug":"fonte-real-aerocool-700w-80-plus-full-range-apfc","status":"publish","type":"product","link":"https:\/\/infomacrio.com.br\/index.php\/produto\/fonte-real-aerocool-700w-80-plus-full-range-apfc\/","title":{"rendered":"FONTE REAL AEROCOOL 700W 80 PLUS FULL RANGE APFC"},"content":{"rendered":"<p>A Fonte Gamer ATX Aerocool KCAS 700W \u00e9 um modelo que proporciona mais poder e pot\u00eancia, uma fonte que ir\u00e1 mudar os padr\u00f5es conhecidos. Equipada com um fan de 12cm super silencioso, com controle inteligente de temperatura. Girando em alta velocidade quando mais exigido e reduzindo a velocidade em momentos de menor carga. \u00c9 uma fonte gamer ATX full range, compat\u00edvel com as placas de v\u00eddeo atuais.<\/p>\n<p>Corrente:\u00a020A \/ 20A \/ 53A \/ 0.4A \/ 2.5A<\/p>\n<p>Pinos:\u00a06 + 2PIN PCIe &#8211; 20 + 4P e CPU 4 + 4P | 20 + 4P e CPU 4 + 4P<\/p>\n<p>Pot\u00eancia:\u00a0700W<\/p>\n<p>Tens\u00e3o Entrada:\u00a0115 ~ 230Vac \/9.5 ~ 4.5A \/ 63 ~ 47Hz<\/p>\n<p>Tens\u00e3o Sa\u00edda:\u00a0+3.3V \/ +5V \/ +12V \/ -12V \/ +5Vsb<\/p>\n<p>Informa\u00e7\u00e3o adicional:<br \/>\n\u2022 80 Plus Bronze com PFC Ativo<br \/>\n\u2022 Com ventoinha fan de 12cm com controle inteligente de temperatura<br \/>\n\u2022 Compat\u00edvel com ATX12V<br \/>\n\u2022 Prote\u00e7\u00f5es OVP \/ UVP \/ OPP \/ SCP \/ SIP<br \/>\n\u2022 Seguran\u00e7a e EMC certificada pela CE e TUV<br \/>\n\u2022 ECO amig\u00e1vel com as diretivas RoHS e Erp 2013<br \/>\n\u2022 Full Range (Bivolt Autom\u00e1tica)<\/p>\n","protected":false},"excerpt":{"rendered":"<p>FONTE REAL AEROCOOL 700W 80 PLUS FULL RANGE APFC<\/p>\n","protected":false},"featured_media":9233,"template":"","meta":{"om_disable_all_campaigns":false,"_monsterinsights_skip_tracking":false,"_monsterinsights_sitenote_active":false,"_monsterinsights_sitenote_note":"","_monsterinsights_sitenote_category":0},"product_brand":[],"product_cat":[374,354,296],"product_tag":[],"class_list":{"0":"post-9227","1":"product","2":"type-product","3":"status-publish","4":"has-post-thumbnail","6":"product_cat-fonte-atx","7":"product_cat-hardware","8":"product_cat-informatica","9":"thunk-woo-product-list","10":"big-store-woo-hover-zoom","11":"open-single-product-tab-horizontal","12":"open-shadow-","13":"open-shadow-hover-","15":"first","16":"instock","17":"sale","18":"shipping-taxable","19":"purchasable","20":"product-type-simple"},"aioseo_notices":[],"_links":{"self":[{"href":"https:\/\/infomacrio.com.br\/index.php\/wp-json\/wp\/v2\/product\/9227","targetHints":{"allow":["GET"]}}],"collection":[{"href":"https:\/\/infomacrio.com.br\/index.php\/wp-json\/wp\/v2\/product"}],"about":[{"href":"https:\/\/infomacrio.com.br\/index.php\/wp-json\/wp\/v2\/types\/product"}],"wp:featuredmedia":[{"embeddable":true,"href":"https:\/\/infomacrio.com.br\/index.php\/wp-json\/wp\/v2\/media\/9233"}],"wp:attachment":[{"href":"https:\/\/infomacrio.com.br\/index.php\/wp-json\/wp\/v2\/media?parent=9227"}],"wp:term":[{"taxonomy":"product_brand","embeddable":true,"href":"https:\/\/infomacrio.com.br\/index.php\/wp-json\/wp\/v2\/product_brand?post=9227"},{"taxonomy":"product_cat","embeddable":true,"href":"https:\/\/infomacrio.com.br\/index.php\/wp-json\/wp\/v2\/product_cat?post=9227"},{"taxonomy":"product_tag","embeddable":true,"href":"https:\/\/infomacrio.com.br\/index.php\/wp-json\/wp\/v2\/product_tag?post=9227"}],"curies":[{"name":"wp","href":"https:\/\/api.w.org\/{rel}","templated":true}]}}