{"id":9222,"date":"2023-11-30T17:56:09","date_gmt":"2023-11-30T20:56:09","guid":{"rendered":"https:\/\/infomacrio.com.br\/index.php\/produto\/headset-gamer-fortrek-blackfire\/"},"modified":"2025-12-08T11:28:08","modified_gmt":"2025-12-08T14:28:08","slug":"headset-gamer-fortrek-blackfire","status":"publish","type":"product","link":"https:\/\/infomacrio.com.br\/index.php\/produto\/headset-gamer-fortrek-blackfire\/","title":{"rendered":"HEADSET GAMER FORTREK BLACKFIRE"},"content":{"rendered":"<p>O Headset Gamer Fortrek Blackfire \u00e9 a escolha ideal para gamers que desejam combinar um design moderno e confort\u00e1vel com uma qualidade de som excepcional. Alimentado por drivers magn\u00e9ticos de alto desempenho de 50 mm, este modelo proporciona reprodu\u00e7\u00e3o de \u00e1udio excepcional, com clareza e pot\u00eancia surpreendentes.<\/p>\n<p>Equipado com tecnologia avan\u00e7ada de cancelamento de ru\u00eddo, este headset bloqueia eficazmente os sons externos, garantindo uma experi\u00eancia auditiva imersiva e sem distra\u00e7\u00f5es. Al\u00e9m disso, para um conforto prolongado durante longas sess\u00f5es de jogo, as almofadas auriculares superconfort\u00e1veis e extra macias oferecem o suporte necess\u00e1rio. As al\u00e7as flex\u00edveis e dur\u00e1veis garantem um ajuste perfeito, permitindo que voc\u00ea jogue por horas a fio sem desconforto.<\/p>\n<p>O Headset Gamer Fortrek Blackfire adiciona um toque de estilo \u00e0 sua configura\u00e7\u00e3o, com luzes laterais em RGB Rainbow e o cabo tran\u00e7ado de 1,9 metros oferece durabilidade extra, evitando emaranhados e garantindo que voc\u00ea tenha liberdade de movimento enquanto joga. Com o Headset Gamer Fortrek Blackfire, voc\u00ea est\u00e1 preparado para qualquer desafio com conforto, qualidade de \u00e1udio superior e um toque de estilo.<\/p>\n<p>* INSTALA\u00c7\u00c3O E CONFIGURA\u00c7\u00c3O:<br \/>\nPara funcionamento de \u00e1udio, microfone e efeitos de ilumina\u00e7\u00e3o \u00e9 necess\u00e1rio o inserir em conex\u00f5es 2x P2 para conex\u00e3o de \u00e1udio e microfone e USB para efeitos de ilumina\u00e7\u00e3o nas respectivas portas dispon\u00edveis no computador.<\/p>\n","protected":false},"excerpt":{"rendered":"<p>HEADSET GAMER FORTREK BLACKFIRE<\/p>\n","protected":false},"featured_media":9224,"template":"","meta":{"om_disable_all_campaigns":false,"_monsterinsights_skip_tracking":false,"_monsterinsights_sitenote_active":false,"_monsterinsights_sitenote_note":"","_monsterinsights_sitenote_category":0},"product_brand":[],"product_cat":[380,296,336],"product_tag":[],"class_list":{"0":"post-9222","1":"product","2":"type-product","3":"status-publish","4":"has-post-thumbnail","6":"product_cat-headset","7":"product_cat-informatica","8":"product_cat-som","9":"thunk-woo-product-list","10":"big-store-woo-hover-zoom","11":"open-single-product-tab-horizontal","12":"open-shadow-","13":"open-shadow-hover-","15":"first","16":"outofstock","17":"sale","18":"shipping-taxable","19":"purchasable","20":"product-type-simple"},"aioseo_notices":[],"_links":{"self":[{"href":"https:\/\/infomacrio.com.br\/index.php\/wp-json\/wp\/v2\/product\/9222","targetHints":{"allow":["GET"]}}],"collection":[{"href":"https:\/\/infomacrio.com.br\/index.php\/wp-json\/wp\/v2\/product"}],"about":[{"href":"https:\/\/infomacrio.com.br\/index.php\/wp-json\/wp\/v2\/types\/product"}],"wp:featuredmedia":[{"embeddable":true,"href":"https:\/\/infomacrio.com.br\/index.php\/wp-json\/wp\/v2\/media\/9224"}],"wp:attachment":[{"href":"https:\/\/infomacrio.com.br\/index.php\/wp-json\/wp\/v2\/media?parent=9222"}],"wp:term":[{"taxonomy":"product_brand","embeddable":true,"href":"https:\/\/infomacrio.com.br\/index.php\/wp-json\/wp\/v2\/product_brand?post=9222"},{"taxonomy":"product_cat","embeddable":true,"href":"https:\/\/infomacrio.com.br\/index.php\/wp-json\/wp\/v2\/product_cat?post=9222"},{"taxonomy":"product_tag","embeddable":true,"href":"https:\/\/infomacrio.com.br\/index.php\/wp-json\/wp\/v2\/product_tag?post=9222"}],"curies":[{"name":"wp","href":"https:\/\/api.w.org\/{rel}","templated":true}]}}