{"id":9221,"date":"2023-11-30T17:36:35","date_gmt":"2023-11-30T20:36:35","guid":{"rendered":"https:\/\/infomacrio.com.br\/index.php\/produto\/headset-gamer-fortrek-crusader\/"},"modified":"2025-12-08T11:31:28","modified_gmt":"2025-12-08T14:31:28","slug":"headset-gamer-fortrek-crusader","status":"publish","type":"product","link":"https:\/\/infomacrio.com.br\/index.php\/produto\/headset-gamer-fortrek-crusader\/","title":{"rendered":"HEADSET GAMER FORTREK CRUSADER"},"content":{"rendered":"<p>O Headset Gamer Fortrek Crusader \u00e9 a escolha ideal para quem busca design moderno e confort\u00e1vel, sem comprometer a qualidade de som. Equipado com potentes drivers magn\u00e9ticos de 50 mm, este modelo garante experi\u00eancia sonora imersiva.<\/p>\n<p>Uma caracter\u00edstica not\u00e1vel do Crusader \u00e9 cancelamento de ru\u00eddo, que bloqueia de forma eficaz os sons externos indesejados, mantendo a qualidade de \u00e1udio impec\u00e1vel. O conforto \u00e9 primordial durante longas sess\u00f5es de jogo, e o Crusader n\u00e3o decepciona nesse aspecto. As almofadas superconfort\u00e1veis e extra macias garantem o conforto necess\u00e1rio durante horas de jogo, enquanto as al\u00e7as de metal flex\u00edveis e a tiara dur\u00e1vel proporcionam um ajuste seguro.<\/p>\n<p>Para adicionar um toque de estilo, o headset apresenta uma ilumina\u00e7\u00e3o LED RGB Rainbow que cria um visual incr\u00edvel. O cabo tran\u00e7ado de 1,9 metros garante durabilidade e flexibilidade, e voc\u00ea pode conectar o headset atrav\u00e9s do conector USB ou dos dois conectores P2, sendo fornecido um adaptador P3 para versatilidade de conex\u00e3o. Com o Headset Gamer Fortrek Crusader, voc\u00ea experimentar\u00e1 n\u00e3o apenas \u00e1udio de alta qualidade, mas tamb\u00e9m o conforto para as suas sess\u00f5es de jogo mais intensas.<\/p>\n<p>* INSTALA\u00c7\u00c3O E CONFIGURA\u00c7\u00c3O:<br \/>\nPara instalar \u00e9 necess\u00e1rio inserir o Headset em duas conex\u00f5es P2 para conex\u00e3o das entradas de \u00e1udio e microfone e USB para efeitos de ilumina\u00e7\u00e3o na respectiva porta dispon\u00edvel.<\/p>\n","protected":false},"excerpt":{"rendered":"<p>HEADSET GAMER FORTREK CRUSADER<\/p>\n","protected":false},"featured_media":9223,"template":"","meta":{"om_disable_all_campaigns":false,"_monsterinsights_skip_tracking":false,"_monsterinsights_sitenote_active":false,"_monsterinsights_sitenote_note":"","_monsterinsights_sitenote_category":0},"product_brand":[],"product_cat":[380,296,336],"product_tag":[],"class_list":{"0":"post-9221","1":"product","2":"type-product","3":"status-publish","4":"has-post-thumbnail","6":"product_cat-headset","7":"product_cat-informatica","8":"product_cat-som","9":"thunk-woo-product-list","10":"big-store-woo-hover-zoom","11":"open-single-product-tab-horizontal","12":"open-shadow-","13":"open-shadow-hover-","15":"first","16":"outofstock","17":"sale","18":"shipping-taxable","19":"purchasable","20":"product-type-simple"},"aioseo_notices":[],"_links":{"self":[{"href":"https:\/\/infomacrio.com.br\/index.php\/wp-json\/wp\/v2\/product\/9221","targetHints":{"allow":["GET"]}}],"collection":[{"href":"https:\/\/infomacrio.com.br\/index.php\/wp-json\/wp\/v2\/product"}],"about":[{"href":"https:\/\/infomacrio.com.br\/index.php\/wp-json\/wp\/v2\/types\/product"}],"wp:featuredmedia":[{"embeddable":true,"href":"https:\/\/infomacrio.com.br\/index.php\/wp-json\/wp\/v2\/media\/9223"}],"wp:attachment":[{"href":"https:\/\/infomacrio.com.br\/index.php\/wp-json\/wp\/v2\/media?parent=9221"}],"wp:term":[{"taxonomy":"product_brand","embeddable":true,"href":"https:\/\/infomacrio.com.br\/index.php\/wp-json\/wp\/v2\/product_brand?post=9221"},{"taxonomy":"product_cat","embeddable":true,"href":"https:\/\/infomacrio.com.br\/index.php\/wp-json\/wp\/v2\/product_cat?post=9221"},{"taxonomy":"product_tag","embeddable":true,"href":"https:\/\/infomacrio.com.br\/index.php\/wp-json\/wp\/v2\/product_tag?post=9221"}],"curies":[{"name":"wp","href":"https:\/\/api.w.org\/{rel}","templated":true}]}}