{"id":9189,"date":"2023-11-17T18:58:38","date_gmt":"2023-11-17T21:58:38","guid":{"rendered":"https:\/\/infomacrio.com.br\/index.php\/produto\/nobreak-intelbras-1440va-xnb-120v\/"},"modified":"2026-03-10T15:53:23","modified_gmt":"2026-03-10T18:53:23","slug":"nobreak-intelbras-1440va-xnb-120v","status":"publish","type":"product","link":"https:\/\/infomacrio.com.br\/index.php\/produto\/nobreak-intelbras-1440va-xnb-120v\/","title":{"rendered":"NOBREAK INTELBRAS 1440VA XNB 120V"},"content":{"rendered":"<p>. Autonomia para dar mais tempo pra voc\u00ea<\/p>\n<p>Com 2 baterias 12 V 7 Ah, o XNB 1440 oferece 2 horas de autonomia para equipamentos de seguran\u00e7a ou 40 minutos para equipamentos de inform\u00e1tica.<\/p>\n<p>. Equipamentos sempre funcionando<\/p>\n<p>Mantenha gravadores de v\u00eddeo (DVR), centrais telef\u00f4nicas, roteadores, m\u00e1quinas de cart\u00e3o ou equipamentos de \u00e1udio e v\u00eddeo, sempre funcionando.<\/p>\n<p>. Sinaliza\u00e7\u00e3o de status para n\u00e3o deixar d\u00favidas<\/p>\n<p>O XNB 1440 tem LEDs indicativos de funcionamento e sinaliza\u00e7\u00f5es sonoras, para facilitar a visualiza\u00e7\u00e3o do status do nobreak e da rede el\u00e9trica.<\/p>\n<p>. Mais prote\u00e7\u00e3o para seus equipamentos<\/p>\n<p>S\u00e3o 6 n\u00edveis de prote\u00e7\u00e3o que proporcionam mais seguran\u00e7a aos equipamentos, protegendo-os contra oscila\u00e7\u00f5es e falhas da rede el\u00e9trica.<\/p>\n","protected":false},"excerpt":{"rendered":"<p>NOBREAK INTELBRAS 1440VA XNB 120V<\/p>\n","protected":false},"featured_media":9190,"template":"","meta":{"om_disable_all_campaigns":false,"_monsterinsights_skip_tracking":false,"_monsterinsights_sitenote_active":false,"_monsterinsights_sitenote_note":"","_monsterinsights_sitenote_category":0},"product_brand":[],"product_cat":[324,395],"product_tag":[],"class_list":{"0":"post-9189","1":"product","2":"type-product","3":"status-publish","4":"has-post-thumbnail","6":"product_cat-energia","7":"product_cat-nobreak","8":"thunk-woo-product-list","9":"big-store-woo-hover-zoom","10":"open-single-product-tab-horizontal","11":"open-shadow-","12":"open-shadow-hover-","14":"first","15":"instock","16":"sale","17":"shipping-taxable","18":"purchasable","19":"product-type-simple"},"aioseo_notices":[],"_links":{"self":[{"href":"https:\/\/infomacrio.com.br\/index.php\/wp-json\/wp\/v2\/product\/9189","targetHints":{"allow":["GET"]}}],"collection":[{"href":"https:\/\/infomacrio.com.br\/index.php\/wp-json\/wp\/v2\/product"}],"about":[{"href":"https:\/\/infomacrio.com.br\/index.php\/wp-json\/wp\/v2\/types\/product"}],"wp:featuredmedia":[{"embeddable":true,"href":"https:\/\/infomacrio.com.br\/index.php\/wp-json\/wp\/v2\/media\/9190"}],"wp:attachment":[{"href":"https:\/\/infomacrio.com.br\/index.php\/wp-json\/wp\/v2\/media?parent=9189"}],"wp:term":[{"taxonomy":"product_brand","embeddable":true,"href":"https:\/\/infomacrio.com.br\/index.php\/wp-json\/wp\/v2\/product_brand?post=9189"},{"taxonomy":"product_cat","embeddable":true,"href":"https:\/\/infomacrio.com.br\/index.php\/wp-json\/wp\/v2\/product_cat?post=9189"},{"taxonomy":"product_tag","embeddable":true,"href":"https:\/\/infomacrio.com.br\/index.php\/wp-json\/wp\/v2\/product_tag?post=9189"}],"curies":[{"name":"wp","href":"https:\/\/api.w.org\/{rel}","templated":true}]}}