{"id":9169,"date":"2023-11-08T11:01:59","date_gmt":"2023-11-08T14:01:59","guid":{"rendered":"https:\/\/infomacrio.com.br\/index.php\/produto\/cx-emenda-ceo-shoreline-12fo-svt-24-fusoes\/"},"modified":"2026-03-16T16:52:56","modified_gmt":"2026-03-16T19:52:56","slug":"cx-emenda-ceo-shoreline-12fo-svt-24-fusoes","status":"publish","type":"product","link":"https:\/\/infomacrio.com.br\/index.php\/produto\/cx-emenda-ceo-shoreline-12fo-svt-24-fusoes\/","title":{"rendered":"CX EMENDA CEO SHORELINE 12FO SVT"},"content":{"rendered":"<p>A Caixa de Emenda \u00d3ptica J\u00fanior de 24F \u00e9 ideal para emendas \u00f3pticas, com trava mec\u00e2nica na c\u00fapula e veda\u00e7\u00e3o termo retr\u00e1til. Possui 1 porta oval (\u00d839x62mm) e 4 circulares (\u00d822mm), suportando at\u00e9 5 bandejas de 12 fibras. Feita com materiais resistentes \u00e0 corros\u00e3o e raios UV, tem grau de prote\u00e7\u00e3o IP68.<\/p>\n<p>. Compacta<br \/>\n. Alto grau de seguran\u00e7a<br \/>\n. F\u00e1cil Instala\u00e7\u00e3o e acesso<br \/>\n. Vers\u00e1til, aplic\u00e1vel em redes a\u00e9reas<\/p>\n<p>. Especifica\u00e7\u00f5es T\u00e9cnicas:<\/p>\n<p>N\u00famero de Fus\u00f5es: 12 \/ 24<br \/>\nCapacidade M\u00e1xima de Fus\u00f5es: 60<br \/>\nDimens\u00f5es (mm): 324x\u00d8134mm<br \/>\nDi\u00e2metro das Portas: 1 Oval: \u00d839x62mm 4 Circular: \u00d822mm<br \/>\nTemperatura de Trabalho: -40\u00baC ~ 65\u00baC<br \/>\nTipo de Veda\u00e7\u00e3o: Termo Contr\u00e1til (SVT)<br \/>\nPortas de cabo: 5<br \/>\nCapacidade de bandejas: 5<br \/>\nPeso: 1,37 Kg<br \/>\nMontagem: Cordoalha \/ Postes<br \/>\n\u00cdndice de Prote\u00e7\u00e3o: Ip68<br \/>\nMaterial: PP + UV\/ABS<\/p>\n","protected":false},"excerpt":{"rendered":"<p>CX EMENDA CEO SHORELINE 12FO SVT<\/p>\n","protected":false},"featured_media":10165,"template":"","meta":{"om_disable_all_campaigns":false,"_monsterinsights_skip_tracking":false,"_monsterinsights_sitenote_active":false,"_monsterinsights_sitenote_note":"","_monsterinsights_sitenote_category":0},"product_brand":[],"product_cat":[335,301,428],"product_tag":[],"class_list":{"0":"post-9169","1":"product","2":"type-product","3":"status-publish","4":"has-post-thumbnail","6":"product_cat-caixa-de-emenda-ceo","7":"product_cat-fibra-optica","8":"product_cat-termocontratil","9":"thunk-woo-product-list","10":"big-store-woo-hover-zoom","11":"open-single-product-tab-horizontal","12":"open-shadow-","13":"open-shadow-hover-","15":"first","16":"instock","17":"sale","18":"shipping-taxable","19":"purchasable","20":"product-type-simple"},"aioseo_notices":[],"_links":{"self":[{"href":"https:\/\/infomacrio.com.br\/index.php\/wp-json\/wp\/v2\/product\/9169","targetHints":{"allow":["GET"]}}],"collection":[{"href":"https:\/\/infomacrio.com.br\/index.php\/wp-json\/wp\/v2\/product"}],"about":[{"href":"https:\/\/infomacrio.com.br\/index.php\/wp-json\/wp\/v2\/types\/product"}],"wp:featuredmedia":[{"embeddable":true,"href":"https:\/\/infomacrio.com.br\/index.php\/wp-json\/wp\/v2\/media\/10165"}],"wp:attachment":[{"href":"https:\/\/infomacrio.com.br\/index.php\/wp-json\/wp\/v2\/media?parent=9169"}],"wp:term":[{"taxonomy":"product_brand","embeddable":true,"href":"https:\/\/infomacrio.com.br\/index.php\/wp-json\/wp\/v2\/product_brand?post=9169"},{"taxonomy":"product_cat","embeddable":true,"href":"https:\/\/infomacrio.com.br\/index.php\/wp-json\/wp\/v2\/product_cat?post=9169"},{"taxonomy":"product_tag","embeddable":true,"href":"https:\/\/infomacrio.com.br\/index.php\/wp-json\/wp\/v2\/product_tag?post=9169"}],"curies":[{"name":"wp","href":"https:\/\/api.w.org\/{rel}","templated":true}]}}