{"id":9152,"date":"2023-11-03T12:26:43","date_gmt":"2023-11-03T15:26:43","guid":{"rendered":"https:\/\/infomacrio.com.br\/index.php\/produto\/teclado-bright-padrao-preto-usb\/"},"modified":"2025-10-24T10:31:03","modified_gmt":"2025-10-24T13:31:03","slug":"teclado-bright-padrao-preto-usb","status":"publish","type":"product","link":"https:\/\/infomacrio.com.br\/index.php\/produto\/teclado-bright-padrao-preto-usb\/","title":{"rendered":"TECLADO FORTREK SLIM K15 USB"},"content":{"rendered":"<p>O Teclado Office Fortrek K15 Slim \u00e9 a escolha ideal para quem busca design slim. Oferecendo uma experi\u00eancia de digita\u00e7\u00e3o confort\u00e1vel, sem ocupar muito espa\u00e7o na mesa, este \u00e9 o modelo ideal. Al\u00e9m disso, seu layout ABNT2 facilita a digita\u00e7\u00e3o em portugu\u00eas, garantindo mais agilidade e precis\u00e3o.<br \/>\nSendo a prova de respingos, o Teclado Office Fortrek K15 Slim oferece maior durabilidade e resist\u00eancia ao uso di\u00e1rio. A conex\u00e3o USB 2.0 garante uma instala\u00e7\u00e3o r\u00e1pida e sem complica\u00e7\u00e3o, com a funcionalidade plug &amp; play, e o\u00a0cabo de 1,5 metros proporciona mais flexibilidade, permitindo que voc\u00ea posicione o teclado com maior liberdade.<\/p>\n<p>Comprimento do Cabo:\u00a01,5 m<\/p>\n<p>Conector:\u00a0USB 2.0 (Plug &amp; Play)<\/p>\n<p>Cor:\u00a0Preto<\/p>\n<p>Dimens\u00f5es:\u00a043,7 x 12,6 x 2,6 cm<\/p>\n<p>N\u00famero de teclas:\u00a0107<\/p>\n<p>Perfil das teclas: Baixo\/Slim<\/p>\n<p>Peso:\u00a0392 g<\/p>\n<p>Tipo:\u00a0ABNT2<\/p>\n<p>Informa\u00e7\u00e3o adicional:<br \/>\n\u2022 Perfil das teclas: Baixo\/Slim<\/p>\n","protected":false},"excerpt":{"rendered":"<p>TECLADO FORTREK SLIM K15 USB<\/p>\n","protected":false},"featured_media":10810,"template":"","meta":{"om_disable_all_campaigns":false,"_monsterinsights_skip_tracking":false,"_monsterinsights_sitenote_active":false,"_monsterinsights_sitenote_note":"","_monsterinsights_sitenote_category":0},"product_brand":[],"product_cat":[296,384,427],"product_tag":[],"class_list":{"0":"post-9152","1":"product","2":"type-product","3":"status-publish","4":"has-post-thumbnail","6":"product_cat-informatica","7":"product_cat-perifericos","8":"product_cat-teclado","9":"thunk-woo-product-list","10":"big-store-woo-hover-zoom","11":"open-single-product-tab-horizontal","12":"open-shadow-","13":"open-shadow-hover-","15":"first","16":"instock","17":"sale","18":"shipping-taxable","19":"purchasable","20":"product-type-simple"},"aioseo_notices":[],"_links":{"self":[{"href":"https:\/\/infomacrio.com.br\/index.php\/wp-json\/wp\/v2\/product\/9152","targetHints":{"allow":["GET"]}}],"collection":[{"href":"https:\/\/infomacrio.com.br\/index.php\/wp-json\/wp\/v2\/product"}],"about":[{"href":"https:\/\/infomacrio.com.br\/index.php\/wp-json\/wp\/v2\/types\/product"}],"wp:featuredmedia":[{"embeddable":true,"href":"https:\/\/infomacrio.com.br\/index.php\/wp-json\/wp\/v2\/media\/10810"}],"wp:attachment":[{"href":"https:\/\/infomacrio.com.br\/index.php\/wp-json\/wp\/v2\/media?parent=9152"}],"wp:term":[{"taxonomy":"product_brand","embeddable":true,"href":"https:\/\/infomacrio.com.br\/index.php\/wp-json\/wp\/v2\/product_brand?post=9152"},{"taxonomy":"product_cat","embeddable":true,"href":"https:\/\/infomacrio.com.br\/index.php\/wp-json\/wp\/v2\/product_cat?post=9152"},{"taxonomy":"product_tag","embeddable":true,"href":"https:\/\/infomacrio.com.br\/index.php\/wp-json\/wp\/v2\/product_tag?post=9152"}],"curies":[{"name":"wp","href":"https:\/\/api.w.org\/{rel}","templated":true}]}}