{"id":9117,"date":"2023-10-11T09:00:38","date_gmt":"2023-10-11T12:00:38","guid":{"rendered":"https:\/\/infomacrio.com.br\/index.php\/produto\/cx-som-pc021-led-hoopson-par\/"},"modified":"2026-04-07T14:00:55","modified_gmt":"2026-04-07T17:00:55","slug":"cx-som-pc021-led-hoopson-par","status":"publish","type":"product","link":"https:\/\/infomacrio.com.br\/index.php\/produto\/cx-som-pc021-led-hoopson-par\/","title":{"rendered":"CX SOM PC021 LED HOOPSON &#8211; PAR"},"content":{"rendered":"<p>Alimenta\u00e7\u00e3o: USB, Cor: Preta, Conex\u00e3o: P2 3.5mm, Pot\u00eancia:\u00a0 2x 3W, Frequ\u00eancia: 90-20KHz, Compat\u00edvel: Computador e Notebook, Alto Falante: 2\u2033, Imped\u00e2ncia: 4\u03a9, Rela\u00e7\u00e3o sinal\/ru\u00eddo: &gt;65db, Peso: 250g, Dimens\u00f5es: 80x75x75mm<\/p>\n<p>\u2022 Ilumina\u00e7\u00e3o LED<br \/>\n\u2022 Alimenta\u00e7\u00e3o: USB \/ 5v DC<br \/>\n\u2022 Conex\u00e3o: P2 (3,5mm)<br \/>\n\u2022 Pot\u00eancia: 6w RMS (3Wx2)<br \/>\n\u2022 Frequ\u00eancia: 90Hz-20KHz<br \/>\n\u2022 Compat\u00edvel com PC e Notebook<br \/>\n\u2022 Alto Falante: 2&#8243;<br \/>\n\u2022 Imped\u00e2ncia: 4<br \/>\n\u2022 Rela\u00e7\u00e3o Sinal \/ Ru\u00eddo: &gt;70dB<br \/>\n\u2022 Dimens\u00f5es: 65x65x94mm<br \/>\n\u2022 Peso: 340g<\/p>\n","protected":false},"excerpt":{"rendered":"<p>Alimenta\u00e7\u00e3o: USB, Cor: Preta, Conex\u00e3o: P2 3.5mm, Pot\u00eancia:\u00a0 2x 3W, Frequ\u00eancia: 90-20KHz, Compat\u00edvel: Computador e Notebook, Alto Falante: 2\u2033, Imped\u00e2ncia: 4\u03a9, Rela\u00e7\u00e3o sinal\/ru\u00eddo: &gt;65db, Peso: 250g, Dimens\u00f5es: 80x75x75mm \u2022 Ilumina\u00e7\u00e3o LED \u2022 Alimenta\u00e7\u00e3o: USB \/ 5v DC \u2022 Conex\u00e3o: P2 (3,5mm) \u2022 Pot\u00eancia: 6w RMS (3Wx2) \u2022 Frequ\u00eancia: 90Hz-20KHz \u2022 Compat\u00edvel com PC e Notebook &hellip;<\/p>\n<p class=\"read-more\"> <a class=\" thunk-readmore button \" href=\"https:\/\/infomacrio.com.br\/index.php\/produto\/cx-som-pc021-led-hoopson-par\/\"> <span class=\"screen-reader-text\">CX SOM PC021 LED HOOPSON &#8211; PAR<\/span>Read More<\/a><\/p>\n","protected":false},"featured_media":9123,"template":"","meta":{"om_disable_all_campaigns":false,"_monsterinsights_skip_tracking":false,"_monsterinsights_sitenote_active":false,"_monsterinsights_sitenote_note":"","_monsterinsights_sitenote_category":0},"product_brand":[],"product_cat":[337,296,336],"product_tag":[],"class_list":{"0":"post-9117","1":"product","2":"type-product","3":"status-publish","4":"has-post-thumbnail","6":"product_cat-caixa-de-som","7":"product_cat-informatica","8":"product_cat-som","9":"thunk-woo-product-list","10":"big-store-woo-hover-zoom","11":"open-single-product-tab-horizontal","12":"open-shadow-","13":"open-shadow-hover-","15":"first","16":"instock","17":"sale","18":"shipping-taxable","19":"purchasable","20":"product-type-simple"},"aioseo_notices":[],"_links":{"self":[{"href":"https:\/\/infomacrio.com.br\/index.php\/wp-json\/wp\/v2\/product\/9117","targetHints":{"allow":["GET"]}}],"collection":[{"href":"https:\/\/infomacrio.com.br\/index.php\/wp-json\/wp\/v2\/product"}],"about":[{"href":"https:\/\/infomacrio.com.br\/index.php\/wp-json\/wp\/v2\/types\/product"}],"wp:featuredmedia":[{"embeddable":true,"href":"https:\/\/infomacrio.com.br\/index.php\/wp-json\/wp\/v2\/media\/9123"}],"wp:attachment":[{"href":"https:\/\/infomacrio.com.br\/index.php\/wp-json\/wp\/v2\/media?parent=9117"}],"wp:term":[{"taxonomy":"product_brand","embeddable":true,"href":"https:\/\/infomacrio.com.br\/index.php\/wp-json\/wp\/v2\/product_brand?post=9117"},{"taxonomy":"product_cat","embeddable":true,"href":"https:\/\/infomacrio.com.br\/index.php\/wp-json\/wp\/v2\/product_cat?post=9117"},{"taxonomy":"product_tag","embeddable":true,"href":"https:\/\/infomacrio.com.br\/index.php\/wp-json\/wp\/v2\/product_tag?post=9117"}],"curies":[{"name":"wp","href":"https:\/\/api.w.org\/{rel}","templated":true}]}}