{"id":9115,"date":"2023-10-11T09:00:36","date_gmt":"2023-10-11T12:00:36","guid":{"rendered":"https:\/\/infomacrio.com.br\/index.php\/produto\/fonte-real-aerocool-600w-80-plus-full-range-apfc\/"},"modified":"2025-07-29T15:11:41","modified_gmt":"2025-07-29T18:11:41","slug":"fonte-real-aerocool-600w-80-plus-full-range-apfc","status":"publish","type":"product","link":"https:\/\/infomacrio.com.br\/index.php\/produto\/fonte-real-aerocool-600w-80-plus-full-range-apfc\/","title":{"rendered":"FONTE REAL AEROCOOL 600W 80 PLUS FULL RANGE APFC"},"content":{"rendered":"<p>A Fonte Gamer ATX Aerocool KCAS 600W \u00e9 a escolha ideal para quem busca mais pot\u00eancia para seus sistemas. Com 600W, esse modelo \u00e9 capaz de atender demandas mais exigentes \u2013 dependendo da placa de v\u00eddeo e processadores. Equipada com certifica\u00e7\u00e3o 80 Plus Bronze e PFC Ativo, ela oferece efici\u00eancia energ\u00e9tica e estabilidade. Por outro lado, a sua configura\u00e7\u00e3o full range garante compatibilidade total, proporcionando confian\u00e7a e desempenho para melhorar a experi\u00eancia de jogo ou trabalho.<\/p>\n<p>Corrente: 20A \/ 20A \/ 45A \/ 0.4A \/ 2.5A<br \/>\nPinos: 1x Placa M\u00e3e (20+4 Pinos), 1x CPU (12v 4+4v Pinos), 2x VGA (PCI-E 6+2 Pinos), 7x SATA, 4x PATA, 1x FDD<br \/>\nPot\u00eancia: 600W<br \/>\nSATA: 7 conectores<br \/>\nTens\u00e3o Entrada: 115~230VAC 4.5A 47-53HZ<br \/>\nTens\u00e3o Sa\u00edda: +3.3V \/ +5V \/ +12V \/ -12V \/ +5VSB<\/p>\n<p>Informa\u00e7\u00e3o adicional:<br \/>\n\u2022 80 Plus Bronze com PFC Ativo<br \/>\n\u2022 Compat\u00edvel com ATX12<br \/>\n\u2022 Comprimento do cabo de 20 + 4P e CPU 4 + 4P at\u00e9 550 mm &#8211; f\u00e1cil alcance para todos os componentes<br \/>\n\u2022 Dois conectores PCIe 6 + 2 pinos para placas de v\u00eddeo<br \/>\n\u2022 Fan de 12 cm super silencioso com controle inteligente de velocidade<br \/>\n\u2022 Prote\u00e7\u00f5es completas com OVP \/ UVP \/ OPP \/ SCP \/ SIP<br \/>\n\u2022 Seguran\u00e7a e EMC certificada pela CE e TUV<br \/>\n\u2022 ECO amig\u00e1vel com as diretivas RoHS e Erp 2013<br \/>\n\u2022 Full Range (Bivolt Autom\u00e1tica)<\/p>\n","protected":false},"excerpt":{"rendered":"<p>FONTE REAL AEROCOOL 600W 80 PLUS FULL RANGE APFC<\/p>\n","protected":false},"featured_media":9126,"template":"","meta":{"om_disable_all_campaigns":false,"_monsterinsights_skip_tracking":false,"_monsterinsights_sitenote_active":false,"_monsterinsights_sitenote_note":"","_monsterinsights_sitenote_category":0},"product_brand":[],"product_cat":[374,354,296],"product_tag":[],"class_list":{"0":"post-9115","1":"product","2":"type-product","3":"status-publish","4":"has-post-thumbnail","6":"product_cat-fonte-atx","7":"product_cat-hardware","8":"product_cat-informatica","9":"thunk-woo-product-list","10":"big-store-woo-hover-zoom","11":"open-single-product-tab-horizontal","12":"open-shadow-","13":"open-shadow-hover-","15":"first","16":"outofstock","17":"sale","18":"shipping-taxable","19":"purchasable","20":"product-type-simple"},"aioseo_notices":[],"_links":{"self":[{"href":"https:\/\/infomacrio.com.br\/index.php\/wp-json\/wp\/v2\/product\/9115","targetHints":{"allow":["GET"]}}],"collection":[{"href":"https:\/\/infomacrio.com.br\/index.php\/wp-json\/wp\/v2\/product"}],"about":[{"href":"https:\/\/infomacrio.com.br\/index.php\/wp-json\/wp\/v2\/types\/product"}],"wp:featuredmedia":[{"embeddable":true,"href":"https:\/\/infomacrio.com.br\/index.php\/wp-json\/wp\/v2\/media\/9126"}],"wp:attachment":[{"href":"https:\/\/infomacrio.com.br\/index.php\/wp-json\/wp\/v2\/media?parent=9115"}],"wp:term":[{"taxonomy":"product_brand","embeddable":true,"href":"https:\/\/infomacrio.com.br\/index.php\/wp-json\/wp\/v2\/product_brand?post=9115"},{"taxonomy":"product_cat","embeddable":true,"href":"https:\/\/infomacrio.com.br\/index.php\/wp-json\/wp\/v2\/product_cat?post=9115"},{"taxonomy":"product_tag","embeddable":true,"href":"https:\/\/infomacrio.com.br\/index.php\/wp-json\/wp\/v2\/product_tag?post=9115"}],"curies":[{"name":"wp","href":"https:\/\/api.w.org\/{rel}","templated":true}]}}