{"id":9113,"date":"2023-10-11T09:00:35","date_gmt":"2023-10-11T12:00:35","guid":{"rendered":"https:\/\/infomacrio.com.br\/index.php\/produto\/headset-hoopson-f-202\/"},"modified":"2025-07-10T13:00:08","modified_gmt":"2025-07-10T16:00:08","slug":"headset-hoopson-f-202","status":"publish","type":"product","link":"https:\/\/infomacrio.com.br\/index.php\/produto\/headset-hoopson-f-202\/","title":{"rendered":"HEADSET HOOPSON F-202"},"content":{"rendered":"<p>Material ABS, Alto Falante 1,2\u2033, Material do Cabo PVC, Comprimento do Cabo 1,2m, Conex\u00e3o P2(3,5mm), Imped\u00e2ncia 32, Frequ\u00eancia 20-20KHz, Cor Preta+Verde, Sensibilidade 96db\u00b14db, Pot\u00eancia RMS 100mW. Sensibilidade -40db\u00b13db, Frequ\u00eancia 50-16KHz, Rota\u00e7\u00e3o 165\u00b0, Comprimento 16cm<\/p>\n<p>O headset \u00e9 um elemento fundamental para games porque, al\u00e9m de permitir a comunica\u00e7\u00e3o de maneira adequada com colegas de equipe, ajuda o usu\u00e1rio a ter uma melhor percep\u00e7\u00e3o do ambiente de jogo.<\/p>\n<p>Isso ocorre porque, com um headset gamer, n\u00e3o apenas h\u00e1 um isolamento em rela\u00e7\u00e3o a ru\u00eddos externos, como tamb\u00e9m uma fidelidade maior aos sons do game, permitindo ao usu\u00e1rio captar detalhes como passos leves de um inimigo, por exemplo.<\/p>\n<p>Al\u00e9m disso, a qualidade e profundidade do \u00e1udio de um bom headset ajuda enormemente a garantir uma boa experi\u00eancia de jogo, literalmente imergindo o gamer no cen\u00e1rio da partida, o que pode ser refor\u00e7ado com outros elementos, como um bom monitor, etc.<\/p>\n<p>O motivo para voc\u00ea preferir um headset ao inv\u00e9s de investir em um headphone \u00e9 que ele foi feito para jogos, pensado para garantir uma experi\u00eancia gamer superior. Sendo assim, voc\u00ea tem um produto desenvolvido para quem joga e que possui um microfone de qualidade para comunica\u00e7\u00e3o, afim de atender \u00e0s suas outras necessidades do dia a dia.<\/p>\n","protected":false},"excerpt":{"rendered":"<p>HEADSET HOOPSON F-202<\/p>\n","protected":false},"featured_media":9125,"template":"","meta":{"om_disable_all_campaigns":false,"_monsterinsights_skip_tracking":false,"_monsterinsights_sitenote_active":false,"_monsterinsights_sitenote_note":"","_monsterinsights_sitenote_category":0},"product_brand":[],"product_cat":[380,296,336],"product_tag":[],"class_list":{"0":"post-9113","1":"product","2":"type-product","3":"status-publish","4":"has-post-thumbnail","6":"product_cat-headset","7":"product_cat-informatica","8":"product_cat-som","9":"thunk-woo-product-list","10":"big-store-woo-hover-zoom","11":"open-single-product-tab-horizontal","12":"open-shadow-","13":"open-shadow-hover-","15":"first","16":"outofstock","17":"sale","18":"shipping-taxable","19":"purchasable","20":"product-type-simple"},"aioseo_notices":[],"_links":{"self":[{"href":"https:\/\/infomacrio.com.br\/index.php\/wp-json\/wp\/v2\/product\/9113","targetHints":{"allow":["GET"]}}],"collection":[{"href":"https:\/\/infomacrio.com.br\/index.php\/wp-json\/wp\/v2\/product"}],"about":[{"href":"https:\/\/infomacrio.com.br\/index.php\/wp-json\/wp\/v2\/types\/product"}],"wp:featuredmedia":[{"embeddable":true,"href":"https:\/\/infomacrio.com.br\/index.php\/wp-json\/wp\/v2\/media\/9125"}],"wp:attachment":[{"href":"https:\/\/infomacrio.com.br\/index.php\/wp-json\/wp\/v2\/media?parent=9113"}],"wp:term":[{"taxonomy":"product_brand","embeddable":true,"href":"https:\/\/infomacrio.com.br\/index.php\/wp-json\/wp\/v2\/product_brand?post=9113"},{"taxonomy":"product_cat","embeddable":true,"href":"https:\/\/infomacrio.com.br\/index.php\/wp-json\/wp\/v2\/product_cat?post=9113"},{"taxonomy":"product_tag","embeddable":true,"href":"https:\/\/infomacrio.com.br\/index.php\/wp-json\/wp\/v2\/product_tag?post=9113"}],"curies":[{"name":"wp","href":"https:\/\/api.w.org\/{rel}","templated":true}]}}