{"id":9058,"date":"2023-09-26T13:10:58","date_gmt":"2023-09-26T16:10:58","guid":{"rendered":"https:\/\/infomacrio.com.br\/index.php\/produto\/mouse-gamer-fortrek-blackfire-rgb\/"},"modified":"2025-08-08T08:02:19","modified_gmt":"2025-08-08T11:02:19","slug":"mouse-gamer-fortrek-blackfire-rgb","status":"publish","type":"product","link":"https:\/\/infomacrio.com.br\/index.php\/produto\/mouse-gamer-fortrek-blackfire-rgb\/","title":{"rendered":"MOUSE GAMER FORTREK BLACKFIRE RGB"},"content":{"rendered":"<p>O Mouse Gamer Fortrek Blackfire foi desenvolvido para canhotos e destros, e \u00e9 uma \u00f3tima escolha para o setup gamer, com um design moderno e confort\u00e1vel proporciona uma \u00f3tima jogabilidade e controle dos movimentos. Com uma frequ\u00eancia de atualiza\u00e7\u00e3o de 125Hz, este mouse oferece uma experi\u00eancia de resposta \u00e1gil e eficiente.<\/p>\n<p>Apresentando um LED RGB conta com capacidade de 13 modos de ilumina\u00e7\u00e3o e switch Huano. O mouse Blackfire \u00e9 constru\u00eddo com pl\u00e1stico ABS de alta resist\u00eancia e acabamento UV, 6 bot\u00f5es de comandos + Scroll em silicone para adicionar mais ader\u00eancia ao toque. O modelo alcan\u00e7a at\u00e9 7.200dpi oferecendo agilidade e precis\u00e3o em r\u00e1pidos movimentos. Inclui um software avan\u00e7ado para personalizar o dispositivo de acordo com seus desejos, por esse software \u00e9 poss\u00edvel personalizar script de macro, atribui\u00e7\u00e3o de bot\u00e3o, ilumina\u00e7\u00e3o, configura\u00e7\u00f5es de modo e salvar perfis em seu computador para acesso f\u00e1cil e r\u00e1pido.<\/p>\n<p>INSTALA\u00c7\u00c3O E CONFIGURA\u00c7\u00c3O:<br \/>\nInstale o mouse inserindo-o em conex\u00e3o USB na respectiva porta dispon\u00edvel em seu computador. As fun\u00e7\u00f5es e software de configura\u00e7\u00e3o n\u00e3o funcionam nos sistemas operacionais do MAC, Linux, Ubuntu.<\/p>\n","protected":false},"excerpt":{"rendered":"<p>MOUSE GAMER FORTREK BLACKFIRE RGB<\/p>\n","protected":false},"featured_media":9061,"template":"","meta":{"om_disable_all_campaigns":false,"_monsterinsights_skip_tracking":false,"_monsterinsights_sitenote_active":false,"_monsterinsights_sitenote_note":"","_monsterinsights_sitenote_category":0},"product_brand":[],"product_cat":[296,393,384],"product_tag":[],"class_list":{"0":"post-9058","1":"product","2":"type-product","3":"status-publish","4":"has-post-thumbnail","6":"product_cat-informatica","7":"product_cat-mouse","8":"product_cat-perifericos","9":"thunk-woo-product-list","10":"big-store-woo-hover-zoom","11":"open-single-product-tab-horizontal","12":"open-shadow-","13":"open-shadow-hover-","15":"first","16":"instock","17":"sale","18":"shipping-taxable","19":"purchasable","20":"product-type-simple"},"aioseo_notices":[],"_links":{"self":[{"href":"https:\/\/infomacrio.com.br\/index.php\/wp-json\/wp\/v2\/product\/9058","targetHints":{"allow":["GET"]}}],"collection":[{"href":"https:\/\/infomacrio.com.br\/index.php\/wp-json\/wp\/v2\/product"}],"about":[{"href":"https:\/\/infomacrio.com.br\/index.php\/wp-json\/wp\/v2\/types\/product"}],"wp:featuredmedia":[{"embeddable":true,"href":"https:\/\/infomacrio.com.br\/index.php\/wp-json\/wp\/v2\/media\/9061"}],"wp:attachment":[{"href":"https:\/\/infomacrio.com.br\/index.php\/wp-json\/wp\/v2\/media?parent=9058"}],"wp:term":[{"taxonomy":"product_brand","embeddable":true,"href":"https:\/\/infomacrio.com.br\/index.php\/wp-json\/wp\/v2\/product_brand?post=9058"},{"taxonomy":"product_cat","embeddable":true,"href":"https:\/\/infomacrio.com.br\/index.php\/wp-json\/wp\/v2\/product_cat?post=9058"},{"taxonomy":"product_tag","embeddable":true,"href":"https:\/\/infomacrio.com.br\/index.php\/wp-json\/wp\/v2\/product_tag?post=9058"}],"curies":[{"name":"wp","href":"https:\/\/api.w.org\/{rel}","templated":true}]}}