{"id":8987,"date":"2023-09-15T22:01:05","date_gmt":"2023-09-16T01:01:05","guid":{"rendered":"https:\/\/infomacrio.com.br\/index.php\/produto\/cabo-optico-gf-asu80-12fo-3km\/"},"modified":"2026-04-08T15:51:00","modified_gmt":"2026-04-08T18:51:00","slug":"cabo-optico-gf-asu80-12fo-3km","status":"publish","type":"product","link":"https:\/\/infomacrio.com.br\/index.php\/produto\/cabo-optico-gf-asu80-12fo-3km\/","title":{"rendered":"CABO OPTICO ZTT ASU80 12FO 3KM"},"content":{"rendered":"<p>O Cabo \u00d3ptico Auto Sustentado \u00danico Tubo ASU-80 12 FO, da ZTT, \u00e9 comumente utilizado em redes a\u00e9reas auto sustentadas, para v\u00e3os de 80m. Sua estrutura \u00e9 composta por 12 fibras do tipo G.652D em um \u00fanico tubo e dois elementos de tra\u00e7\u00e3o compostos de fibra de vidro (FRP).<\/p>\n<ul>\n<li>Monomodo: ZTT Fiber ITU.T &#8211; SM G.652 D<\/li>\n<li>Atenua\u00e7\u00e3o m\u00e1xima da fibra no cabo dB\/Km: 1310nm : 0.36 &amp; 1550nm : 0.22<\/li>\n<li>PMDq: \u2264 0.2 ps\/ \u221akm<\/li>\n<\/ul>\n","protected":false},"excerpt":{"rendered":"<p>CABO OPTICO ZTT ASU80 12FO 3KM<\/p>\n","protected":false},"featured_media":11106,"template":"","meta":{"om_disable_all_campaigns":false,"_monsterinsights_skip_tracking":false,"_monsterinsights_sitenote_active":false,"_monsterinsights_sitenote_note":"","_monsterinsights_sitenote_category":0},"product_brand":[],"product_cat":[321,320,301],"product_tag":[],"class_list":{"0":"post-8987","1":"product","2":"type-product","3":"status-publish","4":"has-post-thumbnail","6":"product_cat-asu","7":"product_cat-cabo-optico","8":"product_cat-fibra-optica","9":"thunk-woo-product-list","10":"big-store-woo-hover-zoom","11":"open-single-product-tab-horizontal","12":"open-shadow-","13":"open-shadow-hover-","15":"first","16":"instock","17":"shipping-taxable","18":"product-type-simple"},"aioseo_notices":[],"_links":{"self":[{"href":"https:\/\/infomacrio.com.br\/index.php\/wp-json\/wp\/v2\/product\/8987","targetHints":{"allow":["GET"]}}],"collection":[{"href":"https:\/\/infomacrio.com.br\/index.php\/wp-json\/wp\/v2\/product"}],"about":[{"href":"https:\/\/infomacrio.com.br\/index.php\/wp-json\/wp\/v2\/types\/product"}],"wp:featuredmedia":[{"embeddable":true,"href":"https:\/\/infomacrio.com.br\/index.php\/wp-json\/wp\/v2\/media\/11106"}],"wp:attachment":[{"href":"https:\/\/infomacrio.com.br\/index.php\/wp-json\/wp\/v2\/media?parent=8987"}],"wp:term":[{"taxonomy":"product_brand","embeddable":true,"href":"https:\/\/infomacrio.com.br\/index.php\/wp-json\/wp\/v2\/product_brand?post=8987"},{"taxonomy":"product_cat","embeddable":true,"href":"https:\/\/infomacrio.com.br\/index.php\/wp-json\/wp\/v2\/product_cat?post=8987"},{"taxonomy":"product_tag","embeddable":true,"href":"https:\/\/infomacrio.com.br\/index.php\/wp-json\/wp\/v2\/product_tag?post=8987"}],"curies":[{"name":"wp","href":"https:\/\/api.w.org\/{rel}","templated":true}]}}