{"id":8979,"date":"2023-09-15T15:48:29","date_gmt":"2023-09-15T18:48:29","guid":{"rendered":"https:\/\/infomacrio.com.br\/index.php\/produto\/cx-som-a-gold-sm-03-bluetooth\/"},"modified":"2025-07-15T12:06:27","modified_gmt":"2025-07-15T15:06:27","slug":"cx-som-a-gold-sm-03-bluetooth","status":"publish","type":"product","link":"https:\/\/infomacrio.com.br\/index.php\/produto\/cx-som-a-gold-sm-03-bluetooth\/","title":{"rendered":"CX SOM A GOLD SM-03 BLUETOOTH"},"content":{"rendered":"<p>Caixa de som Bluetooth port\u00e1til com 3W de pot\u00eancia e microfone integrado para atender chamadas telef\u00f4nicas;<\/p>\n<p>Design compacto e leve, com dimens\u00f5es de 5 cm x 3 cm, pesando apenas 7g e dispon\u00edvel em cores variadas;<\/p>\n<p>Bateria de 4mAh com 2 horas de carregamento, compat\u00edvel com Bluetooth V4.2 e fun\u00e7\u00e3o de obturador de fotos via Bluetooth.<\/p>\n","protected":false},"excerpt":{"rendered":"<p>CX SOM A GOLD SM-03 BLUETOOTH<\/p>\n","protected":false},"featured_media":8983,"template":"","meta":{"om_disable_all_campaigns":false,"_monsterinsights_skip_tracking":false,"_monsterinsights_sitenote_active":false,"_monsterinsights_sitenote_note":"","_monsterinsights_sitenote_category":0},"product_brand":[],"product_cat":[337,296,336],"product_tag":[],"class_list":{"0":"post-8979","1":"product","2":"type-product","3":"status-publish","4":"has-post-thumbnail","6":"product_cat-caixa-de-som","7":"product_cat-informatica","8":"product_cat-som","9":"thunk-woo-product-list","10":"big-store-woo-hover-zoom","11":"open-single-product-tab-horizontal","12":"open-shadow-","13":"open-shadow-hover-","15":"first","16":"instock","17":"sale","18":"shipping-taxable","19":"purchasable","20":"product-type-simple"},"aioseo_notices":[],"_links":{"self":[{"href":"https:\/\/infomacrio.com.br\/index.php\/wp-json\/wp\/v2\/product\/8979","targetHints":{"allow":["GET"]}}],"collection":[{"href":"https:\/\/infomacrio.com.br\/index.php\/wp-json\/wp\/v2\/product"}],"about":[{"href":"https:\/\/infomacrio.com.br\/index.php\/wp-json\/wp\/v2\/types\/product"}],"wp:featuredmedia":[{"embeddable":true,"href":"https:\/\/infomacrio.com.br\/index.php\/wp-json\/wp\/v2\/media\/8983"}],"wp:attachment":[{"href":"https:\/\/infomacrio.com.br\/index.php\/wp-json\/wp\/v2\/media?parent=8979"}],"wp:term":[{"taxonomy":"product_brand","embeddable":true,"href":"https:\/\/infomacrio.com.br\/index.php\/wp-json\/wp\/v2\/product_brand?post=8979"},{"taxonomy":"product_cat","embeddable":true,"href":"https:\/\/infomacrio.com.br\/index.php\/wp-json\/wp\/v2\/product_cat?post=8979"},{"taxonomy":"product_tag","embeddable":true,"href":"https:\/\/infomacrio.com.br\/index.php\/wp-json\/wp\/v2\/product_tag?post=8979"}],"curies":[{"name":"wp","href":"https:\/\/api.w.org\/{rel}","templated":true}]}}