{"id":8947,"date":"2023-09-07T08:02:33","date_gmt":"2023-09-07T11:02:33","guid":{"rendered":"https:\/\/infomacrio.com.br\/index.php\/produto\/roteador-tp-link-ax1500-d-band-ex141-wifi-6\/"},"modified":"2026-04-22T16:51:25","modified_gmt":"2026-04-22T19:51:25","slug":"roteador-tp-link-ax1500-d-band-ex141-wifi-6","status":"publish","type":"product","link":"https:\/\/infomacrio.com.br\/index.php\/produto\/roteador-tp-link-ax1500-d-band-ex141-wifi-6\/","title":{"rendered":"ROTEADOR TP-LINK AX1500 EX141 WIFI 6"},"content":{"rendered":"<p><p>Velocidade Gigabit Wi-Fi 6 de \u00daltima Gera\u00e7\u00e3o \u2014 2402 Mbps em 5 GHz e 574 Mbps na banda de 2,4 GHz garantem uma transmiss\u00e3o mais suave e downloads mais r\u00e1pidos.<\/p>\n<p><\/p>\n<p>Conecte Mais Dispositivos \u2014 A tecnologia OFDMA aumenta a capacidade em&nbsp;4 vezes permitindo a transmiss\u00e3o simult\u00e2nea para mais dispositivos.<\/p>\n<p><\/p>\n<\/p>\n<p>Lat\u00eancia Ultrabaixa \u2014 A redu\u00e7\u00e3o de at\u00e9 75% na lat\u00eancia permite jogos mais responsivos e bate-papo por v\u00eddeo.<\/p>\n<\/p>\n<p><\/p>\n<p>Cobertura de Wi-Fi Estendida \u2014 Quatro antenas externas de alto ganho e a tecnologia Beamforming se combinam para um sinal Wi-Fi forte e confi\u00e1vel por toda a sua resid\u00eancia.<\/p>\n<p><\/p>\n<p>Seguran\u00e7a Aprimorada \u2014 Wi-Fi mais seguro e confi\u00e1vel com o Home Cared TP-Link.<\/p>\n<p><\/p>\n<p>Conex\u00f5es Confi\u00e1veis \u2014 O chipset Intel\u00ae Home Wi-Fi aumenta drasticamente a velocidade de processamento para oferecer um desempenho superior Wi-Fi 6 Gig .<\/p>\n<p><\/p>\n<p>Maior Vida&nbsp;\u00datil da Bateria \u2014 O recurso de Target Wake Time ajuda seus dispositivos a se comunicarem mais, consumindo menos energia.&nbsp;<\/p>\n<p><\/p>\n<\/p>\n<p><\/p>\n","protected":false},"excerpt":{"rendered":"<p>ROTEADOR TP-LINK AX1500 EX141 WIFI 6<\/p>\n","protected":false},"featured_media":8950,"template":"","meta":{"om_disable_all_campaigns":false,"_monsterinsights_skip_tracking":false,"_monsterinsights_sitenote_active":false,"_monsterinsights_sitenote_note":"","_monsterinsights_sitenote_category":0},"product_brand":[],"product_cat":[423,294],"product_tag":[],"class_list":{"0":"post-8947","1":"product","2":"type-product","3":"status-publish","4":"has-post-thumbnail","6":"product_cat-roteador-wireless","7":"product_cat-wireless","8":"thunk-woo-product-list","9":"big-store-woo-hover-zoom","10":"open-single-product-tab-horizontal","11":"open-shadow-","12":"open-shadow-hover-","14":"first","15":"instock","16":"sale","17":"shipping-taxable","18":"purchasable","19":"product-type-simple"},"aioseo_notices":[],"_links":{"self":[{"href":"https:\/\/infomacrio.com.br\/index.php\/wp-json\/wp\/v2\/product\/8947","targetHints":{"allow":["GET"]}}],"collection":[{"href":"https:\/\/infomacrio.com.br\/index.php\/wp-json\/wp\/v2\/product"}],"about":[{"href":"https:\/\/infomacrio.com.br\/index.php\/wp-json\/wp\/v2\/types\/product"}],"wp:featuredmedia":[{"embeddable":true,"href":"https:\/\/infomacrio.com.br\/index.php\/wp-json\/wp\/v2\/media\/8950"}],"wp:attachment":[{"href":"https:\/\/infomacrio.com.br\/index.php\/wp-json\/wp\/v2\/media?parent=8947"}],"wp:term":[{"taxonomy":"product_brand","embeddable":true,"href":"https:\/\/infomacrio.com.br\/index.php\/wp-json\/wp\/v2\/product_brand?post=8947"},{"taxonomy":"product_cat","embeddable":true,"href":"https:\/\/infomacrio.com.br\/index.php\/wp-json\/wp\/v2\/product_cat?post=8947"},{"taxonomy":"product_tag","embeddable":true,"href":"https:\/\/infomacrio.com.br\/index.php\/wp-json\/wp\/v2\/product_tag?post=8947"}],"curies":[{"name":"wp","href":"https:\/\/api.w.org\/{rel}","templated":true}]}}