{"id":8918,"date":"2023-08-31T15:11:55","date_gmt":"2023-08-31T18:11:55","guid":{"rendered":"https:\/\/infomacrio.com.br\/index.php\/produto\/papel-report-a4-premium-75gr-resma-c-500fls\/"},"modified":"2026-05-06T16:31:12","modified_gmt":"2026-05-06T19:31:12","slug":"papel-report-a4-premium-75gr-resma-c-500fls","status":"publish","type":"product","link":"https:\/\/infomacrio.com.br\/index.php\/produto\/papel-report-a4-premium-75gr-resma-c-500fls\/","title":{"rendered":"PAPEL REPORT A4  PREMIUM 75GR &#8211; RESMA C\/ 500FLS"},"content":{"rendered":"<p>Versatilidade para o dia a dia:<br \/>\nOs pap\u00e9is Suzano Report s\u00e3o ideais para todas as suas necessidades cotidianas, seja em lares, escolas ou empresas. Perfeitos para documentos como relat\u00f3rios, or\u00e7amentos e trabalhos escolares, proporcionando a qualidade de um papel verdadeiro em cada momento.<br \/>\nQualidade Premium e Alta Performance:<br \/>\nCom uma marca forte e eficiente, os pap\u00e9is Suzano Report garantem uma experi\u00eancia sem frustra\u00e7\u00f5es:<\/p>\n<p>-N\u00e3o atola<br \/>\n-N\u00e3o borra<\/p>\n<p>-Maior resist\u00eancia<\/p>\n<p>-Sustentabilidade assegurada<\/p>\n<p>&nbsp;<\/p>\n<p>Embalagens de Padr\u00e3o Internacional:<br \/>\nOs pap\u00e9is Suzano Report se destacam por suas embalagens de padr\u00e3o internacional, mantendo a qualidade premium com a produ\u00e7\u00e3o 100% brasileira. Um produto que carrega a ess\u00eancia local, mas com padr\u00e3o global.<\/p>\n<p>&nbsp;<\/p>\n<p>Presen\u00e7a Global e Nacional:<br \/>\nSuzano Report \u00e9 uma marca consolidada para competir no Brasil e no mundo, estando presente em diversos ambientes, desde lares e escolas at\u00e9 empresas. Em qualquer situa\u00e7\u00e3o que exija um papel de verdade, essa \u00e9 a escolha certa.<\/p>\n","protected":false},"excerpt":{"rendered":"<p>PAPEL REPORT A4 PREMIUM 75GR &#8211; RESMA C\/ 500FLS<\/p>\n","protected":false},"featured_media":8919,"template":"","meta":{"om_disable_all_campaigns":false,"_monsterinsights_skip_tracking":false,"_monsterinsights_sitenote_active":false,"_monsterinsights_sitenote_note":"","_monsterinsights_sitenote_category":0},"product_brand":[],"product_cat":[407,339],"product_tag":[],"class_list":{"0":"post-8918","1":"product","2":"type-product","3":"status-publish","4":"has-post-thumbnail","6":"product_cat-papel-e-pastas","7":"product_cat-papelaria","8":"thunk-woo-product-list","9":"big-store-woo-hover-zoom","10":"open-single-product-tab-horizontal","11":"open-shadow-","12":"open-shadow-hover-","14":"first","15":"instock","16":"sale","17":"shipping-taxable","18":"purchasable","19":"product-type-simple"},"aioseo_notices":[],"_links":{"self":[{"href":"https:\/\/infomacrio.com.br\/index.php\/wp-json\/wp\/v2\/product\/8918","targetHints":{"allow":["GET"]}}],"collection":[{"href":"https:\/\/infomacrio.com.br\/index.php\/wp-json\/wp\/v2\/product"}],"about":[{"href":"https:\/\/infomacrio.com.br\/index.php\/wp-json\/wp\/v2\/types\/product"}],"wp:featuredmedia":[{"embeddable":true,"href":"https:\/\/infomacrio.com.br\/index.php\/wp-json\/wp\/v2\/media\/8919"}],"wp:attachment":[{"href":"https:\/\/infomacrio.com.br\/index.php\/wp-json\/wp\/v2\/media?parent=8918"}],"wp:term":[{"taxonomy":"product_brand","embeddable":true,"href":"https:\/\/infomacrio.com.br\/index.php\/wp-json\/wp\/v2\/product_brand?post=8918"},{"taxonomy":"product_cat","embeddable":true,"href":"https:\/\/infomacrio.com.br\/index.php\/wp-json\/wp\/v2\/product_cat?post=8918"},{"taxonomy":"product_tag","embeddable":true,"href":"https:\/\/infomacrio.com.br\/index.php\/wp-json\/wp\/v2\/product_tag?post=8918"}],"curies":[{"name":"wp","href":"https:\/\/api.w.org\/{rel}","templated":true}]}}