{"id":8884,"date":"2023-08-25T11:30:54","date_gmt":"2023-08-25T14:30:54","guid":{"rendered":"https:\/\/infomacrio.com.br\/index.php\/produto\/alcool-isopropilico-500ml\/"},"modified":"2026-04-08T14:50:59","modified_gmt":"2026-04-08T17:50:59","slug":"alcool-isopropilico-500ml","status":"publish","type":"product","link":"https:\/\/infomacrio.com.br\/index.php\/produto\/alcool-isopropilico-500ml\/","title":{"rendered":"ALCOOL ISOPROP\u00cdLICO IMPLASTEC 500ML"},"content":{"rendered":"<p>Reconhecido pela sua grande capacidade de<br \/>\nsolv\u00eancia, principalmente de subst\u00e2ncias org\u00e2nicas, \u00e9 amplamente utilizado na<br \/>\nlimpeza e manuten\u00e7\u00e3o de componentes eletr\u00f4nicos e placas de circuito impresso.<br \/>\nSua pureza de 99,8% \u00e9 aferida mediante testes laboratoriais realizados em<br \/>\ninstitui\u00e7\u00e3o de ensino superior, dando a seguran\u00e7a de um produto puro, sem<br \/>\nmisturas e com a qualidade Implastec.<\/p>\n","protected":false},"excerpt":{"rendered":"<p>ALCOOL ISOPROP\u00cdLICO IMPLASTEC 500ML<\/p>\n","protected":false},"featured_media":8888,"template":"","meta":{"om_disable_all_campaigns":false,"_monsterinsights_skip_tracking":false,"_monsterinsights_sitenote_active":false,"_monsterinsights_sitenote_note":"","_monsterinsights_sitenote_category":0},"product_brand":[],"product_cat":[354,296,398],"product_tag":[],"class_list":{"0":"post-8884","1":"product","2":"type-product","3":"status-publish","4":"has-post-thumbnail","6":"product_cat-hardware","7":"product_cat-informatica","8":"product_cat-outros","9":"thunk-woo-product-list","10":"big-store-woo-hover-zoom","11":"open-single-product-tab-horizontal","12":"open-shadow-","13":"open-shadow-hover-","15":"first","16":"instock","17":"sale","18":"shipping-taxable","19":"purchasable","20":"product-type-simple"},"aioseo_notices":[],"_links":{"self":[{"href":"https:\/\/infomacrio.com.br\/index.php\/wp-json\/wp\/v2\/product\/8884","targetHints":{"allow":["GET"]}}],"collection":[{"href":"https:\/\/infomacrio.com.br\/index.php\/wp-json\/wp\/v2\/product"}],"about":[{"href":"https:\/\/infomacrio.com.br\/index.php\/wp-json\/wp\/v2\/types\/product"}],"wp:featuredmedia":[{"embeddable":true,"href":"https:\/\/infomacrio.com.br\/index.php\/wp-json\/wp\/v2\/media\/8888"}],"wp:attachment":[{"href":"https:\/\/infomacrio.com.br\/index.php\/wp-json\/wp\/v2\/media?parent=8884"}],"wp:term":[{"taxonomy":"product_brand","embeddable":true,"href":"https:\/\/infomacrio.com.br\/index.php\/wp-json\/wp\/v2\/product_brand?post=8884"},{"taxonomy":"product_cat","embeddable":true,"href":"https:\/\/infomacrio.com.br\/index.php\/wp-json\/wp\/v2\/product_cat?post=8884"},{"taxonomy":"product_tag","embeddable":true,"href":"https:\/\/infomacrio.com.br\/index.php\/wp-json\/wp\/v2\/product_tag?post=8884"}],"curies":[{"name":"wp","href":"https:\/\/api.w.org\/{rel}","templated":true}]}}