{"id":8863,"date":"2023-08-24T10:50:43","date_gmt":"2023-08-24T13:50:43","guid":{"rendered":"https:\/\/infomacrio.com.br\/index.php\/produto\/cx-som-hp-dhs-2111s-subwoofer-usb\/"},"modified":"2025-08-08T08:03:55","modified_gmt":"2025-08-08T11:03:55","slug":"cx-som-hp-dhs-2111s-subwoofer-usb","status":"publish","type":"product","link":"https:\/\/infomacrio.com.br\/index.php\/produto\/cx-som-hp-dhs-2111s-subwoofer-usb\/","title":{"rendered":"CX SOM HP DHS-2111S SUBWOOFER USB"},"content":{"rendered":"<p>A HP DHS-2111S Multimedia Speaker oferece um som natural, com grande clareza e precis\u00e3o, que \u00e9 uniformemente disperso. Um alto-falante que garante pot\u00eancia e qualidade por igual na reprodu\u00e7\u00e3o de conte\u00fados multim\u00eddia.<\/p>\n<p>Grande pot\u00eancia<br \/>\nDesfrutar de sons graves ou de baixa freq\u00fc\u00eancia com excelente qualidade ser\u00e1 poss\u00edvel com esta caixa de som subwoofer, mesmo quando voc\u00ea aumente o volume.<\/p>\n","protected":false},"excerpt":{"rendered":"<p>CX SOM HP DHS-2111S SUBWOOFER USB<\/p>\n","protected":false},"featured_media":8864,"template":"","meta":{"om_disable_all_campaigns":false,"_monsterinsights_skip_tracking":false,"_monsterinsights_sitenote_active":false,"_monsterinsights_sitenote_note":"","_monsterinsights_sitenote_category":0},"product_brand":[],"product_cat":[337,296,336],"product_tag":[],"class_list":{"0":"post-8863","1":"product","2":"type-product","3":"status-publish","4":"has-post-thumbnail","6":"product_cat-caixa-de-som","7":"product_cat-informatica","8":"product_cat-som","9":"thunk-woo-product-list","10":"big-store-woo-hover-zoom","11":"open-single-product-tab-horizontal","12":"open-shadow-","13":"open-shadow-hover-","15":"first","16":"outofstock","17":"sale","18":"shipping-taxable","19":"purchasable","20":"product-type-simple"},"aioseo_notices":[],"_links":{"self":[{"href":"https:\/\/infomacrio.com.br\/index.php\/wp-json\/wp\/v2\/product\/8863","targetHints":{"allow":["GET"]}}],"collection":[{"href":"https:\/\/infomacrio.com.br\/index.php\/wp-json\/wp\/v2\/product"}],"about":[{"href":"https:\/\/infomacrio.com.br\/index.php\/wp-json\/wp\/v2\/types\/product"}],"wp:featuredmedia":[{"embeddable":true,"href":"https:\/\/infomacrio.com.br\/index.php\/wp-json\/wp\/v2\/media\/8864"}],"wp:attachment":[{"href":"https:\/\/infomacrio.com.br\/index.php\/wp-json\/wp\/v2\/media?parent=8863"}],"wp:term":[{"taxonomy":"product_brand","embeddable":true,"href":"https:\/\/infomacrio.com.br\/index.php\/wp-json\/wp\/v2\/product_brand?post=8863"},{"taxonomy":"product_cat","embeddable":true,"href":"https:\/\/infomacrio.com.br\/index.php\/wp-json\/wp\/v2\/product_cat?post=8863"},{"taxonomy":"product_tag","embeddable":true,"href":"https:\/\/infomacrio.com.br\/index.php\/wp-json\/wp\/v2\/product_tag?post=8863"}],"curies":[{"name":"wp","href":"https:\/\/api.w.org\/{rel}","templated":true}]}}