{"id":8806,"date":"2023-08-10T12:03:41","date_gmt":"2023-08-10T15:03:41","guid":{"rendered":"https:\/\/infomacrio.com.br\/index.php\/produto\/fita-isolante-adelbras-anti-chama-19mm-x-10m\/"},"modified":"2026-05-06T10:43:17","modified_gmt":"2026-05-06T13:43:17","slug":"fita-isolante-adelbras-anti-chama-19mm-x-10m","status":"publish","type":"product","link":"https:\/\/infomacrio.com.br\/index.php\/produto\/fita-isolante-adelbras-anti-chama-19mm-x-10m\/","title":{"rendered":"FITA ISOLANTE ADELBRAS ANTI CHAMA 19MM X 10M"},"content":{"rendered":"<p>Fita isolante anti-chamas para cabeamentos, enfaixamentos de cabos condutores e isolamento el\u00e9trico. Performance superior para aplica\u00e7\u00f5es com tens\u00f5es de at\u00e9 600V.<\/p>\n","protected":false},"excerpt":{"rendered":"<p>FITA ISOLANTE ADELBRAS ANTI CHAMA 19MM X 10M<\/p>\n","protected":false},"featured_media":8843,"template":"","meta":{"om_disable_all_campaigns":false,"_monsterinsights_skip_tracking":false,"_monsterinsights_sitenote_active":false,"_monsterinsights_sitenote_note":"","_monsterinsights_sitenote_category":0},"product_brand":[],"product_cat":[400,339],"product_tag":[],"class_list":{"0":"post-8806","1":"product","2":"type-product","3":"status-publish","4":"has-post-thumbnail","6":"product_cat-outros-papelaria","7":"product_cat-papelaria","8":"thunk-woo-product-list","9":"big-store-woo-hover-zoom","10":"open-single-product-tab-horizontal","11":"open-shadow-","12":"open-shadow-hover-","14":"first","15":"instock","16":"sale","17":"shipping-taxable","18":"purchasable","19":"product-type-simple"},"aioseo_notices":[],"_links":{"self":[{"href":"https:\/\/infomacrio.com.br\/index.php\/wp-json\/wp\/v2\/product\/8806","targetHints":{"allow":["GET"]}}],"collection":[{"href":"https:\/\/infomacrio.com.br\/index.php\/wp-json\/wp\/v2\/product"}],"about":[{"href":"https:\/\/infomacrio.com.br\/index.php\/wp-json\/wp\/v2\/types\/product"}],"wp:featuredmedia":[{"embeddable":true,"href":"https:\/\/infomacrio.com.br\/index.php\/wp-json\/wp\/v2\/media\/8843"}],"wp:attachment":[{"href":"https:\/\/infomacrio.com.br\/index.php\/wp-json\/wp\/v2\/media?parent=8806"}],"wp:term":[{"taxonomy":"product_brand","embeddable":true,"href":"https:\/\/infomacrio.com.br\/index.php\/wp-json\/wp\/v2\/product_brand?post=8806"},{"taxonomy":"product_cat","embeddable":true,"href":"https:\/\/infomacrio.com.br\/index.php\/wp-json\/wp\/v2\/product_cat?post=8806"},{"taxonomy":"product_tag","embeddable":true,"href":"https:\/\/infomacrio.com.br\/index.php\/wp-json\/wp\/v2\/product_tag?post=8806"}],"curies":[{"name":"wp","href":"https:\/\/api.w.org\/{rel}","templated":true}]}}