{"id":8790,"date":"2023-08-10T12:03:30","date_gmt":"2023-08-10T15:03:30","guid":{"rendered":"https:\/\/infomacrio.com.br\/index.php\/produto\/mouse-lecoo-wireless-ws202\/"},"modified":"2026-03-09T17:23:18","modified_gmt":"2026-03-09T20:23:18","slug":"mouse-lecoo-wireless-ws202","status":"publish","type":"product","link":"https:\/\/infomacrio.com.br\/index.php\/produto\/mouse-lecoo-wireless-ws202\/","title":{"rendered":"MOUSE LECOO SEM FIO WS202"},"content":{"rendered":"<p>O mouse da lecoo foi projetado para que voce possa ter conforto com seu design ergonomico e praticidade com sua conectividade wireles 2.4ghz.<br \/>\noferece ao usuario produtividade o dia todo.<\/p>\n<p>&#8211; conex\u00e3o: wireless 2.4ghz<br \/>\n&#8211; raio de comunica\u00e7\u00e3o: at\u00e9 10 metros<br \/>\n&#8211; tipo de receptor sem fio: nano usb<br \/>\n&#8211; dpi: 800-1000-1200<br \/>\n&#8211; dpi maximo: 1200<br \/>\n&#8211; tipo de sensor: \u00f3ptico<br \/>\n&#8211; quantidade de bot\u00f5es: 4<br \/>\n&#8211; possui scroll<br \/>\n&#8211; engon\u00f4mico<br \/>\n&#8211; ambidestro<br \/>\n&#8211; plug and play<br \/>\n&#8211; compatibilidade: win 7\/8\/10, macos x 10.05 e acima<br \/>\n&#8211; vida \u00fatil do bot\u00e3o: 3 milh\u00f5es de vezes<br \/>\n&#8211; corrente de voltagem: dc 1.5v \/ =15ma<br \/>\n&#8211; bateria: 1 pilha aa<\/p>\n","protected":false},"excerpt":{"rendered":"<p>MOUSE LECOO SEM FIO WS202<\/p>\n","protected":false},"featured_media":8848,"template":"","meta":{"om_disable_all_campaigns":false,"_monsterinsights_skip_tracking":false,"_monsterinsights_sitenote_active":false,"_monsterinsights_sitenote_note":"","_monsterinsights_sitenote_category":0},"product_brand":[],"product_cat":[296,393,384],"product_tag":[],"class_list":{"0":"post-8790","1":"product","2":"type-product","3":"status-publish","4":"has-post-thumbnail","6":"product_cat-informatica","7":"product_cat-mouse","8":"product_cat-perifericos","9":"thunk-woo-product-list","10":"big-store-woo-hover-zoom","11":"open-single-product-tab-horizontal","12":"open-shadow-","13":"open-shadow-hover-","15":"first","16":"instock","17":"sale","18":"shipping-taxable","19":"purchasable","20":"product-type-simple"},"aioseo_notices":[],"_links":{"self":[{"href":"https:\/\/infomacrio.com.br\/index.php\/wp-json\/wp\/v2\/product\/8790","targetHints":{"allow":["GET"]}}],"collection":[{"href":"https:\/\/infomacrio.com.br\/index.php\/wp-json\/wp\/v2\/product"}],"about":[{"href":"https:\/\/infomacrio.com.br\/index.php\/wp-json\/wp\/v2\/types\/product"}],"wp:featuredmedia":[{"embeddable":true,"href":"https:\/\/infomacrio.com.br\/index.php\/wp-json\/wp\/v2\/media\/8848"}],"wp:attachment":[{"href":"https:\/\/infomacrio.com.br\/index.php\/wp-json\/wp\/v2\/media?parent=8790"}],"wp:term":[{"taxonomy":"product_brand","embeddable":true,"href":"https:\/\/infomacrio.com.br\/index.php\/wp-json\/wp\/v2\/product_brand?post=8790"},{"taxonomy":"product_cat","embeddable":true,"href":"https:\/\/infomacrio.com.br\/index.php\/wp-json\/wp\/v2\/product_cat?post=8790"},{"taxonomy":"product_tag","embeddable":true,"href":"https:\/\/infomacrio.com.br\/index.php\/wp-json\/wp\/v2\/product_tag?post=8790"}],"curies":[{"name":"wp","href":"https:\/\/api.w.org\/{rel}","templated":true}]}}