{"id":8785,"date":"2023-08-10T12:03:26","date_gmt":"2023-08-10T15:03:26","guid":{"rendered":"https:\/\/infomacrio.com.br\/index.php\/produto\/parafuso-bap-tipo-j-c-porca\/"},"modified":"2025-08-08T08:01:56","modified_gmt":"2025-08-08T11:01:56","slug":"parafuso-bap-tipo-j-c-porca","status":"publish","type":"product","link":"https:\/\/infomacrio.com.br\/index.php\/produto\/parafuso-bap-tipo-j-c-porca\/","title":{"rendered":"PARAFUSO P\/ BAP"},"content":{"rendered":"<p>Com esse parafuso e Porca, em conjunto com a cinta, s\u00e3o utilizados para sustenta\u00e7\u00e3o de acess\u00f3rios em postes circulares de concreto ou madeira e em postes duplo T, com uso de base adaptadora.<\/p>\n<p>O Parafuso \u00e9 fabricado em a\u00e7o ABNT 1010\/1020 com rosca parcial e galvanizado a fogo. A Porca \u00e9 o produzida em a\u00e7o ABNT 1005\/1010 com acabamento zincado.<\/p>\n","protected":false},"excerpt":{"rendered":"<p>PARAFUSO P\/ BAP &#8211; KIT<\/p>\n","protected":false},"featured_media":8819,"template":"","meta":{"om_disable_all_campaigns":false,"_monsterinsights_skip_tracking":false,"_monsterinsights_sitenote_active":false,"_monsterinsights_sitenote_note":"","_monsterinsights_sitenote_category":0},"product_brand":[],"product_cat":[311,370,383],"product_tag":[],"class_list":{"0":"post-8785","1":"product","2":"type-product","3":"status-publish","4":"has-post-thumbnail","6":"product_cat-ancoragem","7":"product_cat-ferragens","8":"product_cat-injetados","9":"thunk-woo-product-list","10":"big-store-woo-hover-zoom","11":"open-single-product-tab-horizontal","12":"open-shadow-","13":"open-shadow-hover-","15":"first","16":"instock","17":"sale","18":"shipping-taxable","19":"purchasable","20":"product-type-simple"},"aioseo_notices":[],"_links":{"self":[{"href":"https:\/\/infomacrio.com.br\/index.php\/wp-json\/wp\/v2\/product\/8785","targetHints":{"allow":["GET"]}}],"collection":[{"href":"https:\/\/infomacrio.com.br\/index.php\/wp-json\/wp\/v2\/product"}],"about":[{"href":"https:\/\/infomacrio.com.br\/index.php\/wp-json\/wp\/v2\/types\/product"}],"wp:featuredmedia":[{"embeddable":true,"href":"https:\/\/infomacrio.com.br\/index.php\/wp-json\/wp\/v2\/media\/8819"}],"wp:attachment":[{"href":"https:\/\/infomacrio.com.br\/index.php\/wp-json\/wp\/v2\/media?parent=8785"}],"wp:term":[{"taxonomy":"product_brand","embeddable":true,"href":"https:\/\/infomacrio.com.br\/index.php\/wp-json\/wp\/v2\/product_brand?post=8785"},{"taxonomy":"product_cat","embeddable":true,"href":"https:\/\/infomacrio.com.br\/index.php\/wp-json\/wp\/v2\/product_cat?post=8785"},{"taxonomy":"product_tag","embeddable":true,"href":"https:\/\/infomacrio.com.br\/index.php\/wp-json\/wp\/v2\/product_tag?post=8785"}],"curies":[{"name":"wp","href":"https:\/\/api.w.org\/{rel}","templated":true}]}}