{"id":8769,"date":"2023-08-10T12:03:15","date_gmt":"2023-08-10T15:03:15","guid":{"rendered":"https:\/\/infomacrio.com.br\/index.php\/produto\/testador-de-cabos-rj45-11-plus-cable\/"},"modified":"2025-12-09T16:05:08","modified_gmt":"2025-12-09T19:05:08","slug":"testador-de-cabos-rj45-11-plus-cable","status":"publish","type":"product","link":"https:\/\/infomacrio.com.br\/index.php\/produto\/testador-de-cabos-rj45-11-plus-cable\/","title":{"rendered":"TESTADOR DE CABOS RJ45\/11 PLUS CABLE"},"content":{"rendered":"<p>O testador de cabo de Rede LT-100 foi produzido com materiais de alta qualidade, \u00e9 compacto e de f\u00e1cil utiliza\u00e7\u00e3o.<\/p>\n<p>Com seu sistema plug and play, basta conectar e aproveitar suas funcionalidades. Ideal para te auxiliar em instala\u00e7\u00f5es e manuten\u00e7\u00f5es de redes.<\/p>\n<p>Produto indispens\u00e1vel para mostrar o bom funcionamento dos cabos e, al\u00e9m de tudo, \u00e9 compat\u00edvel com RJ11 e RJ45 e cabos blindados.<\/p>\n","protected":false},"excerpt":{"rendered":"<p>TESTADOR DE CABOS RJ45\/11 PLUS CABLE<\/p>\n","protected":false},"featured_media":8826,"template":"","meta":{"om_disable_all_campaigns":false,"_monsterinsights_skip_tracking":false,"_monsterinsights_sitenote_active":false,"_monsterinsights_sitenote_note":"","_monsterinsights_sitenote_category":0},"product_brand":[],"product_cat":[313,314,429],"product_tag":[],"class_list":{"0":"post-8769","1":"product","2":"type-product","3":"status-publish","4":"has-post-thumbnail","6":"product_cat-ferramentas","7":"product_cat-para-network","8":"product_cat-testador-de-cabo","9":"thunk-woo-product-list","10":"big-store-woo-hover-zoom","11":"open-single-product-tab-horizontal","12":"open-shadow-","13":"open-shadow-hover-","15":"first","16":"outofstock","17":"sale","18":"shipping-taxable","19":"purchasable","20":"product-type-simple"},"aioseo_notices":[],"_links":{"self":[{"href":"https:\/\/infomacrio.com.br\/index.php\/wp-json\/wp\/v2\/product\/8769","targetHints":{"allow":["GET"]}}],"collection":[{"href":"https:\/\/infomacrio.com.br\/index.php\/wp-json\/wp\/v2\/product"}],"about":[{"href":"https:\/\/infomacrio.com.br\/index.php\/wp-json\/wp\/v2\/types\/product"}],"wp:featuredmedia":[{"embeddable":true,"href":"https:\/\/infomacrio.com.br\/index.php\/wp-json\/wp\/v2\/media\/8826"}],"wp:attachment":[{"href":"https:\/\/infomacrio.com.br\/index.php\/wp-json\/wp\/v2\/media?parent=8769"}],"wp:term":[{"taxonomy":"product_brand","embeddable":true,"href":"https:\/\/infomacrio.com.br\/index.php\/wp-json\/wp\/v2\/product_brand?post=8769"},{"taxonomy":"product_cat","embeddable":true,"href":"https:\/\/infomacrio.com.br\/index.php\/wp-json\/wp\/v2\/product_cat?post=8769"},{"taxonomy":"product_tag","embeddable":true,"href":"https:\/\/infomacrio.com.br\/index.php\/wp-json\/wp\/v2\/product_tag?post=8769"}],"curies":[{"name":"wp","href":"https:\/\/api.w.org\/{rel}","templated":true}]}}