{"id":8759,"date":"2023-08-10T12:03:08","date_gmt":"2023-08-10T15:03:08","guid":{"rendered":"https:\/\/infomacrio.com.br\/index.php\/produto\/kit-ferramentas-ftth-shoreline-c-bolsa\/"},"modified":"2026-05-04T12:55:41","modified_gmt":"2026-05-04T15:55:41","slug":"kit-ferramentas-ftth-shoreline-c-bolsa","status":"publish","type":"product","link":"https:\/\/infomacrio.com.br\/index.php\/produto\/kit-ferramentas-ftth-shoreline-c-bolsa\/","title":{"rendered":"KIT FERRAMENTAS FTTH SHORELINE C\/ BOLSA"},"content":{"rendered":"<p>O Kit de Ferramentas FTTH \u00e9 utilizado para fazer a conectoriza\u00e7\u00e3o de fibras<br \/>\n\u00f3pticas. Ele cont\u00e9m ferramentas necess\u00e1rias para a montagem de conectores r\u00e1pidos<br \/>\nFast Connector) ou emendas mec\u00e2nicas, oferecendo uma maior organiza\u00e7\u00e3o dos<br \/>\nequipamentos para maior agilidade no trabalho de instala\u00e7\u00f5es de redes \u00f3pticas.<\/p>\n<p>&nbsp;<\/p>\n<p>Itens Inclusos:<\/p>\n<p>01 Power Meter SC<br \/>\n01 Clivador \u00d3ptico<br \/>\n01 Decapador de Drop<br \/>\n01 Alicate 2 Posi\u00e7\u00f5es<br \/>\n01 Caneta VFL<br \/>\n01 Recipiente p\/ \u00e1lcool<br \/>\n01 Gabarito Universal para Fast Conector<br \/>\n01 Bolsa Organizadora<br \/>\n03 Chaves para ajustes de l\u00e2mina<\/p>\n","protected":false},"excerpt":{"rendered":"<p>KIT FERRAMENTAS FTTH SHORELINE C\/ BOLSA<\/p>\n","protected":false},"featured_media":8840,"template":"","meta":{"om_disable_all_campaigns":false,"_monsterinsights_skip_tracking":false,"_monsterinsights_sitenote_active":false,"_monsterinsights_sitenote_note":"","_monsterinsights_sitenote_category":0},"product_brand":[],"product_cat":[313,386,348],"product_tag":[],"class_list":{"0":"post-8759","1":"product","2":"type-product","3":"status-publish","4":"has-post-thumbnail","6":"product_cat-ferramentas","7":"product_cat-kit-de-ferramentas-ftth","8":"product_cat-para-fibra-optica","9":"thunk-woo-product-list","10":"big-store-woo-hover-zoom","11":"open-single-product-tab-horizontal","12":"open-shadow-","13":"open-shadow-hover-","15":"first","16":"instock","17":"sale","18":"shipping-taxable","19":"purchasable","20":"product-type-simple"},"aioseo_notices":[],"_links":{"self":[{"href":"https:\/\/infomacrio.com.br\/index.php\/wp-json\/wp\/v2\/product\/8759","targetHints":{"allow":["GET"]}}],"collection":[{"href":"https:\/\/infomacrio.com.br\/index.php\/wp-json\/wp\/v2\/product"}],"about":[{"href":"https:\/\/infomacrio.com.br\/index.php\/wp-json\/wp\/v2\/types\/product"}],"wp:featuredmedia":[{"embeddable":true,"href":"https:\/\/infomacrio.com.br\/index.php\/wp-json\/wp\/v2\/media\/8840"}],"wp:attachment":[{"href":"https:\/\/infomacrio.com.br\/index.php\/wp-json\/wp\/v2\/media?parent=8759"}],"wp:term":[{"taxonomy":"product_brand","embeddable":true,"href":"https:\/\/infomacrio.com.br\/index.php\/wp-json\/wp\/v2\/product_brand?post=8759"},{"taxonomy":"product_cat","embeddable":true,"href":"https:\/\/infomacrio.com.br\/index.php\/wp-json\/wp\/v2\/product_cat?post=8759"},{"taxonomy":"product_tag","embeddable":true,"href":"https:\/\/infomacrio.com.br\/index.php\/wp-json\/wp\/v2\/product_tag?post=8759"}],"curies":[{"name":"wp","href":"https:\/\/api.w.org\/{rel}","templated":true}]}}