{"id":8749,"date":"2023-08-10T12:03:01","date_gmt":"2023-08-10T15:03:01","guid":{"rendered":"https:\/\/infomacrio.com.br\/index.php\/produto\/cx-emenda-ceo-nxt-24fo-ate-96fo-svt-pt\/"},"modified":"2025-10-23T14:10:51","modified_gmt":"2025-10-23T17:10:51","slug":"cx-emenda-ceo-nxt-24fo-ate-96fo-svt-pt","status":"publish","type":"product","link":"https:\/\/infomacrio.com.br\/index.php\/produto\/cx-emenda-ceo-nxt-24fo-ate-96fo-svt-pt\/","title":{"rendered":"CX EMENDA CEO NEXT 24\/96F SVT"},"content":{"rendered":"<p>A Caixa de Emenda \u00d3ptica SVT possui configura\u00e7\u00e3o unidirecional para entrada de cabos, com 1 entrada oval para cabos AS ou ASU e 4 entradas redondas para deriva\u00e7\u00e3o cabos. F\u00e1cil montagem e total confiabilidade em um sistema de veda\u00e7\u00e3o termocontr\u00e1til (SVT). O fechamento da c\u00fapula com a base, bem como a passagem e veda\u00e7\u00e3o dos cabos, s\u00e3o realizados com travamento por sistema t\u00e9rmico. Modelo comercializado 24F poss\u00edvel ser expandido com bandejas extras, vendidas separadamente.<\/p>\n<p>. Especifica\u00e7\u00f5es T\u00e9cnicas:<\/p>\n<p>Modelo\/Bandeja(s) : 24FO\/01;<br \/>\nKit de acess\u00f3rios incluso conforme modelo;<br \/>\nBandeja interna com suporte de silicone para tubetes;<br \/>\nAcomoda\u00e7\u00e3o de tubo loose na traseira do Fixador de Bandejas;<br \/>\nSuporta temperaturas m\u00e9dia 60\u00b0C ambiente;<br \/>\nSuporta cabos AS e ASU;<br \/>\nUsado em redes FTTH e FTTX;<br \/>\nSistema: SVT.<\/p>\n","protected":false},"excerpt":{"rendered":"<p>CX EMENDA CEO NEXT 24\/96F SVT<\/p>\n","protected":false},"featured_media":8828,"template":"","meta":{"om_disable_all_campaigns":false,"_monsterinsights_skip_tracking":false,"_monsterinsights_sitenote_active":false,"_monsterinsights_sitenote_note":"","_monsterinsights_sitenote_category":0},"product_brand":[],"product_cat":[335,301,428],"product_tag":[],"class_list":{"0":"post-8749","1":"product","2":"type-product","3":"status-publish","4":"has-post-thumbnail","6":"product_cat-caixa-de-emenda-ceo","7":"product_cat-fibra-optica","8":"product_cat-termocontratil","9":"thunk-woo-product-list","10":"big-store-woo-hover-zoom","11":"open-single-product-tab-horizontal","12":"open-shadow-","13":"open-shadow-hover-","15":"first","16":"instock","17":"sale","18":"shipping-taxable","19":"purchasable","20":"product-type-simple"},"aioseo_notices":[],"_links":{"self":[{"href":"https:\/\/infomacrio.com.br\/index.php\/wp-json\/wp\/v2\/product\/8749","targetHints":{"allow":["GET"]}}],"collection":[{"href":"https:\/\/infomacrio.com.br\/index.php\/wp-json\/wp\/v2\/product"}],"about":[{"href":"https:\/\/infomacrio.com.br\/index.php\/wp-json\/wp\/v2\/types\/product"}],"wp:featuredmedia":[{"embeddable":true,"href":"https:\/\/infomacrio.com.br\/index.php\/wp-json\/wp\/v2\/media\/8828"}],"wp:attachment":[{"href":"https:\/\/infomacrio.com.br\/index.php\/wp-json\/wp\/v2\/media?parent=8749"}],"wp:term":[{"taxonomy":"product_brand","embeddable":true,"href":"https:\/\/infomacrio.com.br\/index.php\/wp-json\/wp\/v2\/product_brand?post=8749"},{"taxonomy":"product_cat","embeddable":true,"href":"https:\/\/infomacrio.com.br\/index.php\/wp-json\/wp\/v2\/product_cat?post=8749"},{"taxonomy":"product_tag","embeddable":true,"href":"https:\/\/infomacrio.com.br\/index.php\/wp-json\/wp\/v2\/product_tag?post=8749"}],"curies":[{"name":"wp","href":"https:\/\/api.w.org\/{rel}","templated":true}]}}