{"id":8728,"date":"2023-08-10T12:02:46","date_gmt":"2023-08-10T15:02:46","guid":{"rendered":"https:\/\/infomacrio.com.br\/index.php\/produto\/mouse-c3tech-gamer-ravage-mg-720-preto-12800dpi\/"},"modified":"2026-03-27T12:10:31","modified_gmt":"2026-03-27T15:10:31","slug":"mouse-c3tech-gamer-ravage-mg-720-preto-12800dpi","status":"publish","type":"product","link":"https:\/\/infomacrio.com.br\/index.php\/produto\/mouse-c3tech-gamer-ravage-mg-720-preto-12800dpi\/","title":{"rendered":"MOUSE C3TECH GAMER MG-330BK COMMANDER"},"content":{"rendered":"<p>Commander faz jus ao nome, te conduz a partidas impressionantes! Projetado para oferecer versatilidade e alto desempenho, seus 7 botoes configuraveis representam possibilidades sem fim. Conta com uma experiencia de iluminacao RGB inteligente e de amplo espectro que responde a todas as acoes no jogo. Sua pegada confortavel se adequa a mao, sem defeitos.<\/p>\n<p>ESPECIFICA\u00c7\u00d5ES GERAIS<br \/>\nDimens\u00e3o: 41*80*122mm<br \/>\nPeso: 140g<br \/>\nConex\u00e3o: USB 1.1\/2.0<br \/>\nDPI M\u00e1ximo: 6400<br \/>\nPossui Ajuste de DPI: Sim<br \/>\nOp\u00e7\u00f5es de DPI: 800-1600-2400-3200-4800-6400<br \/>\nTipo de Sensor: \u00d3ptico<br \/>\nModelo de Sensor: Sunplus 199<br \/>\nQtde Bot\u00f5es: 7<br \/>\nPossui Scroll: Sim<br \/>\nPossui Bot\u00e3o em Scroll: Sim<br \/>\nPossui Bot\u00e3o Lateral: Sim<br \/>\nPossui Ilumina\u00e7\u00e3o Sim<br \/>\nTipo de Ilumina\u00e7\u00e3: RGB<br \/>\nComprimento de Cabo: 170 cm<br \/>\nRevestimento de Cabo: Nylon<br \/>\nErgon\u00f4mico: Sim<br \/>\nAmbidestro: N\u00e3o<br \/>\nPlug and Play: Sim<br \/>\nCompatibilidade: Windows 7\/8\/10, MacOS<\/p>\n<p>CARACTER\u00cdSTICAS GAMING<br \/>\nPossui Software: Sim<br \/>\nPossui Macro: Sim<br \/>\nPossui Ilumina\u00e7\u00e3o: Sim<br \/>\nTipo de Ilumina\u00e7\u00e3o: RGB<br \/>\nAcelera\u00e7\u00e3o:<br \/>\nTaxa de Frequ\u00eancia (Polling Rate)<br \/>\nTempo de Resposta:<\/p>\n<p>CARACTER\u00cdSTICAS EL\u00c9TRICAS<br \/>\nTens\u00e3o de Opera\u00e7\u00e3o: DC 5V<br \/>\nCorrente de Opera\u00e7\u00e3o<br \/>\nAlimenta\u00e7\u00e3o: USB<\/p>\n<p>CARACTER\u00cdSTICAS MEC\u00c2NICAS E DURABILIDADE<br \/>\nFor\u00e7a de Acionamento &#8211; Bot\u00f5es Principais: 70 \u00b1 20gf<br \/>\nFor\u00e7a de Acionamento &#8211; Bot\u00f5es Laterais: 70 \u00b1 20gf<br \/>\nFor\u00e7a de Acionamento &#8211; Bot\u00e3o Scroll: 70 \u00b1 20gf<br \/>\nFor\u00e7a de Acionamento &#8211; Scroll: 30 \u00b1 10gf<br \/>\nTempo de Vida &#8211; Bot\u00f5es Principais: 5 milh\u00f5es de cliques<br \/>\nTempo de Vida &#8211; Bot\u00f5es Laterais: 3 milh\u00f5es de cliques<br \/>\nTempo de Vida &#8211; Bot\u00e3o Scroll: 3 milh\u00f5es de cliques<br \/>\nTempo de Vida &#8211; Scroll: 100 mil voltas<br \/>\nTemperatura Ambiente para Opera\u00e7\u00e3o: 0\u00b0C a 45\u00b0C<br \/>\nUmidade Ambiente para Opera\u00e7\u00e3o: 20% a 90% RH<\/p>\n","protected":false},"excerpt":{"rendered":"<p>MOUSE C3TECH GAMER MG-330BK COMMANDER<\/p>\n","protected":false},"featured_media":8815,"template":"","meta":{"om_disable_all_campaigns":false,"_monsterinsights_skip_tracking":false,"_monsterinsights_sitenote_active":false,"_monsterinsights_sitenote_note":"","_monsterinsights_sitenote_category":0},"product_brand":[],"product_cat":[296,393,384],"product_tag":[],"class_list":{"0":"post-8728","1":"product","2":"type-product","3":"status-publish","4":"has-post-thumbnail","6":"product_cat-informatica","7":"product_cat-mouse","8":"product_cat-perifericos","9":"thunk-woo-product-list","10":"big-store-woo-hover-zoom","11":"open-single-product-tab-horizontal","12":"open-shadow-","13":"open-shadow-hover-","15":"first","16":"instock","17":"sale","18":"shipping-taxable","19":"purchasable","20":"product-type-simple"},"aioseo_notices":[],"_links":{"self":[{"href":"https:\/\/infomacrio.com.br\/index.php\/wp-json\/wp\/v2\/product\/8728","targetHints":{"allow":["GET"]}}],"collection":[{"href":"https:\/\/infomacrio.com.br\/index.php\/wp-json\/wp\/v2\/product"}],"about":[{"href":"https:\/\/infomacrio.com.br\/index.php\/wp-json\/wp\/v2\/types\/product"}],"wp:featuredmedia":[{"embeddable":true,"href":"https:\/\/infomacrio.com.br\/index.php\/wp-json\/wp\/v2\/media\/8815"}],"wp:attachment":[{"href":"https:\/\/infomacrio.com.br\/index.php\/wp-json\/wp\/v2\/media?parent=8728"}],"wp:term":[{"taxonomy":"product_brand","embeddable":true,"href":"https:\/\/infomacrio.com.br\/index.php\/wp-json\/wp\/v2\/product_brand?post=8728"},{"taxonomy":"product_cat","embeddable":true,"href":"https:\/\/infomacrio.com.br\/index.php\/wp-json\/wp\/v2\/product_cat?post=8728"},{"taxonomy":"product_tag","embeddable":true,"href":"https:\/\/infomacrio.com.br\/index.php\/wp-json\/wp\/v2\/product_tag?post=8728"}],"curies":[{"name":"wp","href":"https:\/\/api.w.org\/{rel}","templated":true}]}}