{"id":8698,"date":"2023-05-17T11:56:31","date_gmt":"2023-05-17T14:56:31","guid":{"rendered":"https:\/\/infomacrio.com.br\/index.php\/produto\/fixa-fio-miguelao-8mm-pct-100un\/"},"modified":"2026-01-14T14:32:15","modified_gmt":"2026-01-14T17:32:15","slug":"fixa-fio-miguelao-8mm-pct-100un","status":"publish","type":"product","link":"https:\/\/infomacrio.com.br\/index.php\/produto\/fixa-fio-miguelao-8mm-pct-100un\/","title":{"rendered":"FIXA FIO MIGUELAO 8MM &#8211; PCT 100UN"},"content":{"rendered":"<p>O\u00a0fixa fio miguel\u00e3o\u00a0\u00e9 um\u00a0grampo pl\u00e1stico isolante acompanhado de um prego de a\u00e7o, utilizado para organizar e prender cabos diretamente em superf\u00edcies como\u00a0alvenaria\u00a0ou\u00a0madeira.<\/p>\n","protected":false},"excerpt":{"rendered":"<p>FIXA FIO MIGUELAO 8MM &#8211; PCT 100UN<\/p>\n","protected":false},"featured_media":8701,"template":"","meta":{"om_disable_all_campaigns":false,"_monsterinsights_skip_tracking":false,"_monsterinsights_sitenote_active":false,"_monsterinsights_sitenote_note":"","_monsterinsights_sitenote_category":0},"product_brand":[],"product_cat":[300,299,298],"product_tag":[],"class_list":{"0":"post-8698","1":"product","2":"type-product","3":"status-publish","4":"has-post-thumbnail","6":"product_cat-acessorios-p-cftv","7":"product_cat-cftv","8":"product_cat-network","9":"thunk-woo-product-list","10":"big-store-woo-hover-zoom","11":"open-single-product-tab-horizontal","12":"open-shadow-","13":"open-shadow-hover-","15":"first","16":"outofstock","17":"sale","18":"shipping-taxable","19":"purchasable","20":"product-type-simple"},"aioseo_notices":[],"_links":{"self":[{"href":"https:\/\/infomacrio.com.br\/index.php\/wp-json\/wp\/v2\/product\/8698","targetHints":{"allow":["GET"]}}],"collection":[{"href":"https:\/\/infomacrio.com.br\/index.php\/wp-json\/wp\/v2\/product"}],"about":[{"href":"https:\/\/infomacrio.com.br\/index.php\/wp-json\/wp\/v2\/types\/product"}],"wp:featuredmedia":[{"embeddable":true,"href":"https:\/\/infomacrio.com.br\/index.php\/wp-json\/wp\/v2\/media\/8701"}],"wp:attachment":[{"href":"https:\/\/infomacrio.com.br\/index.php\/wp-json\/wp\/v2\/media?parent=8698"}],"wp:term":[{"taxonomy":"product_brand","embeddable":true,"href":"https:\/\/infomacrio.com.br\/index.php\/wp-json\/wp\/v2\/product_brand?post=8698"},{"taxonomy":"product_cat","embeddable":true,"href":"https:\/\/infomacrio.com.br\/index.php\/wp-json\/wp\/v2\/product_cat?post=8698"},{"taxonomy":"product_tag","embeddable":true,"href":"https:\/\/infomacrio.com.br\/index.php\/wp-json\/wp\/v2\/product_tag?post=8698"}],"curies":[{"name":"wp","href":"https:\/\/api.w.org\/{rel}","templated":true}]}}