{"id":8689,"date":"2023-05-11T14:35:30","date_gmt":"2023-05-11T17:35:30","guid":{"rendered":"https:\/\/infomacrio.com.br\/index.php\/produto\/cabo-de-rede-4-pares-100-cobre-metro\/"},"modified":"2025-11-14T10:01:14","modified_gmt":"2025-11-14T13:01:14","slug":"cabo-de-rede-4-pares-100-cobre-metro","status":"publish","type":"product","link":"https:\/\/infomacrio.com.br\/index.php\/produto\/cabo-de-rede-4-pares-100-cobre-metro\/","title":{"rendered":"CABO DE REDE 4 PARES 100% COBRE &#8211; METRO"},"content":{"rendered":"<p>. Cabo 100% cobre 10\/100\/1000Mbps, Cabo UTP CMX para uso Indor Outdoor.<\/p>\n<p>. Lan Expert \u00e9 um tradicional fabricante de cabos de telecomunica\u00e7\u00f5es e redes com anos de experi\u00eancia. A qualidade do produto \u00e9 o resultado natural da dedica\u00e7\u00e3o e do investimento em pesquisas e desenvolvimento no segmento de cabos.<\/p>\n","protected":false},"excerpt":{"rendered":"<p>CABO DE REDE 4 PARES 100% COBRE &#8211; METRO<\/p>\n","protected":false},"featured_media":8690,"template":"","meta":{"om_disable_all_campaigns":false,"_monsterinsights_skip_tracking":false,"_monsterinsights_sitenote_active":false,"_monsterinsights_sitenote_note":"","_monsterinsights_sitenote_category":0},"product_brand":[],"product_cat":[330,350,298],"product_tag":[],"class_list":{"0":"post-8689","1":"product","2":"type-product","3":"status-publish","4":"has-post-thumbnail","6":"product_cat-cabo-de-rede","7":"product_cat-cobre","8":"product_cat-network","9":"thunk-woo-product-list","10":"big-store-woo-hover-zoom","11":"open-single-product-tab-horizontal","12":"open-shadow-","13":"open-shadow-hover-","15":"first","16":"outofstock","17":"sale","18":"shipping-taxable","19":"purchasable","20":"product-type-simple"},"aioseo_notices":[],"_links":{"self":[{"href":"https:\/\/infomacrio.com.br\/index.php\/wp-json\/wp\/v2\/product\/8689","targetHints":{"allow":["GET"]}}],"collection":[{"href":"https:\/\/infomacrio.com.br\/index.php\/wp-json\/wp\/v2\/product"}],"about":[{"href":"https:\/\/infomacrio.com.br\/index.php\/wp-json\/wp\/v2\/types\/product"}],"wp:featuredmedia":[{"embeddable":true,"href":"https:\/\/infomacrio.com.br\/index.php\/wp-json\/wp\/v2\/media\/8690"}],"wp:attachment":[{"href":"https:\/\/infomacrio.com.br\/index.php\/wp-json\/wp\/v2\/media?parent=8689"}],"wp:term":[{"taxonomy":"product_brand","embeddable":true,"href":"https:\/\/infomacrio.com.br\/index.php\/wp-json\/wp\/v2\/product_brand?post=8689"},{"taxonomy":"product_cat","embeddable":true,"href":"https:\/\/infomacrio.com.br\/index.php\/wp-json\/wp\/v2\/product_cat?post=8689"},{"taxonomy":"product_tag","embeddable":true,"href":"https:\/\/infomacrio.com.br\/index.php\/wp-json\/wp\/v2\/product_tag?post=8689"}],"curies":[{"name":"wp","href":"https:\/\/api.w.org\/{rel}","templated":true}]}}