{"id":8558,"date":"2023-03-17T11:33:37","date_gmt":"2023-03-17T14:33:37","guid":{"rendered":"https:\/\/infomacrio.com.br\/index.php\/produto\/abracadeira-nylon-m20-200x4mm-100un\/"},"modified":"2026-04-13T11:41:14","modified_gmt":"2026-04-13T14:41:14","slug":"abracadeira-nylon-m20-200x4mm-100un","status":"publish","type":"product","link":"https:\/\/infomacrio.com.br\/index.php\/produto\/abracadeira-nylon-m20-200x4mm-100un\/","title":{"rendered":"ABRA\u00c7ADEIRA NYLON M20 200X3MM 100UN"},"content":{"rendered":"<p>A especifica\u00e7\u00e3o\u00a0<strong class=\"Yjhzub\" data-complete=\"true\" data-processed=\"true\">M20<\/strong> para abra\u00e7adeiras de nylon refere-se comumente ao tamanho de 200mm de comprimento por 3mm de largura. Elas s\u00e3o flex\u00edveis, resistentes e ideais para a organiza\u00e7\u00e3o e amarra\u00e7\u00e3o de fios, cabos e outros acess\u00f3rios.<\/p>\n","protected":false},"excerpt":{"rendered":"<p>ABRA\u00c7ADEIRA NYLON M20 200X3MM 100UN<\/p>\n","protected":false},"featured_media":8563,"template":"","meta":{"om_disable_all_campaigns":false,"_monsterinsights_skip_tracking":false,"_monsterinsights_sitenote_active":false,"_monsterinsights_sitenote_note":"","_monsterinsights_sitenote_category":0},"product_brand":[],"product_cat":[313,408],"product_tag":[],"class_list":{"0":"post-8558","1":"product","2":"type-product","3":"status-publish","4":"has-post-thumbnail","6":"product_cat-ferramentas","7":"product_cat-para-diversos","8":"thunk-woo-product-list","9":"big-store-woo-hover-zoom","10":"open-single-product-tab-horizontal","11":"open-shadow-","12":"open-shadow-hover-","14":"first","15":"instock","16":"sale","17":"shipping-taxable","18":"purchasable","19":"product-type-simple"},"aioseo_notices":[],"_links":{"self":[{"href":"https:\/\/infomacrio.com.br\/index.php\/wp-json\/wp\/v2\/product\/8558","targetHints":{"allow":["GET"]}}],"collection":[{"href":"https:\/\/infomacrio.com.br\/index.php\/wp-json\/wp\/v2\/product"}],"about":[{"href":"https:\/\/infomacrio.com.br\/index.php\/wp-json\/wp\/v2\/types\/product"}],"wp:featuredmedia":[{"embeddable":true,"href":"https:\/\/infomacrio.com.br\/index.php\/wp-json\/wp\/v2\/media\/8563"}],"wp:attachment":[{"href":"https:\/\/infomacrio.com.br\/index.php\/wp-json\/wp\/v2\/media?parent=8558"}],"wp:term":[{"taxonomy":"product_brand","embeddable":true,"href":"https:\/\/infomacrio.com.br\/index.php\/wp-json\/wp\/v2\/product_brand?post=8558"},{"taxonomy":"product_cat","embeddable":true,"href":"https:\/\/infomacrio.com.br\/index.php\/wp-json\/wp\/v2\/product_cat?post=8558"},{"taxonomy":"product_tag","embeddable":true,"href":"https:\/\/infomacrio.com.br\/index.php\/wp-json\/wp\/v2\/product_tag?post=8558"}],"curies":[{"name":"wp","href":"https:\/\/api.w.org\/{rel}","templated":true}]}}