{"id":8520,"date":"2023-03-07T16:10:38","date_gmt":"2023-03-07T19:10:38","guid":{"rendered":"https:\/\/infomacrio.com.br\/index.php\/produto\/cx-som-jbl-flip-6-bluetooth-30w-vermelha\/"},"modified":"2025-08-08T08:03:54","modified_gmt":"2025-08-08T11:03:54","slug":"cx-som-jbl-flip-6-bluetooth-30w-vermelha","status":"publish","type":"product","link":"https:\/\/infomacrio.com.br\/index.php\/produto\/cx-som-jbl-flip-6-bluetooth-30w-vermelha\/","title":{"rendered":"CX SOM JBL FLIP 6 BLUETOOTH 30W VERMELHA"},"content":{"rendered":"<table width=\"654\">\n<tbody>\n<tr>\n<td width=\"6\"><\/td>\n<td colspan=\"2\" width=\"514\"><\/td>\n<td colspan=\"2\" width=\"134\"><\/td>\n<\/tr>\n<tr>\n<td colspan=\"2\" width=\"313\">Pot\u00eancia m\u00e1xima de sa\u00edda dos alto-falantes<\/td>\n<td colspan=\"2\" width=\"315\">30 Watts<\/td>\n<td width=\"26\"><\/td>\n<\/tr>\n<tr>\n<td colspan=\"2\" width=\"313\">Resposta de frequ\u00eancia<\/td>\n<td colspan=\"2\" width=\"315\">60 Hz<\/td>\n<td width=\"26\"><\/td>\n<\/tr>\n<tr>\n<td colspan=\"2\" width=\"313\">Tecnologia de conectividade<\/td>\n<td colspan=\"2\" width=\"315\">Bluetooth<\/td>\n<td width=\"26\"><\/td>\n<\/tr>\n<tr>\n<td colspan=\"2\" width=\"313\">Modo de sa\u00edda de \u00e1udio<\/td>\n<td colspan=\"2\" width=\"315\">Stereo<\/td>\n<td width=\"26\"><\/td>\n<\/tr>\n<tr>\n<td width=\"6\"><\/td>\n<td width=\"306\"><\/td>\n<td width=\"208\"><\/td>\n<td width=\"108\"><\/td>\n<td width=\"26\"><\/td>\n<\/tr>\n<\/tbody>\n<\/table>\n<p>Sobre este item:<\/p>\n<p>At\u00e9 12 horas de reprodu\u00e7\u00e3o<\/p>\n<p>Classifica\u00e7\u00e3o IP67 \u00e0 prova d\u2019\u00e1gua e poeira<\/p>\n<p>JBL Partyboost \/ JBL Portable App<\/p>\n<p>Radiador de graves JBL<\/p>\n<table width=\"628\">\n<tbody>\n<tr>\n<td width=\"302\">Tipo de montagem<\/td>\n<td>\u200eSuporte de mesa<\/td>\n<\/tr>\n<tr>\n<td width=\"302\">Nome do modelo<\/td>\n<td>\u200eJBLFLIP6RED<\/td>\n<\/tr>\n<tr>\n<td width=\"302\">Tipo de alto-falante<\/td>\n<td>\u200eWoofer<\/td>\n<\/tr>\n<tr>\n<td width=\"302\">Caracter\u00edsticas especiais<\/td>\n<td>\u200eImperme\u00e1vel<\/td>\n<\/tr>\n<tr>\n<td width=\"302\">Adequa\u00e7\u00e3o do controle por r\u00e1dio<\/td>\n<td>\u200ePara Leitores de M\u00fasica<\/td>\n<\/tr>\n<tr>\n<td width=\"302\">Dispositivos compat\u00edveis<\/td>\n<td>\u200eTablet<\/td>\n<\/tr>\n<tr>\n<td width=\"302\">Di\u00e2metro do subwoofer<\/td>\n<td>\u200e12 Polegadas<\/td>\n<\/tr>\n<tr>\n<td width=\"302\">Cor<\/td>\n<td>Vermelho<\/td>\n<\/tr>\n<tr>\n<td width=\"302\">Dura\u00e7\u00e3o da bateria<\/td>\n<td>\u200e12 Horas<\/td>\n<\/tr>\n<tr>\n<td width=\"302\">Componentes inclu\u00eddos<\/td>\n<td>\u200e1 JBL FLIP 6 Cabo USB-C para recarga Guia r\u00e1pido Folheto de seguran\u00e7a Cart\u00e3o de garantia<\/td>\n<\/tr>\n<tr>\n<td width=\"302\">Dimens\u00f5es do produto<\/td>\n<td>\u200e7,2P x 6,8L x 17,8A cent\u00edmetros<\/td>\n<\/tr>\n<tr>\n<td width=\"302\">Peso do produto<\/td>\n<td>\u200e550 Gramas<\/td>\n<\/tr>\n<tr>\n<td width=\"302\">\u00c9 imperme\u00e1vel<\/td>\n<td>\u200etrue<\/td>\n<\/tr>\n<tr>\n<td width=\"302\">Fabricante<\/td>\n<td>\u200eHARMAN<\/td>\n<\/tr>\n<tr>\n<td width=\"302\">Modelo<\/td>\n<td>\u200eJBLFLIP6RED<\/td>\n<\/tr>\n<tr>\n<td width=\"302\">N\u00famero da pe\u00e7a<\/td>\n<td>\u200eJBLFLIP6RED<\/td>\n<\/tr>\n<tr>\n<td width=\"302\">Tipo Do Produto<\/td>\n<td>\u200eDiversos<\/td>\n<\/tr>\n<tr>\n<td width=\"302\">N\u00famero de unidades<\/td>\n<td>\u200e1<\/td>\n<\/tr>\n<tr>\n<td width=\"302\">Tamanho da tela<\/td>\n<td>\u200e7 Polegadas<\/td>\n<\/tr>\n<tr>\n<td width=\"302\">Tipo de amplifica\u00e7\u00e3o do alto-falante<\/td>\n<td>\u200eAtivo<\/td>\n<\/tr>\n<tr>\n<td width=\"302\">Pot\u00eancia de sa\u00edda em Watts<\/td>\n<td>\u200e30 Watts<\/td>\n<\/tr>\n<tr>\n<td width=\"302\">Voltagem<\/td>\n<td>\u200e30 Volts<\/td>\n<\/tr>\n<tr>\n<td width=\"302\">Pot\u00eancia em watts<\/td>\n<td>\u200e30 watts<\/td>\n<\/tr>\n<tr>\n<td width=\"302\">Tipo de fonte de energia<\/td>\n<td>\u200eFio el\u00e9trico<\/td>\n<\/tr>\n<tr>\n<td width=\"302\">Baterias inclusas<\/td>\n<td>\u200eN\u00e3o<\/td>\n<\/tr>\n<tr>\n<td width=\"302\">Funciona com baterias<\/td>\n<td>\u200eN\u00e3o<\/td>\n<\/tr>\n<tr>\n<td width=\"302\">Composi\u00e7\u00e3o da pilha ou bateria<\/td>\n<td>\u200e\u00cdon-l\u00edtio<\/td>\n<\/tr>\n<tr>\n<td width=\"302\">Propor\u00e7\u00e3o de sinal por ru\u00eddo (dB)<\/td>\n<td>\u200e80 dB<\/td>\n<\/tr>\n<tr>\n<td width=\"302\">Bateria recarreg\u00e1vel<\/td>\n<td>\u200eSim<\/td>\n<\/tr>\n<tr>\n<td width=\"302\">Cor correspondente<\/td>\n<td>\u200eVermelho<\/td>\n<\/tr>\n<tr>\n<td width=\"302\">Conex\u00f5es<\/td>\n<td>\u200eBluetooth Bluetooth<\/td>\n<\/tr>\n<tr>\n<td width=\"302\">Garantia do fabricante<\/td>\n<td>\u200e12 meses<\/td>\n<\/tr>\n<tr>\n<td width=\"302\">Peso do produto<\/td>\n<td>\u200e550 g<\/td>\n<\/tr>\n<tr>\n<td width=\"302\"><\/td>\n<td><\/td>\n<\/tr>\n<\/tbody>\n<\/table>\n","protected":false},"excerpt":{"rendered":"<p>CX SOM JBL FLIP 6 BLUETOOTH 30W VERMELHA<\/p>\n","protected":false},"featured_media":8522,"template":"","meta":{"om_disable_all_campaigns":false,"_monsterinsights_skip_tracking":false,"_monsterinsights_sitenote_active":false,"_monsterinsights_sitenote_note":"","_monsterinsights_sitenote_category":0},"product_brand":[],"product_cat":[337,296,336],"product_tag":[],"class_list":{"0":"post-8520","1":"product","2":"type-product","3":"status-publish","4":"has-post-thumbnail","6":"product_cat-caixa-de-som","7":"product_cat-informatica","8":"product_cat-som","9":"thunk-woo-product-list","10":"big-store-woo-hover-zoom","11":"open-single-product-tab-horizontal","12":"open-shadow-","13":"open-shadow-hover-","15":"first","16":"instock","17":"sale","18":"shipping-taxable","19":"purchasable","20":"product-type-simple"},"aioseo_notices":[],"_links":{"self":[{"href":"https:\/\/infomacrio.com.br\/index.php\/wp-json\/wp\/v2\/product\/8520","targetHints":{"allow":["GET"]}}],"collection":[{"href":"https:\/\/infomacrio.com.br\/index.php\/wp-json\/wp\/v2\/product"}],"about":[{"href":"https:\/\/infomacrio.com.br\/index.php\/wp-json\/wp\/v2\/types\/product"}],"wp:featuredmedia":[{"embeddable":true,"href":"https:\/\/infomacrio.com.br\/index.php\/wp-json\/wp\/v2\/media\/8522"}],"wp:attachment":[{"href":"https:\/\/infomacrio.com.br\/index.php\/wp-json\/wp\/v2\/media?parent=8520"}],"wp:term":[{"taxonomy":"product_brand","embeddable":true,"href":"https:\/\/infomacrio.com.br\/index.php\/wp-json\/wp\/v2\/product_brand?post=8520"},{"taxonomy":"product_cat","embeddable":true,"href":"https:\/\/infomacrio.com.br\/index.php\/wp-json\/wp\/v2\/product_cat?post=8520"},{"taxonomy":"product_tag","embeddable":true,"href":"https:\/\/infomacrio.com.br\/index.php\/wp-json\/wp\/v2\/product_tag?post=8520"}],"curies":[{"name":"wp","href":"https:\/\/api.w.org\/{rel}","templated":true}]}}