{"id":8499,"date":"2023-03-02T21:34:16","date_gmt":"2023-03-03T00:34:16","guid":{"rendered":"https:\/\/infomacrio.com.br\/index.php\/produto\/maquina-de-fusao-2flex-completa-6-motores\/"},"modified":"2026-04-13T13:21:21","modified_gmt":"2026-04-13T16:21:21","slug":"maquina-de-fusao-2flex-completa-6-motores","status":"publish","type":"product","link":"https:\/\/infomacrio.com.br\/index.php\/produto\/maquina-de-fusao-2flex-completa-6-motores\/","title":{"rendered":"MAQUINA DE FUSAO 2FLEX COMPLETA 6 MOTORES"},"content":{"rendered":"<p>A m\u00e1quina de fus\u00e3o de fibra \u00f3ptica 2Flex \u00e9 um dos equipamentos mais importantes para os provedores de internet.<\/p>\n<p>\u00c9 respons\u00e1vel por fazer a uni\u00e3o das fibras, sendo indispens\u00e1vel para a constru\u00e7\u00e3o e a manuten\u00e7\u00e3o das redes \u00f3pticas.<\/p>\n<p>\u2022 6 Motores para alinhamento da fibra na fus\u00e3o<\/p>\n<p>\u2022 8 segundos para fus\u00e3o da fibra<\/p>\n<p>\u2022 18 segundos para aquecimento do tubete<\/p>\n<p>Diversas fun\u00e7\u00f5es em um \u00fanico aparelho:<\/p>\n<p>1 \u2013 Fus\u00e3o da Fibra<br \/>\n2 \u2013 Aquecimento do Tubete<br \/>\n3 \u2013 Fun\u00e7\u00e3o VFL<br \/>\n4 \u2013 Power Meter Embutido<\/p>\n<p>. Dimens\u00e3o: 146 x 117 x 190mm;<br \/>\n. Peso: 1,78kg com bateria;<br \/>\n. Fibras Aplic\u00e1veis: SMF (G.652), MMF (G.651), DSF (G.653), NZDSF (G.655);<br \/>\n. Di\u00e2metro da Fibra: Revestimento: 80-150\u03bcm; Revestimento: 0,1-3m;<br \/>\n. Perda de Emendas: 0,02dB(SMF), 0,01dB(MMF), 0,04dB(DSF\/NZDSF) s\u00e3o medidos pelo m\u00e9todo de cisalhamento ITU-I;<br \/>\n. M\u00e9todo de Alinhamento | Modo Foco: N 0 \u00facleo | 6 Motores para foco autom\u00e1tico;<br \/>\n. Teste de Tra\u00e7\u00e3o: 1.96-2.25N;<br \/>\n. Amplia\u00e7\u00e3o: 300 (X\/Y), 150 (X\/Y sincroniza\u00e7\u00e3o);<br \/>\n. Registro de Soldura: 100 grupos;<br \/>\n. Wireless: 2G \/ 4G;<br \/>\n. OPM Local \u2013 Alcance (dBm): -70- 3\/ Comprimento de onda: 850-1625nm \/ incerteza: 0,5%.<\/p>\n<p>&nbsp;<\/p>\n<p>&nbsp;<\/p>\n","protected":false},"excerpt":{"rendered":"<p>MAQUINA DE FUSAO 2FLEX COMPLETA 6 MOTORES<\/p>\n","protected":false},"featured_media":8500,"template":"","meta":{"om_disable_all_campaigns":false,"_monsterinsights_skip_tracking":false,"_monsterinsights_sitenote_active":false,"_monsterinsights_sitenote_note":"","_monsterinsights_sitenote_category":0},"product_brand":[],"product_cat":[313,408,348],"product_tag":[],"class_list":{"0":"post-8499","1":"product","2":"type-product","3":"status-publish","4":"has-post-thumbnail","6":"product_cat-ferramentas","7":"product_cat-para-diversos","8":"product_cat-para-fibra-optica","9":"thunk-woo-product-list","10":"big-store-woo-hover-zoom","11":"open-single-product-tab-horizontal","12":"open-shadow-","13":"open-shadow-hover-","15":"first","16":"instock","17":"sale","18":"shipping-taxable","19":"purchasable","20":"product-type-simple"},"aioseo_notices":[],"_links":{"self":[{"href":"https:\/\/infomacrio.com.br\/index.php\/wp-json\/wp\/v2\/product\/8499","targetHints":{"allow":["GET"]}}],"collection":[{"href":"https:\/\/infomacrio.com.br\/index.php\/wp-json\/wp\/v2\/product"}],"about":[{"href":"https:\/\/infomacrio.com.br\/index.php\/wp-json\/wp\/v2\/types\/product"}],"wp:featuredmedia":[{"embeddable":true,"href":"https:\/\/infomacrio.com.br\/index.php\/wp-json\/wp\/v2\/media\/8500"}],"wp:attachment":[{"href":"https:\/\/infomacrio.com.br\/index.php\/wp-json\/wp\/v2\/media?parent=8499"}],"wp:term":[{"taxonomy":"product_brand","embeddable":true,"href":"https:\/\/infomacrio.com.br\/index.php\/wp-json\/wp\/v2\/product_brand?post=8499"},{"taxonomy":"product_cat","embeddable":true,"href":"https:\/\/infomacrio.com.br\/index.php\/wp-json\/wp\/v2\/product_cat?post=8499"},{"taxonomy":"product_tag","embeddable":true,"href":"https:\/\/infomacrio.com.br\/index.php\/wp-json\/wp\/v2\/product_tag?post=8499"}],"curies":[{"name":"wp","href":"https:\/\/api.w.org\/{rel}","templated":true}]}}